{"id":3305,"date":"2023-01-19T12:11:02","date_gmt":"2023-01-19T11:11:02","guid":{"rendered":"https:\/\/wysokiemazowieckie.pl\/zakres-konsultacji\/"},"modified":"2023-01-19T12:11:02","modified_gmt":"2023-01-19T11:11:02","slug":"zakres-konsultacji","status":"publish","type":"page","link":"https:\/\/wysokiemazowieckie.pl\/en\/zakres-konsultacji\/","title":{"rendered":"Zakres konsultacji"},"content":{"rendered":"\n<p>Konsultowany obszar po\u0142o\u017cony jest we wschodniej cz\u0119\u015bci miasta Wysokie Mazowieckie w rejonie dr\u00f3g powiatowych: ul. Ludowej i ul. Bia\u0142ostockiej. Obszar obj\u0119ty opracowaniem stanowi\u0105 tereny zabudowy us\u0142ugowej. Od strony po\u0142udniowej s\u0105siaduje z terenami us\u0142ugowymi i zabudow\u0105 mieszkaniow\u0105 jednorodzinn\u0105, od strony p\u00f3\u0142nocnej z terenami przemys\u0142owo \u2013 us\u0142ugowymi, od strony zachodniej i wschodniej z zabudow\u0105 mieszkaniow\u0105 jednorodzinn\u0105.<\/p>\n\n\n\n<figure class=\"wp-block-image aligncenter size-large\"><img loading=\"lazy\" decoding=\"async\" width=\"725\" height=\"1024\" src=\"https:\/\/wysokiemazowieckie.pl\/wp-content\/uploads\/2023\/01\/Mapa1-725x1024.jpg\" alt=\"\" class=\"wp-image-2849\" srcset=\"https:\/\/wysokiemazowieckie.pl\/wp-content\/uploads\/2023\/01\/Mapa1-725x1024.jpg 725w, https:\/\/wysokiemazowieckie.pl\/wp-content\/uploads\/2023\/01\/Mapa1-213x300.jpg 213w, https:\/\/wysokiemazowieckie.pl\/wp-content\/uploads\/2023\/01\/Mapa1-768x1084.jpg 768w, https:\/\/wysokiemazowieckie.pl\/wp-content\/uploads\/2023\/01\/Mapa1-1088x1536.jpg 1088w, https:\/\/wysokiemazowieckie.pl\/wp-content\/uploads\/2023\/01\/Mapa1.jpg 1200w\" sizes=\"auto, (max-width: 725px) 100vw, 725px\" \/><\/figure>\n<p>Views: 4<\/p>","protected":false},"excerpt":{"rendered":"<p>Konsultowany obszar po\u0142o\u017cony jest we wschodniej cz\u0119\u015bci miasta Wysokie Mazowieckie w rejonie dr\u00f3g powiatowych: ul. Ludowej i ul. Bia\u0142ostockiej. Obszar obj\u0119ty opracowaniem stanowi\u0105 tereny zabudowy us\u0142ugowej. Od strony po\u0142udniowej s\u0105siaduje [&hellip;]<\/p>\n","protected":false},"author":8,"featured_media":0,"parent":0,"menu_order":0,"comment_status":"closed","ping_status":"closed","template":"","meta":{"site-sidebar-layout":"default","site-content-layout":"","ast-site-content-layout":"default","site-content-style":"default","site-sidebar-style":"default","ast-global-header-display":"","ast-banner-title-visibility":"","ast-main-header-display":"","ast-hfb-above-header-display":"","ast-hfb-below-header-display":"","ast-hfb-mobile-header-display":"","site-post-title":"","ast-breadcrumbs-content":"","ast-featured-img":"","footer-sml-layout":"","theme-transparent-header-meta":"","adv-header-id-meta":"","stick-header-meta":"","header-above-stick-meta":"","header-main-stick-meta":"","header-below-stick-meta":"","astra-migrate-meta-layouts":"default","ast-page-background-enabled":"default","ast-page-background-meta":{"desktop":{"background-color":"var(--ast-global-color-4)","background-image":"","background-repeat":"repeat","background-position":"center center","background-size":"auto","background-attachment":"scroll","background-type":"","background-media":"","overlay-type":"","overlay-color":"","overlay-opacity":"","overlay-gradient":""},"tablet":{"background-color":"","background-image":"","background-repeat":"repeat","background-position":"center center","background-size":"auto","background-attachment":"scroll","background-type":"","background-media":"","overlay-type":"","overlay-color":"","overlay-opacity":"","overlay-gradient":""},"mobile":{"background-color":"","background-image":"","background-repeat":"repeat","background-position":"center center","background-size":"auto","background-attachment":"scroll","background-type":"","background-media":"","overlay-type":"","overlay-color":"","overlay-opacity":"","overlay-gradient":""}},"ast-content-background-meta":{"desktop":{"background-color":"var(--ast-global-color-5)","background-image":"","background-repeat":"repeat","background-position":"center center","background-size":"auto","background-attachment":"scroll","background-type":"","background-media":"","overlay-type":"","overlay-color":"","overlay-opacity":"","overlay-gradient":""},"tablet":{"background-color":"var(--ast-global-color-5)","background-image":"","background-repeat":"repeat","background-position":"center center","background-size":"auto","background-attachment":"scroll","background-type":"","background-media":"","overlay-type":"","overlay-color":"","overlay-opacity":"","overlay-gradient":""},"mobile":{"background-color":"var(--ast-global-color-5)","background-image":"","background-repeat":"repeat","background-position":"center center","background-size":"auto","background-attachment":"scroll","background-type":"","background-media":"","overlay-type":"","overlay-color":"","overlay-opacity":"","overlay-gradient":""}},"footnotes":""},"class_list":["post-3305","page","type-page","status-publish","hentry"],"yoast_head":"<!-- This site is optimized with the Yoast SEO plugin v27.4 - https:\/\/yoast.com\/product\/yoast-seo-wordpress\/ -->\n<title>Zakres konsultacji - Wysokie Mazowieckie<\/title>\n<meta name=\"robots\" content=\"index, follow, max-snippet:-1, max-image-preview:large, max-video-preview:-1\" \/>\n<link rel=\"canonical\" href=\"https:\/\/wysokiemazowieckie.pl\/en\/zakres-konsultacji\/\" \/>\n<meta property=\"og:locale\" content=\"en_US\" \/>\n<meta property=\"og:type\" content=\"article\" \/>\n<meta property=\"og:title\" content=\"Zakres konsultacji - Wysokie Mazowieckie\" \/>\n<meta property=\"og:description\" content=\"Konsultowany obszar po\u0142o\u017cony jest we wschodniej cz\u0119\u015bci miasta Wysokie Mazowieckie w rejonie dr\u00f3g powiatowych: ul. Ludowej i ul. Bia\u0142ostockiej. Obszar obj\u0119ty opracowaniem stanowi\u0105 tereny zabudowy us\u0142ugowej. Od strony po\u0142udniowej s\u0105siaduje [&hellip;]\" \/>\n<meta property=\"og:url\" content=\"https:\/\/wysokiemazowieckie.pl\/en\/zakres-konsultacji\/\" \/>\n<meta property=\"og:site_name\" content=\"Wysokie Mazowieckie\" \/>\n<meta property=\"og:image\" content=\"https:\/\/wysokiemazowieckie.pl\/wp-content\/uploads\/2023\/01\/Mapa1-725x1024.jpg\" \/>\n<meta name=\"twitter:card\" content=\"summary_large_image\" \/>\n<meta name=\"twitter:label1\" content=\"Est. reading time\" \/>\n\t<meta name=\"twitter:data1\" content=\"1 minute\" \/>\n<script type=\"application\/ld+json\" class=\"yoast-schema-graph\">{\"@context\":\"https:\\\/\\\/schema.org\",\"@graph\":[{\"@type\":\"WebPage\",\"@id\":\"https:\\\/\\\/wysokiemazowieckie.pl\\\/en\\\/zakres-konsultacji\\\/\",\"url\":\"https:\\\/\\\/wysokiemazowieckie.pl\\\/en\\\/zakres-konsultacji\\\/\",\"name\":\"Zakres konsultacji - Wysokie Mazowieckie\",\"isPartOf\":{\"@id\":\"https:\\\/\\\/wysokiemazowieckie.pl\\\/#website\"},\"primaryImageOfPage\":{\"@id\":\"https:\\\/\\\/wysokiemazowieckie.pl\\\/en\\\/zakres-konsultacji\\\/#primaryimage\"},\"image\":{\"@id\":\"https:\\\/\\\/wysokiemazowieckie.pl\\\/en\\\/zakres-konsultacji\\\/#primaryimage\"},\"thumbnailUrl\":\"https:\\\/\\\/wysokiemazowieckie.pl\\\/wp-content\\\/uploads\\\/2023\\\/01\\\/Mapa1-725x1024.jpg\",\"datePublished\":\"2023-01-19T11:11:02+00:00\",\"breadcrumb\":{\"@id\":\"https:\\\/\\\/wysokiemazowieckie.pl\\\/en\\\/zakres-konsultacji\\\/#breadcrumb\"},\"inLanguage\":\"en-US\",\"potentialAction\":[{\"@type\":\"ReadAction\",\"target\":[\"https:\\\/\\\/wysokiemazowieckie.pl\\\/en\\\/zakres-konsultacji\\\/\"]}]},{\"@type\":\"ImageObject\",\"inLanguage\":\"en-US\",\"@id\":\"https:\\\/\\\/wysokiemazowieckie.pl\\\/en\\\/zakres-konsultacji\\\/#primaryimage\",\"url\":\"https:\\\/\\\/wysokiemazowieckie.pl\\\/wp-content\\\/uploads\\\/2023\\\/01\\\/Mapa1-725x1024.jpg\",\"contentUrl\":\"https:\\\/\\\/wysokiemazowieckie.pl\\\/wp-content\\\/uploads\\\/2023\\\/01\\\/Mapa1-725x1024.jpg\"},{\"@type\":\"BreadcrumbList\",\"@id\":\"https:\\\/\\\/wysokiemazowieckie.pl\\\/en\\\/zakres-konsultacji\\\/#breadcrumb\",\"itemListElement\":[{\"@type\":\"ListItem\",\"position\":1,\"name\":\"Home\",\"item\":\"https:\\\/\\\/wysokiemazowieckie.pl\\\/en\\\/strona-glowna\\\/\"},{\"@type\":\"ListItem\",\"position\":2,\"name\":\"Zakres konsultacji\"}]},{\"@type\":\"WebSite\",\"@id\":\"https:\\\/\\\/wysokiemazowieckie.pl\\\/#website\",\"url\":\"https:\\\/\\\/wysokiemazowieckie.pl\\\/\",\"name\":\"Wysokie Mazowieckie\",\"description\":\"City hall\",\"publisher\":{\"@id\":\"https:\\\/\\\/wysokiemazowieckie.pl\\\/#organization\"},\"potentialAction\":[{\"@type\":\"SearchAction\",\"target\":{\"@type\":\"EntryPoint\",\"urlTemplate\":\"https:\\\/\\\/wysokiemazowieckie.pl\\\/?s={search_term_string}\"},\"query-input\":{\"@type\":\"PropertyValueSpecification\",\"valueRequired\":true,\"valueName\":\"search_term_string\"}}],\"inLanguage\":\"en-US\"},{\"@type\":\"Organization\",\"@id\":\"https:\\\/\\\/wysokiemazowieckie.pl\\\/#organization\",\"name\":\"Wysokie Mazowieckie\",\"url\":\"https:\\\/\\\/wysokiemazowieckie.pl\\\/\",\"logo\":{\"@type\":\"ImageObject\",\"inLanguage\":\"en-US\",\"@id\":\"https:\\\/\\\/wysokiemazowieckie.pl\\\/#\\\/schema\\\/logo\\\/image\\\/\",\"url\":\"https:\\\/\\\/wysokiemazowieckie.pl\\\/wp-content\\\/uploads\\\/2022\\\/11\\\/herbWysokieMaz600.png\",\"contentUrl\":\"https:\\\/\\\/wysokiemazowieckie.pl\\\/wp-content\\\/uploads\\\/2022\\\/11\\\/herbWysokieMaz600.png\",\"width\":496,\"height\":600,\"caption\":\"Wysokie Mazowieckie\"},\"image\":{\"@id\":\"https:\\\/\\\/wysokiemazowieckie.pl\\\/#\\\/schema\\\/logo\\\/image\\\/\"}}]}<\/script>\n<!-- \/ Yoast SEO plugin. -->","yoast_head_json":{"title":"Zakres konsultacji - Wysokie Mazowieckie","robots":{"index":"index","follow":"follow","max-snippet":"max-snippet:-1","max-image-preview":"max-image-preview:large","max-video-preview":"max-video-preview:-1"},"canonical":"https:\/\/wysokiemazowieckie.pl\/en\/zakres-konsultacji\/","og_locale":"en_US","og_type":"article","og_title":"Zakres konsultacji - Wysokie Mazowieckie","og_description":"Konsultowany obszar po\u0142o\u017cony jest we wschodniej cz\u0119\u015bci miasta Wysokie Mazowieckie w rejonie dr\u00f3g powiatowych: ul. Ludowej i ul. Bia\u0142ostockiej. Obszar obj\u0119ty opracowaniem stanowi\u0105 tereny zabudowy us\u0142ugowej. Od strony po\u0142udniowej s\u0105siaduje [&hellip;]","og_url":"https:\/\/wysokiemazowieckie.pl\/en\/zakres-konsultacji\/","og_site_name":"Wysokie Mazowieckie","og_image":[{"url":"https:\/\/wysokiemazowieckie.pl\/wp-content\/uploads\/2023\/01\/Mapa1-725x1024.jpg","type":"","width":"","height":""}],"twitter_card":"summary_large_image","twitter_misc":{"Est. reading time":"1 minute"},"schema":{"@context":"https:\/\/schema.org","@graph":[{"@type":"WebPage","@id":"https:\/\/wysokiemazowieckie.pl\/en\/zakres-konsultacji\/","url":"https:\/\/wysokiemazowieckie.pl\/en\/zakres-konsultacji\/","name":"Zakres konsultacji - Wysokie Mazowieckie","isPartOf":{"@id":"https:\/\/wysokiemazowieckie.pl\/#website"},"primaryImageOfPage":{"@id":"https:\/\/wysokiemazowieckie.pl\/en\/zakres-konsultacji\/#primaryimage"},"image":{"@id":"https:\/\/wysokiemazowieckie.pl\/en\/zakres-konsultacji\/#primaryimage"},"thumbnailUrl":"https:\/\/wysokiemazowieckie.pl\/wp-content\/uploads\/2023\/01\/Mapa1-725x1024.jpg","datePublished":"2023-01-19T11:11:02+00:00","breadcrumb":{"@id":"https:\/\/wysokiemazowieckie.pl\/en\/zakres-konsultacji\/#breadcrumb"},"inLanguage":"en-US","potentialAction":[{"@type":"ReadAction","target":["https:\/\/wysokiemazowieckie.pl\/en\/zakres-konsultacji\/"]}]},{"@type":"ImageObject","inLanguage":"en-US","@id":"https:\/\/wysokiemazowieckie.pl\/en\/zakres-konsultacji\/#primaryimage","url":"https:\/\/wysokiemazowieckie.pl\/wp-content\/uploads\/2023\/01\/Mapa1-725x1024.jpg","contentUrl":"https:\/\/wysokiemazowieckie.pl\/wp-content\/uploads\/2023\/01\/Mapa1-725x1024.jpg"},{"@type":"BreadcrumbList","@id":"https:\/\/wysokiemazowieckie.pl\/en\/zakres-konsultacji\/#breadcrumb","itemListElement":[{"@type":"ListItem","position":1,"name":"Home","item":"https:\/\/wysokiemazowieckie.pl\/en\/strona-glowna\/"},{"@type":"ListItem","position":2,"name":"Zakres konsultacji"}]},{"@type":"WebSite","@id":"https:\/\/wysokiemazowieckie.pl\/#website","url":"https:\/\/wysokiemazowieckie.pl\/","name":"Wysokie Mazowieckie","description":"City hall","publisher":{"@id":"https:\/\/wysokiemazowieckie.pl\/#organization"},"potentialAction":[{"@type":"SearchAction","target":{"@type":"EntryPoint","urlTemplate":"https:\/\/wysokiemazowieckie.pl\/?s={search_term_string}"},"query-input":{"@type":"PropertyValueSpecification","valueRequired":true,"valueName":"search_term_string"}}],"inLanguage":"en-US"},{"@type":"Organization","@id":"https:\/\/wysokiemazowieckie.pl\/#organization","name":"Wysokie Mazowieckie","url":"https:\/\/wysokiemazowieckie.pl\/","logo":{"@type":"ImageObject","inLanguage":"en-US","@id":"https:\/\/wysokiemazowieckie.pl\/#\/schema\/logo\/image\/","url":"https:\/\/wysokiemazowieckie.pl\/wp-content\/uploads\/2022\/11\/herbWysokieMaz600.png","contentUrl":"https:\/\/wysokiemazowieckie.pl\/wp-content\/uploads\/2022\/11\/herbWysokieMaz600.png","width":496,"height":600,"caption":"Wysokie Mazowieckie"},"image":{"@id":"https:\/\/wysokiemazowieckie.pl\/#\/schema\/logo\/image\/"}}]}},"_links":{"self":[{"href":"https:\/\/wysokiemazowieckie.pl\/en\/wp-json\/wp\/v2\/pages\/3305","targetHints":{"allow":["GET"]}}],"collection":[{"href":"https:\/\/wysokiemazowieckie.pl\/en\/wp-json\/wp\/v2\/pages"}],"about":[{"href":"https:\/\/wysokiemazowieckie.pl\/en\/wp-json\/wp\/v2\/types\/page"}],"author":[{"embeddable":true,"href":"https:\/\/wysokiemazowieckie.pl\/en\/wp-json\/wp\/v2\/users\/8"}],"replies":[{"embeddable":true,"href":"https:\/\/wysokiemazowieckie.pl\/en\/wp-json\/wp\/v2\/comments?post=3305"}],"version-history":[{"count":0,"href":"https:\/\/wysokiemazowieckie.pl\/en\/wp-json\/wp\/v2\/pages\/3305\/revisions"}],"wp:attachment":[{"href":"https:\/\/wysokiemazowieckie.pl\/en\/wp-json\/wp\/v2\/media?parent=3305"}],"curies":[{"name":"wp","href":"https:\/\/api.w.org\/{rel}","templated":true}]}}