{"id":3302,"date":"2023-01-16T16:37:46","date_gmt":"2023-01-16T15:37:46","guid":{"rendered":"https:\/\/wysokiemazowieckie.pl\/struktura-urzedu\/"},"modified":"2024-06-25T10:17:55","modified_gmt":"2024-06-25T08:17:55","slug":"struktura-urzedu","status":"publish","type":"page","link":"https:\/\/wysokiemazowieckie.pl\/en\/struktura-urzedu\/","title":{"rendered":"Struktura urz\u0119du"},"content":{"rendered":"\n<h3 class=\"wp-block-heading\"><strong>Burmistrz Miasta &#8211; Jaros\u0142aw Siekierko<\/strong><\/h3>\n\n\n\n<hr class=\"wp-block-separator has-text-color has-alpha-channel-opacity has-background is-style-wide\" style=\"background-color:#ebebeb;color:#ebebeb\"\/>\n\n\n\n<p>Kieruje prac\u0105 Urz\u0119du Miasta Wysokie Mazowieckie i nadzoruje jednostki organizacyjne miasta.<br>adres:<br>18-200 Wysokie Mazowieckie, ul. Ludowa 15, tel. 86 2757500<br>e-mail:\u00a0<a href=\"mailto:burmistrz@wysokiemazowieckie.pl\">burmistrz@wysokiemazowieckie.pl<\/a><\/p>\n\n\n\n<hr class=\"wp-block-separator has-text-color has-alpha-channel-opacity has-background is-style-wide\" style=\"background-color:#ebebeb;color:#ebebeb\"\/>\n\n\n\n<h3 class=\"wp-block-heading\"><strong>1. Referat Organizacyjny<\/strong><\/h3>\n\n\n\n<p><strong>\u2013 Sekretarz Miasta \u2013 Ewa Konarzewska &#8211;&nbsp;pe\u0142ni funkcj\u0119 Zast\u0119pcy Burmistrza Miasta Wysokie Mazowieckie.<\/strong><\/p>\n\n\n\n<p>Do zakresu dzia\u0142ania referatu nale\u017c\u0105 sprawy: funkcjonowania Urz\u0119du, obs\u0142ugi Rady Miasta, ewidencji gospodarczej, o\u015bwiaty, promocji miasta, obrony cywilnej i wojska.<\/p>\n\n\n\n<p>adres: 18-200 Wysokie Mazowieckie, ul. Ludowa 15,<br>e-mail:&nbsp;<a href=\"mailto:zacaburmistrza@wysokiemazowieckie.pl\">zcaburmistrza@wysokiemazowieckie.pl<\/a><\/p>\n\n\n\n<figure class=\"wp-block-table aligncenter\"><table><thead><tr><th class=\"has-text-align-left\" data-align=\"left\">Email<\/th><th class=\"has-text-align-left\" data-align=\"left\">Telefon<\/th><\/tr><\/thead><tbody><tr><td class=\"has-text-align-left\" data-align=\"left\"><a href=\"mailto:przewodniczacy@wysokiemazowieckie.pl\">przewodniczacy@wysokiemazowieckie.pl<\/a><\/td><td class=\"has-text-align-left\" data-align=\"left\">862757500<\/td><\/tr><tr><td class=\"has-text-align-left\" data-align=\"left\"><a href=\"mailto:sekretarz@wysokiemazowieckie.pl\">sekretarz@wysokiemazowieckie.pl<\/a><\/td><td class=\"has-text-align-left\" data-align=\"left\">862757500<\/td><\/tr><tr><td class=\"has-text-align-left\" data-align=\"left\"><a href=\"mailto:sekretariat@wysokiemazowieckie.pl\">sekretariat@wysokiemazowieckie.pl<\/a><\/td><td class=\"has-text-align-left\" data-align=\"left\">862757500, 862757510<\/td><\/tr><tr><td class=\"has-text-align-left\" data-align=\"left\"><a href=\"mailto:biurorady@wysokiemazowieckie.pl\">biurorady@wysokiemazowieckie.pl<\/a>&nbsp;<\/td><td class=\"has-text-align-left\" data-align=\"left\">862757518<\/td><\/tr><tr><td class=\"has-text-align-left\" data-align=\"left\"><a href=\"mailto:kadry@wysokiemazowieckie.pl\">kadry@wysokiemazowieckie.pl<\/a>&nbsp;<\/td><td class=\"has-text-align-left\" data-align=\"left\">862757520<\/td><\/tr><tr><td class=\"has-text-align-left\" data-align=\"left\"><a href=\"mailto:info@wysokiemazowieckie.pl\">info@wysokiemazowieckie.pl<\/a>&nbsp;<\/td><td class=\"has-text-align-left\" data-align=\"left\">862757518<\/td><\/tr><tr><td class=\"has-text-align-left\" data-align=\"left\"><a href=\"mailto:oswiata@wysokiemazowieckie.pl\">oswiata@wysokiemazowieckie.pl<\/a><\/td><td class=\"has-text-align-left\" data-align=\"left\">862757545<\/td><\/tr><tr><td class=\"has-text-align-left\" data-align=\"left\"><a href=\"mailto:dzialalnosc@wysokiemazowieckie.pl\">dzialalnosc@wysokiemazowieckie.pl<\/a>&nbsp;<\/td><td class=\"has-text-align-left\" data-align=\"left\">862757545<\/td><\/tr><\/tbody><\/table><\/figure>\n\n\n\n<hr class=\"wp-block-separator has-text-color has-alpha-channel-opacity has-background is-style-wide\" style=\"background-color:#ebebeb;color:#ebebeb\"\/>\n\n\n\n<h3 class=\"wp-block-heading\"><strong>2. Referat Finansowy<\/strong><\/h3>\n\n\n\n<p><strong>\u2013 Skarbnik Miasta \u2013 Renata Kami\u0144ska<\/strong><\/p>\n\n\n\n<p>Do zakresu dzia\u0142ania referatu nale\u017c\u0105 sprawy :planowania i realizacji bud\u017cetu, prowadzenia ksi\u0119gowo\u015bci finansowej oraz podatk\u00f3w i op\u0142at.<\/p>\n\n\n\n<p>adres: 18-200 Wysokie Mazowieckie, ul. Ludowa 15,<\/p>\n\n\n\n<figure class=\"wp-block-table aligncenter\"><table><thead><tr><th class=\"has-text-align-left\" data-align=\"left\">Email<\/th><th class=\"has-text-align-left\" data-align=\"left\">Telefon<\/th><\/tr><\/thead><tbody><tr><td class=\"has-text-align-left\" data-align=\"left\"><a href=\"mailto:skarbnik@wysokiemazowieckie.pl\">skarbnik@wysokiemazowieckie.pl<\/a>&nbsp;<\/td><td class=\"has-text-align-left\" data-align=\"left\">862757530<\/td><\/tr><tr><td class=\"has-text-align-left\" data-align=\"left\"><a href=\"mailto:place@wysokiemazowieckie.pl\">place@wysokiemazowieckie.pl<\/a><\/td><td class=\"has-text-align-left\" data-align=\"left\">862757519<\/td><\/tr><tr><td class=\"has-text-align-left\" data-align=\"left\"><a href=\"mailto:podatki@wysokiemazowieckie.pl\">podatki@wysokiemazowieckie.pl<\/a>&nbsp;<\/td><td class=\"has-text-align-left\" data-align=\"left\">862757512<\/td><\/tr><tr><td class=\"has-text-align-left\" data-align=\"left\"><a href=\"mailto:wymiar@wysokiemazowieckie.pl\">wymiar@wysokiemazowieckie.pl<\/a><\/td><td class=\"has-text-align-left\" data-align=\"left\">862757513<\/td><\/tr><\/tbody><\/table><\/figure>\n\n\n\n<hr class=\"wp-block-separator has-text-color has-alpha-channel-opacity has-background is-style-wide\" style=\"background-color:#ebebeb;color:#ebebeb\"\/>\n\n\n\n<h3 class=\"wp-block-heading\"><strong>3. Referat Mienia Komunalnego, Inwestycji i Remont\u00f3w<br>oraz Rolnictwa<\/strong><\/h3>\n\n\n\n<p><strong>&#8211; Kierownik \u2013 Anna Niemyjska<\/strong><\/p>\n\n\n\n<p>Do zakresu dzia\u0142ania referatu nale\u017c\u0105 sprawy: infrastruktury komunalnej, czysto\u015bci<br>miasta, ochrony \u015brodowiska, rolnictwa, planowania przestrzennego, gospodarki<br>gruntami, organizacja przetarg\u00f3w.<\/p>\n\n\n\n<p>adres: 18-200 Wysokie Mazowieckie, ul. Ludowa 15,<\/p>\n\n\n\n<figure class=\"wp-block-table aligncenter\"><table><thead><tr><th class=\"has-text-align-left\" data-align=\"left\">Email<\/th><th class=\"has-text-align-left\" data-align=\"left\">Telefon<\/th><\/tr><\/thead><tbody><tr><td class=\"has-text-align-left\" data-align=\"left\"><a href=\"mailto:budownictwo@wysokiemazowieckie.pl\">budownictwo@wysokiemazowieckie.pl<\/a>&nbsp;<\/td><td class=\"has-text-align-left\" data-align=\"left\">862757541<\/td><\/tr><tr><td class=\"has-text-align-left\" data-align=\"left\"><a href=\"mailto:przetargi@wysokiemazowieckie.pl\">przetargi@wysokiemazowieckie.pl<\/a>&nbsp;<\/td><td class=\"has-text-align-left\" data-align=\"left\">862757541<\/td><\/tr><tr><td class=\"has-text-align-left\" data-align=\"left\"><a href=\"mailto:inwestycje@wysokiemazowieckie.pl\">inwestycje@wysokiemazowieckie.pl<\/a>&nbsp;&nbsp;<\/td><td class=\"has-text-align-left\" data-align=\"left\">862757525<\/td><\/tr><tr><td class=\"has-text-align-left\" data-align=\"left\"><a href=\"mailto:remonty@wysokiemazowieckie.pl\">remonty@wysokiemazowieckie.pl<\/a><\/td><td class=\"has-text-align-left\" data-align=\"left\">862757517<\/td><\/tr><\/tbody><\/table><\/figure>\n\n\n\n<hr class=\"wp-block-separator has-text-color has-alpha-channel-opacity has-background is-style-wide\" style=\"background-color:#ebebeb;color:#ebebeb\"\/>\n\n\n\n<h3 class=\"wp-block-heading\"><strong>4. Urz\u0105d Stanu Cywilnego<\/strong><\/h3>\n\n\n\n<p><strong>\u2013 Kierownik \u2013 Jaros\u0142aw Kami\u0144ski<\/strong><\/p>\n\n\n\n<p>Do zakresu dzia\u0142ania referatu nale\u017c\u0105 sprawy: stanu cywilnego i wydawania dowod\u00f3w osobistych.<\/p>\n\n\n\n<p>adres: 18-200 Wysokie Mazowieckie, ul. Ludowa 15,<\/p>\n\n\n\n<figure class=\"wp-block-table aligncenter\"><table><thead><tr><th class=\"has-text-align-left\" data-align=\"left\">Email<\/th><th class=\"has-text-align-left\" data-align=\"left\">Telefon<\/th><\/tr><\/thead><tbody><tr><td class=\"has-text-align-left\" data-align=\"left\"><a href=\"mailto:usc@wysokiemazowieckie.pl\">usc@wysokiemazowieckie.pl<\/a><\/td><td class=\"has-text-align-left\" data-align=\"left\">862757526<\/td><\/tr><\/tbody><\/table><\/figure>\n\n\n\n<hr class=\"wp-block-separator has-text-color has-alpha-channel-opacity has-background is-style-wide\" style=\"background-color:#ebebeb;color:#ebebeb\"\/>\n\n\n\n<p><\/p>\n\n\n\n<hr class=\"wp-block-separator has-text-color has-alpha-channel-opacity has-background is-style-wide\" style=\"background-color:#ebebeb;color:#ebebeb\"\/>\n\n\n\n<p class=\"has-text-align-center\"><strong>Kierownicy referat\u00f3w i pracownicy w sprawie skarg i wniosk\u00f3w<br>przyjmuj\u0105 interesant\u00f3w codziennie w godzinach pracy urz\u0119du:<\/strong><\/p>\n\n\n\n<p class=\"has-text-align-center\"><strong>poniedzia\u0142ek-pi\u0105tek 7.30 \u2013 15-30<\/strong><\/p>\n\n\n\n<p class=\"has-text-align-center\">W zwi\u0105zku ze zmian\u0105 z dniem 01.01.2007 przepis\u00f3w dotycz\u0105cych op\u0142aty skarbowej, op\u0142at\u0119 nale\u017cy dokona\u0107 na konto urz\u0119du:<\/p>\n\n\n\n<p class=\"has-text-align-center\"><strong>27 1020 1332 0000 1102 0037 5535<\/strong><\/p>\n<p>Views: 28<\/p>","protected":false},"excerpt":{"rendered":"<p>Burmistrz Miasta &#8211; Jaros\u0142aw Siekierko Kieruje prac\u0105 Urz\u0119du Miasta Wysokie Mazowieckie i nadzoruje jednostki organizacyjne miasta.adres:18-200 Wysokie Mazowieckie, ul. Ludowa 15, tel. 86 2757500e-mail:\u00a0burmistrz@wysokiemazowieckie.pl 1. Referat Organizacyjny \u2013 Sekretarz Miasta [&hellip;]<\/p>\n","protected":false},"author":8,"featured_media":0,"parent":0,"menu_order":0,"comment_status":"closed","ping_status":"closed","template":"","meta":{"site-sidebar-layout":"default","site-content-layout":"","ast-site-content-layout":"default","site-content-style":"default","site-sidebar-style":"default","ast-global-header-display":"","ast-banner-title-visibility":"","ast-main-header-display":"","ast-hfb-above-header-display":"","ast-hfb-below-header-display":"","ast-hfb-mobile-header-display":"","site-post-title":"","ast-breadcrumbs-content":"","ast-featured-img":"","footer-sml-layout":"","theme-transparent-header-meta":"","adv-header-id-meta":"","stick-header-meta":"","header-above-stick-meta":"","header-main-stick-meta":"","header-below-stick-meta":"","astra-migrate-meta-layouts":"default","ast-page-background-enabled":"default","ast-page-background-meta":{"desktop":{"background-color":"var(--ast-global-color-4)","background-image":"","background-repeat":"repeat","background-position":"center center","background-size":"auto","background-attachment":"scroll","background-type":"","background-media":"","overlay-type":"","overlay-color":"","overlay-opacity":"","overlay-gradient":""},"tablet":{"background-color":"","background-image":"","background-repeat":"repeat","background-position":"center center","background-size":"auto","background-attachment":"scroll","background-type":"","background-media":"","overlay-type":"","overlay-color":"","overlay-opacity":"","overlay-gradient":""},"mobile":{"background-color":"","background-image":"","background-repeat":"repeat","background-position":"center center","background-size":"auto","background-attachment":"scroll","background-type":"","background-media":"","overlay-type":"","overlay-color":"","overlay-opacity":"","overlay-gradient":""}},"ast-content-background-meta":{"desktop":{"background-color":"var(--ast-global-color-5)","background-image":"","background-repeat":"repeat","background-position":"center center","background-size":"auto","background-attachment":"scroll","background-type":"","background-media":"","overlay-type":"","overlay-color":"","overlay-opacity":"","overlay-gradient":""},"tablet":{"background-color":"var(--ast-global-color-5)","background-image":"","background-repeat":"repeat","background-position":"center center","background-size":"auto","background-attachment":"scroll","background-type":"","background-media":"","overlay-type":"","overlay-color":"","overlay-opacity":"","overlay-gradient":""},"mobile":{"background-color":"var(--ast-global-color-5)","background-image":"","background-repeat":"repeat","background-position":"center center","background-size":"auto","background-attachment":"scroll","background-type":"","background-media":"","overlay-type":"","overlay-color":"","overlay-opacity":"","overlay-gradient":""}},"footnotes":""},"class_list":["post-3302","page","type-page","status-publish","hentry"],"yoast_head":"<!-- This site is optimized with the Yoast SEO plugin v27.4 - https:\/\/yoast.com\/product\/yoast-seo-wordpress\/ -->\n<title>Struktura urz\u0119du - Wysokie Mazowieckie<\/title>\n<meta name=\"robots\" content=\"index, follow, max-snippet:-1, max-image-preview:large, max-video-preview:-1\" \/>\n<link rel=\"canonical\" href=\"https:\/\/wysokiemazowieckie.pl\/en\/struktura-urzedu\/\" \/>\n<meta property=\"og:locale\" content=\"en_US\" \/>\n<meta property=\"og:type\" content=\"article\" \/>\n<meta property=\"og:title\" content=\"Struktura urz\u0119du - Wysokie Mazowieckie\" \/>\n<meta property=\"og:description\" content=\"Burmistrz Miasta &#8211; Jaros\u0142aw Siekierko Kieruje prac\u0105 Urz\u0119du Miasta Wysokie Mazowieckie i nadzoruje jednostki organizacyjne miasta.adres:18-200 Wysokie Mazowieckie, ul. Ludowa 15, tel. 86 2757500e-mail:\u00a0burmistrz@wysokiemazowieckie.pl 1. Referat Organizacyjny \u2013 Sekretarz Miasta [&hellip;]\" \/>\n<meta property=\"og:url\" content=\"https:\/\/wysokiemazowieckie.pl\/en\/struktura-urzedu\/\" \/>\n<meta property=\"og:site_name\" content=\"Wysokie Mazowieckie\" \/>\n<meta property=\"article:modified_time\" content=\"2024-06-25T08:17:55+00:00\" \/>\n<meta name=\"twitter:card\" content=\"summary_large_image\" \/>\n<meta name=\"twitter:label1\" content=\"Est. reading time\" \/>\n\t<meta name=\"twitter:data1\" content=\"2 minutes\" \/>\n<script type=\"application\/ld+json\" class=\"yoast-schema-graph\">{\"@context\":\"https:\\\/\\\/schema.org\",\"@graph\":[{\"@type\":\"WebPage\",\"@id\":\"https:\\\/\\\/wysokiemazowieckie.pl\\\/en\\\/struktura-urzedu\\\/\",\"url\":\"https:\\\/\\\/wysokiemazowieckie.pl\\\/en\\\/struktura-urzedu\\\/\",\"name\":\"Struktura urz\u0119du - Wysokie Mazowieckie\",\"isPartOf\":{\"@id\":\"https:\\\/\\\/wysokiemazowieckie.pl\\\/#website\"},\"datePublished\":\"2023-01-16T15:37:46+00:00\",\"dateModified\":\"2024-06-25T08:17:55+00:00\",\"breadcrumb\":{\"@id\":\"https:\\\/\\\/wysokiemazowieckie.pl\\\/en\\\/struktura-urzedu\\\/#breadcrumb\"},\"inLanguage\":\"en-US\",\"potentialAction\":[{\"@type\":\"ReadAction\",\"target\":[\"https:\\\/\\\/wysokiemazowieckie.pl\\\/en\\\/struktura-urzedu\\\/\"]}]},{\"@type\":\"BreadcrumbList\",\"@id\":\"https:\\\/\\\/wysokiemazowieckie.pl\\\/en\\\/struktura-urzedu\\\/#breadcrumb\",\"itemListElement\":[{\"@type\":\"ListItem\",\"position\":1,\"name\":\"Home\",\"item\":\"https:\\\/\\\/wysokiemazowieckie.pl\\\/en\\\/strona-glowna\\\/\"},{\"@type\":\"ListItem\",\"position\":2,\"name\":\"Struktura urz\u0119du\"}]},{\"@type\":\"WebSite\",\"@id\":\"https:\\\/\\\/wysokiemazowieckie.pl\\\/#website\",\"url\":\"https:\\\/\\\/wysokiemazowieckie.pl\\\/\",\"name\":\"Wysokie Mazowieckie\",\"description\":\"City hall\",\"publisher\":{\"@id\":\"https:\\\/\\\/wysokiemazowieckie.pl\\\/#organization\"},\"potentialAction\":[{\"@type\":\"SearchAction\",\"target\":{\"@type\":\"EntryPoint\",\"urlTemplate\":\"https:\\\/\\\/wysokiemazowieckie.pl\\\/?s={search_term_string}\"},\"query-input\":{\"@type\":\"PropertyValueSpecification\",\"valueRequired\":true,\"valueName\":\"search_term_string\"}}],\"inLanguage\":\"en-US\"},{\"@type\":\"Organization\",\"@id\":\"https:\\\/\\\/wysokiemazowieckie.pl\\\/#organization\",\"name\":\"Wysokie Mazowieckie\",\"url\":\"https:\\\/\\\/wysokiemazowieckie.pl\\\/\",\"logo\":{\"@type\":\"ImageObject\",\"inLanguage\":\"en-US\",\"@id\":\"https:\\\/\\\/wysokiemazowieckie.pl\\\/#\\\/schema\\\/logo\\\/image\\\/\",\"url\":\"https:\\\/\\\/wysokiemazowieckie.pl\\\/wp-content\\\/uploads\\\/2022\\\/11\\\/herbWysokieMaz600.png\",\"contentUrl\":\"https:\\\/\\\/wysokiemazowieckie.pl\\\/wp-content\\\/uploads\\\/2022\\\/11\\\/herbWysokieMaz600.png\",\"width\":496,\"height\":600,\"caption\":\"Wysokie Mazowieckie\"},\"image\":{\"@id\":\"https:\\\/\\\/wysokiemazowieckie.pl\\\/#\\\/schema\\\/logo\\\/image\\\/\"}}]}<\/script>\n<!-- \/ Yoast SEO plugin. -->","yoast_head_json":{"title":"Struktura urz\u0119du - Wysokie Mazowieckie","robots":{"index":"index","follow":"follow","max-snippet":"max-snippet:-1","max-image-preview":"max-image-preview:large","max-video-preview":"max-video-preview:-1"},"canonical":"https:\/\/wysokiemazowieckie.pl\/en\/struktura-urzedu\/","og_locale":"en_US","og_type":"article","og_title":"Struktura urz\u0119du - Wysokie Mazowieckie","og_description":"Burmistrz Miasta &#8211; Jaros\u0142aw Siekierko Kieruje prac\u0105 Urz\u0119du Miasta Wysokie Mazowieckie i nadzoruje jednostki organizacyjne miasta.adres:18-200 Wysokie Mazowieckie, ul. Ludowa 15, tel. 86 2757500e-mail:\u00a0burmistrz@wysokiemazowieckie.pl 1. Referat Organizacyjny \u2013 Sekretarz Miasta [&hellip;]","og_url":"https:\/\/wysokiemazowieckie.pl\/en\/struktura-urzedu\/","og_site_name":"Wysokie Mazowieckie","article_modified_time":"2024-06-25T08:17:55+00:00","twitter_card":"summary_large_image","twitter_misc":{"Est. reading time":"2 minutes"},"schema":{"@context":"https:\/\/schema.org","@graph":[{"@type":"WebPage","@id":"https:\/\/wysokiemazowieckie.pl\/en\/struktura-urzedu\/","url":"https:\/\/wysokiemazowieckie.pl\/en\/struktura-urzedu\/","name":"Struktura urz\u0119du - Wysokie Mazowieckie","isPartOf":{"@id":"https:\/\/wysokiemazowieckie.pl\/#website"},"datePublished":"2023-01-16T15:37:46+00:00","dateModified":"2024-06-25T08:17:55+00:00","breadcrumb":{"@id":"https:\/\/wysokiemazowieckie.pl\/en\/struktura-urzedu\/#breadcrumb"},"inLanguage":"en-US","potentialAction":[{"@type":"ReadAction","target":["https:\/\/wysokiemazowieckie.pl\/en\/struktura-urzedu\/"]}]},{"@type":"BreadcrumbList","@id":"https:\/\/wysokiemazowieckie.pl\/en\/struktura-urzedu\/#breadcrumb","itemListElement":[{"@type":"ListItem","position":1,"name":"Home","item":"https:\/\/wysokiemazowieckie.pl\/en\/strona-glowna\/"},{"@type":"ListItem","position":2,"name":"Struktura urz\u0119du"}]},{"@type":"WebSite","@id":"https:\/\/wysokiemazowieckie.pl\/#website","url":"https:\/\/wysokiemazowieckie.pl\/","name":"Wysokie Mazowieckie","description":"City hall","publisher":{"@id":"https:\/\/wysokiemazowieckie.pl\/#organization"},"potentialAction":[{"@type":"SearchAction","target":{"@type":"EntryPoint","urlTemplate":"https:\/\/wysokiemazowieckie.pl\/?s={search_term_string}"},"query-input":{"@type":"PropertyValueSpecification","valueRequired":true,"valueName":"search_term_string"}}],"inLanguage":"en-US"},{"@type":"Organization","@id":"https:\/\/wysokiemazowieckie.pl\/#organization","name":"Wysokie Mazowieckie","url":"https:\/\/wysokiemazowieckie.pl\/","logo":{"@type":"ImageObject","inLanguage":"en-US","@id":"https:\/\/wysokiemazowieckie.pl\/#\/schema\/logo\/image\/","url":"https:\/\/wysokiemazowieckie.pl\/wp-content\/uploads\/2022\/11\/herbWysokieMaz600.png","contentUrl":"https:\/\/wysokiemazowieckie.pl\/wp-content\/uploads\/2022\/11\/herbWysokieMaz600.png","width":496,"height":600,"caption":"Wysokie Mazowieckie"},"image":{"@id":"https:\/\/wysokiemazowieckie.pl\/#\/schema\/logo\/image\/"}}]}},"_links":{"self":[{"href":"https:\/\/wysokiemazowieckie.pl\/en\/wp-json\/wp\/v2\/pages\/3302","targetHints":{"allow":["GET"]}}],"collection":[{"href":"https:\/\/wysokiemazowieckie.pl\/en\/wp-json\/wp\/v2\/pages"}],"about":[{"href":"https:\/\/wysokiemazowieckie.pl\/en\/wp-json\/wp\/v2\/types\/page"}],"author":[{"embeddable":true,"href":"https:\/\/wysokiemazowieckie.pl\/en\/wp-json\/wp\/v2\/users\/8"}],"replies":[{"embeddable":true,"href":"https:\/\/wysokiemazowieckie.pl\/en\/wp-json\/wp\/v2\/comments?post=3302"}],"version-history":[{"count":5,"href":"https:\/\/wysokiemazowieckie.pl\/en\/wp-json\/wp\/v2\/pages\/3302\/revisions"}],"predecessor-version":[{"id":46392,"href":"https:\/\/wysokiemazowieckie.pl\/en\/wp-json\/wp\/v2\/pages\/3302\/revisions\/46392"}],"wp:attachment":[{"href":"https:\/\/wysokiemazowieckie.pl\/en\/wp-json\/wp\/v2\/media?parent=3302"}],"curies":[{"name":"wp","href":"https:\/\/api.w.org\/{rel}","templated":true}]}}