{"id":3290,"date":"2023-01-18T13:39:46","date_gmt":"2023-01-18T12:39:46","guid":{"rendered":"https:\/\/wysokiemazowieckie.pl\/polozenie\/"},"modified":"2023-01-18T13:39:46","modified_gmt":"2023-01-18T12:39:46","slug":"polozenie","status":"publish","type":"page","link":"https:\/\/wysokiemazowieckie.pl\/en\/polozenie\/","title":{"rendered":"Po\u0142o\u017cenie"},"content":{"rendered":"\n<p>Wysokie Mazowieckie&nbsp; po\u0142o\u017cone jest w&nbsp; po\u0142udniowo-zachodniej cz\u0119\u015bci wojew\u00f3dztwa podlaskiego, nad rzek\u0105 Brok \u2013 dop\u0142ywem Bugu, przy drodze krajowej Zambr\u00f3w \u2013 Bia\u0142owie\u017ca, w odleg\u0142o\u015bci 50 km od Bia\u0142egostoku, siedziby wojew\u00f3dztwa, 120 km od Warszawy i 100 km od wschodniej granicy.<br>Niespe\u0142na dziesi\u0119ciotysi\u0119czne miasteczko to gmina miejska, b\u0119d\u0105ce siedzib\u0105 powiatu, zajmuj\u0105ca powierzchni\u0119 15 km2 . Miasto posiada aktualny miejscowy plan zagospodarowania przestrzennego obejmuj\u0105cy ca\u0142e miasto.<\/p>\n\n\n\n<p><br>Najstarsz\u0105 wzmiank\u0119 dotycz\u0105c\u0105 miasta mo\u017cna znale\u017a\u0107 w \u201eDokumentach Konrada\u201d z 1203 r., w kt\u00f3rych figuruje jako wie\u015b Wysokie. W dokumentach ko\u0144ca XV wieku Wysokie pojawia si\u0119 jako nazwa osady kr\u00f3lewskiej, za\u0142o\u017conej przez Kazimierza Jagiello\u0144czyka, kt\u00f3ry nada\u0142 jej prawa miejskie w 1492 roku.<br>Cz\u0119ste zmiany w\u0142a\u015bcicieli oraz burzliwe dzieje miasta hamowa\u0142y jego rozw\u00f3j. \u00a0\u00a0W 1866r. Wysokie Mazowieckie sta\u0142o si\u0119 siedzib\u0105 powiatu. \u00a0\u00a0W czasie II wojny \u015bwiatowej Rosjanie i Niemcy niemal ca\u0142kowicie zniszczyli miasto. Wiele rodzin wywieziono na Syberi\u0119 i wymordowano ludno\u015b\u0107 pochodzenia \u017cydowskiego.<br>Po wojnie nast\u0105pi\u0142 rozw\u00f3j budownictwa mieszkaniowego. Miasto sta\u0142o si\u0119 o\u015brodkiem powiatowym, powsta\u0142y zak\u0142ady pracy.<\/p>\n\n\n\n<figure class=\"wp-block-image aligncenter size-full\"><img loading=\"lazy\" decoding=\"async\" width=\"500\" height=\"455\" src=\"https:\/\/wysokiemazowieckie.pl\/wp-content\/uploads\/2023\/01\/polozenie1.jpg\" alt=\"\" class=\"wp-image-2636\" srcset=\"https:\/\/wysokiemazowieckie.pl\/wp-content\/uploads\/2023\/01\/polozenie1.jpg 500w, https:\/\/wysokiemazowieckie.pl\/wp-content\/uploads\/2023\/01\/polozenie1-300x273.jpg 300w\" sizes=\"auto, (max-width: 500px) 100vw, 500px\" \/><\/figure>\n\n\n\n<p>Czyste \u015brodowisko i walory przyrodniczo-krajobrazowe okolic Wysokiego Mazowieckiego stanowi\u0105 doskona\u0142e warunki do wypoczynku i rekreacji. Wizerunek miasta charakteryzuje si\u0119 czysto\u015bci\u0105 i du\u017c\u0105 ilo\u015bci\u0105 zieleni.<br>Imprezami, kt\u00f3re odbywaj\u0105 si\u0119 cyklicznie i przyci\u0105gaj\u0105 du\u017ce rzesze ludno\u015bci to : \u201eDni Miasta\u201d &#8211; organizowane pod koniec maja oraz obecno\u015b\u0107 du\u017cego zak\u0142adu mleczarskiego, b\u0119d\u0105cego potentatem mleczarskim w kraju, sta\u0142o si\u0119 inspiracj\u0105 do organizowania \u201eOg\u00f3lnopolskiego \u015awi\u0119ta Mleka\u201d. Festyn gromadzi wielu dostawc\u00f3w mleka i okolicznych mieszka\u0144c\u00f3w.<br>W\u0142adze lokalne przyk\u0142adaj\u0105 du\u017c\u0105 wag\u0119 do stanu infrastruktury w mie\u015bcie. \u015awiadcz\u0105 o tym coroczne, du\u017ce wydatki bud\u017cetowe przeznaczane na inwestycje miejskie.<br>Zmodernizowano o\u015bwietlenie uliczne, miasto posiada nowoczesn\u0105 stacj\u0119 uzdatniania wody oraz sie\u0107 gazow\u0105. Co roku modernizowane s\u0105 nieskanalizowane ulice. Miasto upora\u0142o si\u0119 z emisj\u0105 spalin&nbsp; do atmosfery modernizuj\u0105c osiedlowe kot\u0142ownie.<br>Miasto w pe\u0142ni wykorzystuje mo\u017cliwo\u015b\u0107 pozyskiwania \u015brodk\u00f3w unijnych a starania samorz\u0105du dbaj\u0105cego o rozw\u00f3j i podniesienie jako\u015bci \u017cycia mieszka\u0144c\u00f3w, jest uhonorowane wysokimi lokatami w rankingach samorz\u0105d\u00f3w w kraju. Wysoki doch\u00f3d na osob\u0119 w mie\u015bcie, to efekt ilo\u015bci pozyskiwanych \u015brodk\u00f3w unijnych. To dzi\u0119ki nim, w mie\u015bcie wybudowano p\u0142ywalni\u0119 oraz nast\u0119puje szybki rozw\u00f3j infrastruktury technicznej.<br>Wysoki poziom rolnictwa w rejonie wp\u0142yn\u0105\u0142 na rozw\u00f3j przemys\u0142u rolno-spo\u017cywczego. Najwi\u0119kszym zak\u0142adem w mie\u015bcie jest Sp\u00f3\u0142dzielnia Mleczarska \u201eMlekovita\u201d zatrudniaj\u0105ca ponad 1000 os\u00f3b. Jest to jedno z najnowocze\u015bniejszych i najwi\u0119kszych przedsi\u0119biorstw tej bran\u017cy w Polsce. Znaczna cz\u0119\u015b\u0107 produkcji \u201eMlekovity\u201d jest eksportowana na rynki Unii Europejskiej oraz rynki wschodnie. Wyroby \u201eMlekovity\u201d trafiaj\u0105 na sto\u0142y wielu kraj\u00f3w \u015bwiata. Dla mieszka\u0144c\u00f3w miasta to przede wszystkim \u017ar\u00f3d\u0142o dochod\u00f3w.<br>Czyste \u015brodowisko naturalne oraz wzrost \u015bwiadomo\u015bci ekologicznej rolnik\u00f3w&nbsp; w rejonie Wysokiego Mazowieckiego pomaga popularyzowa\u0107 ide\u0119&nbsp; rozwoju gospodarstw produkuj\u0105cych zdrow\u0105 \u017cywno\u015b\u0107. Tak\u0105 dzia\u0142alno\u015bci\u0105 zajmuje si\u0119 O\u015brodek Doradztwa Rolniczego w Szepietowie, gdzie odbywaj\u0105 si\u0119 wystawy zwierz\u0105t hodowlanych, targi rolnicze i ogrodnicze.&nbsp;<\/p>\n\n\n\n<p>W sk\u0142ad plac\u00f3wek o\u015bwiatowych w mie\u015bcie zalicza si\u0119:<br>&#8211; Miejskie Przedszkole nr 1 i 2,<br>&#8211; Szko\u0142\u0119 Podstawow\u0105 nr 1 im. Tadeusza Ko\u015bciuszki \u2013 szko\u0142a powi\u0119kszy\u0142a baz\u0119 lokalow\u0105 o hal\u0119 sportow\u0105 oraz cz\u0119\u015b\u0107 dydaktyczn\u0105,<br>&#8211; Gimnazjum im. Miko\u0142aj Kopernika \u2013 szko\u0142a zosta\u0142a rozbudowana i wyremontowana, szko\u0142a posiada hal\u0119 sportow\u0105 z widowni\u0105 na 200 miejsc.<br>&#8211; Zesp\u00f3\u0142 Szk\u00f3\u0142 Og\u00f3lnokszta\u0142c\u0105cych im. Kr\u00f3la Kazimierza Jagiello\u0144czyka<br>&#8211; Zesp\u00f3\u0142 Szk\u00f3\u0142 Zawodowych im. Stanis\u0142awa Staszica<br>&#8211; Centrum Kszta\u0142cenia Zawodowego \u2013 szko\u0142a zawodowa, w kt\u00f3rej mie\u015bci si\u0119 Technikum Rolnicze oraz Zasadnicza Szko\u0142a Zawodowa<br>Dzia\u0142alno\u015b\u0107 w zakresie upowszechniania kultury w mie\u015bcie prowadzi Miejski O\u015brodek Kultury. W jego sk\u0142ad wchodzi dom kultury, kino, biblioteka i kawiarnia. Miejski O\u015brodek Kultury zajmuje si\u0119 organizacj\u0105 imprez, takich jak coroczne obchody \u201eDni Miasta\u201d, imprezy rozrywkowo-estradowe, koncerty, bale, r\u00f3\u017cnego rodzaju konkursy. Prowadzi Zesp\u00f3\u0142 Pie\u015bni i Ta\u0144ca \u201eMazowia\u201d, zaj\u0119cia licznych k\u00f3\u0142 zainteresowa\u0144, aerobik, klub seniora oraz wydaje lokaln\u0105 gazet\u0119 informacyjn\u0105 \u201eEcho Wysokiego\u201d.<br>Baz\u0119 sportow\u0105 miasta stanowi: miejska p\u0142ywalnia z torem do nauki p\u0142ywania, saun\u0105, \u0142a\u017ani\u0105 parow\u0105, 48 metrow\u0105 zje\u017cd\u017calni\u0105, \u00a0jaccuzi. Burmistrz Miasta i dyrektorzy szko\u0142y podstawowej i gimnazjum zapewniaj\u0105 uczniom tych szk\u00f3\u0142 1 godzin\u0119 wychowania fizycznego na p\u0142ywalni tygodniowo. Stadion miejski z boiskiem pi\u0142karskim, kt\u00f3ry wykorzystywany jest przez Klub Sportowy \u201eFreskovita\u201d do rozgrywek i trening\u00f3w pi\u0142karskich.\u00a0<br>Miasto posiada tak\u017ce dwie hale sportowe: przy szkole podstawowej i gimnazjum.<br>Obecnie Wysokie Mazowieckie opr\u00f3cz funkcji gospodarczych spe\u0142nia funkcje administracyjne i us\u0142ugowe dla kilku gmin w powiecie. Wi\u0105\u017ce si\u0119 to z rozwini\u0119t\u0105 o\u015bwiat\u0105 na poziomie podstawowym, gimnazjalnym, szk\u00f3\u0142 \u015brednich oraz lokalizacj\u0105 i funkcjonowaniem instytucji takich jak: starostwo powiatowe, urz\u0105d gminy, urz\u0105d skarbowy, szpital og\u00f3lny, specjalistyczne przychodnie lekarskie, s\u0105d, prokuratura, policja, stra\u017c po\u017carna, sanepid, ARMiR, urz\u0105d pracy, banki, ZUS, KRUS, poczta, firmy ubezpieczeniowe, zak\u0142ad energetyczny.<\/p>\n\n\n\n<figure class=\"wp-block-image aligncenter size-full\"><img loading=\"lazy\" decoding=\"async\" width=\"500\" height=\"364\" src=\"https:\/\/wysokiemazowieckie.pl\/wp-content\/uploads\/2023\/01\/m_plan.jpg\" alt=\"\" class=\"wp-image-2642\" srcset=\"https:\/\/wysokiemazowieckie.pl\/wp-content\/uploads\/2023\/01\/m_plan.jpg 500w, https:\/\/wysokiemazowieckie.pl\/wp-content\/uploads\/2023\/01\/m_plan-300x218.jpg 300w\" sizes=\"auto, (max-width: 500px) 100vw, 500px\" \/><\/figure>\n\n\n\n<p class=\"has-text-align-center\"><strong>WYSOKIE\u00a0 MAZOWIECKIE\u00a0 TO\u00a0 MIASTO\u00a0 WIELKICH\u00a0 MO\u017bLIWO\u015aCI<br>ZAPRASZAMY\u00a0 WSZYSTKICH\u00a0 CH\u0118TNYCH\u00a0 DO\u00a0 WSP\u00d3\u0141PRACY<br>WARTO\u00a0 TU\u00a0 ZAINWESTOWA\u0106 !<\/strong><\/p>\n\n\n\n<p>Wysokie Mazowieckie to miasto du\u017cych mo\u017cliwo\u015bci, posiadaj\u0105ce sporo atut\u00f3w, takich jak:<br>&#8211; dobre po\u0142o\u017cenie -obok drogi Warszawa \u2013 Bia\u0142ystok \u2013 Kowno, blisko\u015b\u0107 du\u017cych aglomeracji oraz granicy wschodniej \u2013 Rosja, Litwa, Bia\u0142oru\u015b, kt\u00f3re mog\u0105 stanowi\u0107 rynki zbytu;<br>&#8211; aktualny miejscowy plan zagospodarowania przestrzennego obejmuj\u0105cy ca\u0142e miasto,<br>&#8211; posiada wolne tereny pod inwestycje przemys\u0142owe i sportowo \u2013 rekreacyjne,<br>&#8211; znaczne zasoby wody pitnej o dobrej jako\u015bci pozwalaj\u0105cej rozwija\u0107 przetw\u00f3rstwo spo\u017cywcze;<br>&#8211; czyste \u015brodowisko naturalne;<br>&#8211; nadwy\u017cka si\u0142y roboczej;<br>&#8211; brak ma\u0142ych przedsi\u0119biorstw nastawionych na przetwarzanie miejscowych surowc\u00f3w rolnych;<br>&#8211; mo\u017cliwo\u015b\u0107 rozwoju istniej\u0105cego przemys\u0142u;<\/p>\n\n\n\n<p><strong>Kilka danych:<\/strong><br>Powierzchnia miasta &#8211; 15,2 km2;<br>Liczba ludno\u015bci &#8211; 9.611;<br>Miasto graniczy jedynie z gmin\u0105 Wysokie Mazowieckie, kt\u00f3ra je otacza;<br>Jest gmin\u0105 miejsk\u0105, jako jednostka samorz\u0105dowa, le\u017cy na terenie Powiatu Wysokomazowieckiego;<\/p>\n<p>Views: 103<\/p>","protected":false},"excerpt":{"rendered":"<p>Wysokie Mazowieckie&nbsp; po\u0142o\u017cone jest w&nbsp; po\u0142udniowo-zachodniej cz\u0119\u015bci wojew\u00f3dztwa podlaskiego, nad rzek\u0105 Brok \u2013 dop\u0142ywem Bugu, przy drodze krajowej Zambr\u00f3w \u2013 Bia\u0142owie\u017ca, w odleg\u0142o\u015bci 50 km od Bia\u0142egostoku, siedziby wojew\u00f3dztwa, 120 [&hellip;]<\/p>\n","protected":false},"author":8,"featured_media":0,"parent":0,"menu_order":0,"comment_status":"closed","ping_status":"closed","template":"","meta":{"site-sidebar-layout":"default","site-content-layout":"","ast-site-content-layout":"default","site-content-style":"default","site-sidebar-style":"default","ast-global-header-display":"","ast-banner-title-visibility":"","ast-main-header-display":"","ast-hfb-above-header-display":"","ast-hfb-below-header-display":"","ast-hfb-mobile-header-display":"","site-post-title":"","ast-breadcrumbs-content":"","ast-featured-img":"","footer-sml-layout":"","theme-transparent-header-meta":"","adv-header-id-meta":"","stick-header-meta":"","header-above-stick-meta":"","header-main-stick-meta":"","header-below-stick-meta":"","astra-migrate-meta-layouts":"default","ast-page-background-enabled":"default","ast-page-background-meta":{"desktop":{"background-color":"var(--ast-global-color-4)","background-image":"","background-repeat":"repeat","background-position":"center center","background-size":"auto","background-attachment":"scroll","background-type":"","background-media":"","overlay-type":"","overlay-color":"","overlay-opacity":"","overlay-gradient":""},"tablet":{"background-color":"","background-image":"","background-repeat":"repeat","background-position":"center center","background-size":"auto","background-attachment":"scroll","background-type":"","background-media":"","overlay-type":"","overlay-color":"","overlay-opacity":"","overlay-gradient":""},"mobile":{"background-color":"","background-image":"","background-repeat":"repeat","background-position":"center center","background-size":"auto","background-attachment":"scroll","background-type":"","background-media":"","overlay-type":"","overlay-color":"","overlay-opacity":"","overlay-gradient":""}},"ast-content-background-meta":{"desktop":{"background-color":"var(--ast-global-color-5)","background-image":"","background-repeat":"repeat","background-position":"center center","background-size":"auto","background-attachment":"scroll","background-type":"","background-media":"","overlay-type":"","overlay-color":"","overlay-opacity":"","overlay-gradient":""},"tablet":{"background-color":"var(--ast-global-color-5)","background-image":"","background-repeat":"repeat","background-position":"center center","background-size":"auto","background-attachment":"scroll","background-type":"","background-media":"","overlay-type":"","overlay-color":"","overlay-opacity":"","overlay-gradient":""},"mobile":{"background-color":"var(--ast-global-color-5)","background-image":"","background-repeat":"repeat","background-position":"center center","background-size":"auto","background-attachment":"scroll","background-type":"","background-media":"","overlay-type":"","overlay-color":"","overlay-opacity":"","overlay-gradient":""}},"footnotes":""},"class_list":["post-3290","page","type-page","status-publish","hentry"],"yoast_head":"<!-- This site is optimized with the Yoast SEO plugin v27.4 - https:\/\/yoast.com\/product\/yoast-seo-wordpress\/ -->\n<title>Po\u0142o\u017cenie - Wysokie Mazowieckie<\/title>\n<meta name=\"robots\" content=\"index, follow, max-snippet:-1, max-image-preview:large, max-video-preview:-1\" \/>\n<link rel=\"canonical\" href=\"https:\/\/wysokiemazowieckie.pl\/en\/polozenie\/\" \/>\n<meta property=\"og:locale\" content=\"en_US\" \/>\n<meta property=\"og:type\" content=\"article\" \/>\n<meta property=\"og:title\" content=\"Po\u0142o\u017cenie - Wysokie Mazowieckie\" \/>\n<meta property=\"og:description\" content=\"Wysokie Mazowieckie&nbsp; po\u0142o\u017cone jest w&nbsp; po\u0142udniowo-zachodniej cz\u0119\u015bci wojew\u00f3dztwa podlaskiego, nad rzek\u0105 Brok \u2013 dop\u0142ywem Bugu, przy drodze krajowej Zambr\u00f3w \u2013 Bia\u0142owie\u017ca, w odleg\u0142o\u015bci 50 km od Bia\u0142egostoku, siedziby wojew\u00f3dztwa, 120 [&hellip;]\" \/>\n<meta property=\"og:url\" content=\"https:\/\/wysokiemazowieckie.pl\/en\/polozenie\/\" \/>\n<meta property=\"og:site_name\" content=\"Wysokie Mazowieckie\" \/>\n<meta property=\"og:image\" content=\"https:\/\/wysokiemazowieckie.pl\/wp-content\/uploads\/2023\/01\/polozenie1.jpg\" \/>\n<meta name=\"twitter:card\" content=\"summary_large_image\" \/>\n<meta name=\"twitter:label1\" content=\"Est. reading time\" \/>\n\t<meta name=\"twitter:data1\" content=\"6 minutes\" \/>\n<script type=\"application\/ld+json\" class=\"yoast-schema-graph\">{\"@context\":\"https:\\\/\\\/schema.org\",\"@graph\":[{\"@type\":\"WebPage\",\"@id\":\"https:\\\/\\\/wysokiemazowieckie.pl\\\/en\\\/polozenie\\\/\",\"url\":\"https:\\\/\\\/wysokiemazowieckie.pl\\\/en\\\/polozenie\\\/\",\"name\":\"Po\u0142o\u017cenie - Wysokie Mazowieckie\",\"isPartOf\":{\"@id\":\"https:\\\/\\\/wysokiemazowieckie.pl\\\/#website\"},\"primaryImageOfPage\":{\"@id\":\"https:\\\/\\\/wysokiemazowieckie.pl\\\/en\\\/polozenie\\\/#primaryimage\"},\"image\":{\"@id\":\"https:\\\/\\\/wysokiemazowieckie.pl\\\/en\\\/polozenie\\\/#primaryimage\"},\"thumbnailUrl\":\"https:\\\/\\\/wysokiemazowieckie.pl\\\/wp-content\\\/uploads\\\/2023\\\/01\\\/polozenie1.jpg\",\"datePublished\":\"2023-01-18T12:39:46+00:00\",\"breadcrumb\":{\"@id\":\"https:\\\/\\\/wysokiemazowieckie.pl\\\/en\\\/polozenie\\\/#breadcrumb\"},\"inLanguage\":\"en-US\",\"potentialAction\":[{\"@type\":\"ReadAction\",\"target\":[\"https:\\\/\\\/wysokiemazowieckie.pl\\\/en\\\/polozenie\\\/\"]}]},{\"@type\":\"ImageObject\",\"inLanguage\":\"en-US\",\"@id\":\"https:\\\/\\\/wysokiemazowieckie.pl\\\/en\\\/polozenie\\\/#primaryimage\",\"url\":\"https:\\\/\\\/wysokiemazowieckie.pl\\\/wp-content\\\/uploads\\\/2023\\\/01\\\/polozenie1.jpg\",\"contentUrl\":\"https:\\\/\\\/wysokiemazowieckie.pl\\\/wp-content\\\/uploads\\\/2023\\\/01\\\/polozenie1.jpg\"},{\"@type\":\"BreadcrumbList\",\"@id\":\"https:\\\/\\\/wysokiemazowieckie.pl\\\/en\\\/polozenie\\\/#breadcrumb\",\"itemListElement\":[{\"@type\":\"ListItem\",\"position\":1,\"name\":\"Home\",\"item\":\"https:\\\/\\\/wysokiemazowieckie.pl\\\/en\\\/strona-glowna\\\/\"},{\"@type\":\"ListItem\",\"position\":2,\"name\":\"Po\u0142o\u017cenie\"}]},{\"@type\":\"WebSite\",\"@id\":\"https:\\\/\\\/wysokiemazowieckie.pl\\\/#website\",\"url\":\"https:\\\/\\\/wysokiemazowieckie.pl\\\/\",\"name\":\"Wysokie Mazowieckie\",\"description\":\"City hall\",\"publisher\":{\"@id\":\"https:\\\/\\\/wysokiemazowieckie.pl\\\/#organization\"},\"potentialAction\":[{\"@type\":\"SearchAction\",\"target\":{\"@type\":\"EntryPoint\",\"urlTemplate\":\"https:\\\/\\\/wysokiemazowieckie.pl\\\/?s={search_term_string}\"},\"query-input\":{\"@type\":\"PropertyValueSpecification\",\"valueRequired\":true,\"valueName\":\"search_term_string\"}}],\"inLanguage\":\"en-US\"},{\"@type\":\"Organization\",\"@id\":\"https:\\\/\\\/wysokiemazowieckie.pl\\\/#organization\",\"name\":\"Wysokie Mazowieckie\",\"url\":\"https:\\\/\\\/wysokiemazowieckie.pl\\\/\",\"logo\":{\"@type\":\"ImageObject\",\"inLanguage\":\"en-US\",\"@id\":\"https:\\\/\\\/wysokiemazowieckie.pl\\\/#\\\/schema\\\/logo\\\/image\\\/\",\"url\":\"https:\\\/\\\/wysokiemazowieckie.pl\\\/wp-content\\\/uploads\\\/2022\\\/11\\\/herbWysokieMaz600.png\",\"contentUrl\":\"https:\\\/\\\/wysokiemazowieckie.pl\\\/wp-content\\\/uploads\\\/2022\\\/11\\\/herbWysokieMaz600.png\",\"width\":496,\"height\":600,\"caption\":\"Wysokie Mazowieckie\"},\"image\":{\"@id\":\"https:\\\/\\\/wysokiemazowieckie.pl\\\/#\\\/schema\\\/logo\\\/image\\\/\"}}]}<\/script>\n<!-- \/ Yoast SEO plugin. -->","yoast_head_json":{"title":"Po\u0142o\u017cenie - Wysokie Mazowieckie","robots":{"index":"index","follow":"follow","max-snippet":"max-snippet:-1","max-image-preview":"max-image-preview:large","max-video-preview":"max-video-preview:-1"},"canonical":"https:\/\/wysokiemazowieckie.pl\/en\/polozenie\/","og_locale":"en_US","og_type":"article","og_title":"Po\u0142o\u017cenie - Wysokie Mazowieckie","og_description":"Wysokie Mazowieckie&nbsp; po\u0142o\u017cone jest w&nbsp; po\u0142udniowo-zachodniej cz\u0119\u015bci wojew\u00f3dztwa podlaskiego, nad rzek\u0105 Brok \u2013 dop\u0142ywem Bugu, przy drodze krajowej Zambr\u00f3w \u2013 Bia\u0142owie\u017ca, w odleg\u0142o\u015bci 50 km od Bia\u0142egostoku, siedziby wojew\u00f3dztwa, 120 [&hellip;]","og_url":"https:\/\/wysokiemazowieckie.pl\/en\/polozenie\/","og_site_name":"Wysokie Mazowieckie","og_image":[{"url":"https:\/\/wysokiemazowieckie.pl\/wp-content\/uploads\/2023\/01\/polozenie1.jpg","type":"","width":"","height":""}],"twitter_card":"summary_large_image","twitter_misc":{"Est. reading time":"6 minutes"},"schema":{"@context":"https:\/\/schema.org","@graph":[{"@type":"WebPage","@id":"https:\/\/wysokiemazowieckie.pl\/en\/polozenie\/","url":"https:\/\/wysokiemazowieckie.pl\/en\/polozenie\/","name":"Po\u0142o\u017cenie - Wysokie Mazowieckie","isPartOf":{"@id":"https:\/\/wysokiemazowieckie.pl\/#website"},"primaryImageOfPage":{"@id":"https:\/\/wysokiemazowieckie.pl\/en\/polozenie\/#primaryimage"},"image":{"@id":"https:\/\/wysokiemazowieckie.pl\/en\/polozenie\/#primaryimage"},"thumbnailUrl":"https:\/\/wysokiemazowieckie.pl\/wp-content\/uploads\/2023\/01\/polozenie1.jpg","datePublished":"2023-01-18T12:39:46+00:00","breadcrumb":{"@id":"https:\/\/wysokiemazowieckie.pl\/en\/polozenie\/#breadcrumb"},"inLanguage":"en-US","potentialAction":[{"@type":"ReadAction","target":["https:\/\/wysokiemazowieckie.pl\/en\/polozenie\/"]}]},{"@type":"ImageObject","inLanguage":"en-US","@id":"https:\/\/wysokiemazowieckie.pl\/en\/polozenie\/#primaryimage","url":"https:\/\/wysokiemazowieckie.pl\/wp-content\/uploads\/2023\/01\/polozenie1.jpg","contentUrl":"https:\/\/wysokiemazowieckie.pl\/wp-content\/uploads\/2023\/01\/polozenie1.jpg"},{"@type":"BreadcrumbList","@id":"https:\/\/wysokiemazowieckie.pl\/en\/polozenie\/#breadcrumb","itemListElement":[{"@type":"ListItem","position":1,"name":"Home","item":"https:\/\/wysokiemazowieckie.pl\/en\/strona-glowna\/"},{"@type":"ListItem","position":2,"name":"Po\u0142o\u017cenie"}]},{"@type":"WebSite","@id":"https:\/\/wysokiemazowieckie.pl\/#website","url":"https:\/\/wysokiemazowieckie.pl\/","name":"Wysokie Mazowieckie","description":"City hall","publisher":{"@id":"https:\/\/wysokiemazowieckie.pl\/#organization"},"potentialAction":[{"@type":"SearchAction","target":{"@type":"EntryPoint","urlTemplate":"https:\/\/wysokiemazowieckie.pl\/?s={search_term_string}"},"query-input":{"@type":"PropertyValueSpecification","valueRequired":true,"valueName":"search_term_string"}}],"inLanguage":"en-US"},{"@type":"Organization","@id":"https:\/\/wysokiemazowieckie.pl\/#organization","name":"Wysokie Mazowieckie","url":"https:\/\/wysokiemazowieckie.pl\/","logo":{"@type":"ImageObject","inLanguage":"en-US","@id":"https:\/\/wysokiemazowieckie.pl\/#\/schema\/logo\/image\/","url":"https:\/\/wysokiemazowieckie.pl\/wp-content\/uploads\/2022\/11\/herbWysokieMaz600.png","contentUrl":"https:\/\/wysokiemazowieckie.pl\/wp-content\/uploads\/2022\/11\/herbWysokieMaz600.png","width":496,"height":600,"caption":"Wysokie Mazowieckie"},"image":{"@id":"https:\/\/wysokiemazowieckie.pl\/#\/schema\/logo\/image\/"}}]}},"_links":{"self":[{"href":"https:\/\/wysokiemazowieckie.pl\/en\/wp-json\/wp\/v2\/pages\/3290","targetHints":{"allow":["GET"]}}],"collection":[{"href":"https:\/\/wysokiemazowieckie.pl\/en\/wp-json\/wp\/v2\/pages"}],"about":[{"href":"https:\/\/wysokiemazowieckie.pl\/en\/wp-json\/wp\/v2\/types\/page"}],"author":[{"embeddable":true,"href":"https:\/\/wysokiemazowieckie.pl\/en\/wp-json\/wp\/v2\/users\/8"}],"replies":[{"embeddable":true,"href":"https:\/\/wysokiemazowieckie.pl\/en\/wp-json\/wp\/v2\/comments?post=3290"}],"version-history":[{"count":0,"href":"https:\/\/wysokiemazowieckie.pl\/en\/wp-json\/wp\/v2\/pages\/3290\/revisions"}],"wp:attachment":[{"href":"https:\/\/wysokiemazowieckie.pl\/en\/wp-json\/wp\/v2\/media?parent=3290"}],"curies":[{"name":"wp","href":"https:\/\/api.w.org\/{rel}","templated":true}]}}