{"id":3284,"date":"2023-01-18T17:45:09","date_gmt":"2023-01-18T16:45:09","guid":{"rendered":"https:\/\/wysokiemazowieckie.pl\/komisje\/"},"modified":"2023-01-18T17:45:09","modified_gmt":"2023-01-18T16:45:09","slug":"komisje","status":"publish","type":"page","link":"https:\/\/wysokiemazowieckie.pl\/en\/komisje\/","title":{"rendered":"Komisje"},"content":{"rendered":"\n<h2 class=\"wp-block-heading\"><strong>1. Komisja Finansowa<\/strong><\/h2>\n\n\n\n<p>Do kompetencji Komisji Finansowej nale\u017cy:<\/p>\n\n\n\n<ul class=\"wp-block-list\">\n<li>opiniowanie projekt\u00f3w uchwa\u0142 bud\u017cetu miasta oraz sprawozda\u0144 z dzia\u0142alno\u015bci finansowej,<\/li>\n\n\n\n<li>opiniowanie projekt\u00f3w uchwa\u0142 w sprawie podatk\u00f3w i op\u0142at,<\/li>\n\n\n\n<li>opiniowanie projekt\u00f3w uchwa\u0142 w sprawach maj\u0105tkowych miasta, przekraczaj\u0105cych zakres zwyk\u0142ego zarz\u0105du, mi\u0119dzy innymi nabycie oraz obci\u0105\u017cenie nieruchomo\u015bci gruntowych,<\/li>\n\n\n\n<li>wydzier\u017cawianie lub najem tych nieruchomo\u015bci na okres d\u0142u\u017cszy ni\u017c trzy lata,<\/li>\n\n\n\n<li>opiniowanie d\u0142ugoterminowych po\u017cyczek i zobowi\u0105za\u0144 w zakresie podejmowania inwestycji oraz remont\u00f3w o warto\u015bci przekraczaj\u0105cej granic\u0119 ustalon\u0105 corocznie przez Rad\u0119 Miasta,<\/li>\n\n\n\n<li>opiniowanie projekt\u00f3w uchwa\u0142 Rady Miasta dotycz\u0105cych zakresu finansowania dzia\u0142alno\u015bci Rad Osiedlowych oraz przekazywania im sk\u0142adnik\u00f3w mienia,<\/li>\n\n\n\n<li>ocenianie wniosk\u00f3w i postulat\u00f3w mieszka\u0144c\u00f3w miasta (Rad Osiedlowych),<\/li>\n\n\n\n<li>opiniowanie projekt\u00f3w uchwa\u0142 w sprawie wsp\u00f3\u0142pracy z innymi organami.<\/li>\n<\/ul>\n\n\n\n<h2 class=\"wp-block-heading\"><strong>2. Komisja Funkcjonowania Miasta<\/strong><\/h2>\n\n\n\n<p>Do kompetencji Komisji Funkcjonowania Miasta nale\u017cy:<\/p>\n\n\n\n<ul class=\"wp-block-list\">\n<li>opiniowanie zada\u0144 z zakresu infrastruktury technicznej, zagospodarowania przestrzennego i ochrony \u015brodowiska,<\/li>\n\n\n\n<li>opiniowanie zada\u0144 dotycz\u0105cych ulic, most\u00f3w, plac\u00f3w, organizacji ruchu drogowego,<\/li>\n\n\n\n<li>ocena stopnia zaspokojenia miasta w wod\u0119, energi\u0119 ciepln\u0105 i systemy kanalizacji deszczowej i sanitarnej,<\/li>\n\n\n\n<li>ocena funkcjonowania wysypiska i systemu oczyszczania miasta,<\/li>\n\n\n\n<li>ocena stanu zieleni i ochrony powietrza przez zanieczyszczeniami,<\/li>\n\n\n\n<li>opiniowanie gospodarki zasobami mieszkaniowymi,<\/li>\n\n\n\n<li>opiniowanie przedsi\u0119wzi\u0119\u0107 obejmuj\u0105cych utrzymanie czysto\u015bci ciek\u00f3w wodnych i zbiornik\u00f3w,<\/li>\n\n\n\n<li>prowadzenie analiz potrzeb mieszkaniowych i infrastruktury towarzysz\u0105cej,<\/li>\n\n\n\n<li>opracowanie wniosk\u00f3w maj\u0105cych na celu utrzymanie i popraw\u0119 porz\u0105dku i bezpiecze\u0144stwa w mie\u015bcie,<\/li>\n\n\n\n<li>monitorowanie spraw z zakresu ochrony przeciwpo\u017carowej,<\/li>\n\n\n\n<li>opiniowanie nazewnictwa ulic, plac\u00f3w oraz osiedli,<\/li>\n<\/ul>\n\n\n\n<h2 class=\"wp-block-heading\"><strong>3. Komisja ds. Rodziny i Polityki Spo\u0142ecznej<\/strong>&nbsp;<\/h2>\n\n\n\n<p>Do kompetencji Komisji ds. Rodziny i Polityki Spo\u0142ecznej nale\u017cy:<\/p>\n\n\n\n<ul class=\"wp-block-list\">\n<li>ocena sytuacji rodzin na terenie miasta,<\/li>\n\n\n\n<li>podejmowanie inicjatyw zmierzaj\u0105cych do poprawy sytuacji rodzin,<\/li>\n\n\n\n<li>analizowanie problematyki z zakresu pomocy spo\u0142ecznej,<\/li>\n\n\n\n<li>opiniowanie miejskiego planu pomocy spo\u0142ecznej,<\/li>\n\n\n\n<li>opiniowanie funkcjonowania Miejskiego O\u015brodka Pomocy Spo\u0142ecznej,<\/li>\n\n\n\n<li>opiniowanie w zakresie problematyki zwi\u0105zanej z pomoc\u0105 rodzinom zagro\u017conym patologiami,<\/li>\n\n\n\n<li>opiniowanie Miejskiego Programu Profilaktyki i Rozwi\u0105zywania Problem\u00f3w Alkoholowych,<\/li>\n\n\n\n<li>analiza potrzeb spo\u0142ecznych w zakresie mieszkalnictwa i mo\u017cliwo\u015bci ich zaspokojenia,<\/li>\n\n\n\n<li>ocena funkcjonowania plac\u00f3wek opieki spo\u0142ecznej,<\/li>\n\n\n\n<li>opiniowanie spraw z zakresu ochrony zdrowia,<\/li>\n\n\n\n<li>wspieranie dzia\u0142a\u0144 z zakresu opieki spo\u0142ecznej i ochrony zdrowia w obszarach wsp\u00f3lnych cel\u00f3w,<\/li>\n<\/ul>\n\n\n\n<h2 class=\"wp-block-heading\"><strong>4. Komisja Kultury i O\u015bwiaty<\/strong><\/h2>\n\n\n\n<p>Do kompetencji Komisji Kultury i O\u015bwiaty nale\u017cy:<\/p>\n\n\n\n<ul class=\"wp-block-list\">\n<li>opiniowanie spraw z zakresu kultury i o\u015bwiaty,<\/li>\n\n\n\n<li>opiniowanie projekt\u00f3w tworzenia, przekszta\u0142cania i likwidacji plac\u00f3wek miejskich oraz ich struktury organizacyjnej, sposobu powo\u0142ywania kierownik\u00f3w tych plac\u00f3wek,<\/li>\n\n\n\n<li>opiniowanie projektu bud\u017cetu miasta oraz sprawozda\u0144 z jego wykonania w cz\u0119\u015bciach dotycz\u0105cych dzia\u0142ania komisji oraz bud\u017cet\u00f3w (plan\u00f3w finansowych) podleg\u0142ych plac\u00f3wek,<\/li>\n\n\n\n<li>ocena funkcjonowania przedszkoli, szk\u00f3\u0142 podstawowych i gimnazj\u00f3w,<\/li>\n\n\n\n<li>stworzenie warunk\u00f3w do rozwoju szkolnictwa na wszystkich poziomach,<\/li>\n\n\n\n<li>opiniowanie regulamin\u00f3w wynagradzania nauczycieli,<\/li>\n\n\n\n<li>analiza dzia\u0142alno\u015bci miejskich plac\u00f3wek kultury (MOK, biblioteka)<\/li>\n\n\n\n<li>wspieranie lokalnej tw\u00f3rczo\u015bci i rozwoju sztuki w zakresie literatury, plastyki, muzyki, teatru, techniki i innych dziedzin,<\/li>\n\n\n\n<li>upowszechnianie dziedzictwa (tradycji) i historii miasta,<\/li>\n\n\n\n<li>analiza problem\u00f3w zwi\u0105zanych z ochron\u0105 zabytk\u00f3w i cmentarzy,<\/li>\n\n\n\n<li>opiniowanie inicjatyw dotycz\u0105cych:<\/li>\n\n\n\n<li>nadania honorowego obywatela miasta,<\/li>\n\n\n\n<li>nadawania innych tytu\u0142\u00f3w honorowych, wyr\u00f3\u017cnie\u0144 i order\u00f3w,<\/li>\n\n\n\n<li>wznoszenia pomnik\u00f3w,<\/li>\n\n\n\n<li>nadawania plac\u00f3wkom miejskim sztandar\u00f3w i imion patron\u00f3w,<\/li>\n\n\n\n<li>nadawania imion ulicom i placom,<\/li>\n\n\n\n<li>promowanie dzia\u0142alno\u015bci wybitnych mieszka\u0144c\u00f3w miasta (nauczycieli, uczni\u00f3w, tw\u00f3rc\u00f3w kultury, sportowc\u00f3w, dzia\u0142aczy spo\u0142ecznych) i udzielanie im wsparcia,<\/li>\n\n\n\n<li>analizowanie plan\u00f3w i wynik\u00f3w pracy plac\u00f3wek prowadz\u0105cych dzia\u0142alno\u015b\u0107 rekreacyjn\u0105, sportow\u0105 i turystyczn\u0105,<\/li>\n\n\n\n<li>ocena imprez masowych organizowanych przez r\u00f3\u017cne podmioty na terenie miasta,<\/li>\n\n\n\n<li>wsp\u00f3\u0142praca z organizacjami spo\u0142ecznymi dzia\u0142aj\u0105cymi w zakresie kultury, o\u015bwiaty i sportu, szczeg\u00f3lnie z prowadz\u0105cymi dzia\u0142alno\u015b\u0107 pozalekcyjn\u0105 i pozaszkoln\u0105 dla m\u0142odzie\u017cy, senior\u00f3w i os\u00f3b niepe\u0142nosprawnych,<\/li>\n\n\n\n<li>wspieranie inicjatyw m\u0142odzie\u017cy i na rzecz m\u0142odzie\u017cy prowadz\u0105cych do rozwoju ich samorz\u0105dno\u015bci i aktywno\u015bci lokalnej oraz pozytywnego wype\u0142niania czasu wolnego,<\/li>\n\n\n\n<li>wsp\u00f3\u0142praca z lokalnymi o\u015brodkami komunikacji masowej.<\/li>\n<\/ul>\n\n\n\n<h2 class=\"wp-block-heading\"><strong>5. Komisja Rewizyjna<\/strong>&nbsp;<\/h2>\n\n\n\n<p>&nbsp;Do kompetencji Komisji Rewizyjnej nale\u017cy:<\/p>\n\n\n\n<ul class=\"wp-block-list\">\n<li>opiniowanie wykonania bud\u017cetu gminy,<\/li>\n\n\n\n<li>wyst\u0119powanie z wnioskiem do rady miasta w sprawie udzielenia lub nieudzielania absolutorium burmistrzowi,<\/li>\n\n\n\n<li>wykonywanie innych zada\u0144 zleconych przez rad\u0119 w zakresie kontroli<\/li>\n<\/ul>\n<p>Views: 53<\/p>","protected":false},"excerpt":{"rendered":"<p>1. Komisja Finansowa Do kompetencji Komisji Finansowej nale\u017cy: 2. Komisja Funkcjonowania Miasta Do kompetencji Komisji Funkcjonowania Miasta nale\u017cy: 3. Komisja ds. Rodziny i Polityki Spo\u0142ecznej&nbsp; Do kompetencji Komisji ds. Rodziny [&hellip;]<\/p>\n","protected":false},"author":8,"featured_media":0,"parent":0,"menu_order":0,"comment_status":"closed","ping_status":"closed","template":"","meta":{"site-sidebar-layout":"default","site-content-layout":"","ast-site-content-layout":"default","site-content-style":"default","site-sidebar-style":"default","ast-global-header-display":"","ast-banner-title-visibility":"","ast-main-header-display":"","ast-hfb-above-header-display":"","ast-hfb-below-header-display":"","ast-hfb-mobile-header-display":"","site-post-title":"","ast-breadcrumbs-content":"","ast-featured-img":"","footer-sml-layout":"","theme-transparent-header-meta":"","adv-header-id-meta":"","stick-header-meta":"","header-above-stick-meta":"","header-main-stick-meta":"","header-below-stick-meta":"","astra-migrate-meta-layouts":"default","ast-page-background-enabled":"default","ast-page-background-meta":{"desktop":{"background-color":"var(--ast-global-color-4)","background-image":"","background-repeat":"repeat","background-position":"center center","background-size":"auto","background-attachment":"scroll","background-type":"","background-media":"","overlay-type":"","overlay-color":"","overlay-opacity":"","overlay-gradient":""},"tablet":{"background-color":"","background-image":"","background-repeat":"repeat","background-position":"center center","background-size":"auto","background-attachment":"scroll","background-type":"","background-media":"","overlay-type":"","overlay-color":"","overlay-opacity":"","overlay-gradient":""},"mobile":{"background-color":"","background-image":"","background-repeat":"repeat","background-position":"center center","background-size":"auto","background-attachment":"scroll","background-type":"","background-media":"","overlay-type":"","overlay-color":"","overlay-opacity":"","overlay-gradient":""}},"ast-content-background-meta":{"desktop":{"background-color":"var(--ast-global-color-5)","background-image":"","background-repeat":"repeat","background-position":"center center","background-size":"auto","background-attachment":"scroll","background-type":"","background-media":"","overlay-type":"","overlay-color":"","overlay-opacity":"","overlay-gradient":""},"tablet":{"background-color":"var(--ast-global-color-5)","background-image":"","background-repeat":"repeat","background-position":"center center","background-size":"auto","background-attachment":"scroll","background-type":"","background-media":"","overlay-type":"","overlay-color":"","overlay-opacity":"","overlay-gradient":""},"mobile":{"background-color":"var(--ast-global-color-5)","background-image":"","background-repeat":"repeat","background-position":"center center","background-size":"auto","background-attachment":"scroll","background-type":"","background-media":"","overlay-type":"","overlay-color":"","overlay-opacity":"","overlay-gradient":""}},"footnotes":""},"class_list":["post-3284","page","type-page","status-publish","hentry"],"yoast_head":"<!-- This site is optimized with the Yoast SEO plugin v27.4 - https:\/\/yoast.com\/product\/yoast-seo-wordpress\/ -->\n<title>Komisje - Wysokie Mazowieckie<\/title>\n<meta name=\"robots\" content=\"index, follow, max-snippet:-1, max-image-preview:large, max-video-preview:-1\" \/>\n<link rel=\"canonical\" href=\"https:\/\/wysokiemazowieckie.pl\/en\/komisje\/\" \/>\n<meta property=\"og:locale\" content=\"en_US\" \/>\n<meta property=\"og:type\" content=\"article\" \/>\n<meta property=\"og:title\" content=\"Komisje - Wysokie Mazowieckie\" \/>\n<meta property=\"og:description\" content=\"1. Komisja Finansowa Do kompetencji Komisji Finansowej nale\u017cy: 2. Komisja Funkcjonowania Miasta Do kompetencji Komisji Funkcjonowania Miasta nale\u017cy: 3. Komisja ds. Rodziny i Polityki Spo\u0142ecznej&nbsp; Do kompetencji Komisji ds. Rodziny [&hellip;]\" \/>\n<meta property=\"og:url\" content=\"https:\/\/wysokiemazowieckie.pl\/en\/komisje\/\" \/>\n<meta property=\"og:site_name\" content=\"Wysokie Mazowieckie\" \/>\n<meta name=\"twitter:card\" content=\"summary_large_image\" \/>\n<meta name=\"twitter:label1\" content=\"Est. reading time\" \/>\n\t<meta name=\"twitter:data1\" content=\"4 minutes\" \/>\n<script type=\"application\/ld+json\" class=\"yoast-schema-graph\">{\"@context\":\"https:\\\/\\\/schema.org\",\"@graph\":[{\"@type\":\"WebPage\",\"@id\":\"https:\\\/\\\/wysokiemazowieckie.pl\\\/en\\\/komisje\\\/\",\"url\":\"https:\\\/\\\/wysokiemazowieckie.pl\\\/en\\\/komisje\\\/\",\"name\":\"Komisje - Wysokie Mazowieckie\",\"isPartOf\":{\"@id\":\"https:\\\/\\\/wysokiemazowieckie.pl\\\/#website\"},\"datePublished\":\"2023-01-18T16:45:09+00:00\",\"breadcrumb\":{\"@id\":\"https:\\\/\\\/wysokiemazowieckie.pl\\\/en\\\/komisje\\\/#breadcrumb\"},\"inLanguage\":\"en-US\",\"potentialAction\":[{\"@type\":\"ReadAction\",\"target\":[\"https:\\\/\\\/wysokiemazowieckie.pl\\\/en\\\/komisje\\\/\"]}]},{\"@type\":\"BreadcrumbList\",\"@id\":\"https:\\\/\\\/wysokiemazowieckie.pl\\\/en\\\/komisje\\\/#breadcrumb\",\"itemListElement\":[{\"@type\":\"ListItem\",\"position\":1,\"name\":\"Home\",\"item\":\"https:\\\/\\\/wysokiemazowieckie.pl\\\/en\\\/strona-glowna\\\/\"},{\"@type\":\"ListItem\",\"position\":2,\"name\":\"Komisje\"}]},{\"@type\":\"WebSite\",\"@id\":\"https:\\\/\\\/wysokiemazowieckie.pl\\\/#website\",\"url\":\"https:\\\/\\\/wysokiemazowieckie.pl\\\/\",\"name\":\"Wysokie Mazowieckie\",\"description\":\"City hall\",\"publisher\":{\"@id\":\"https:\\\/\\\/wysokiemazowieckie.pl\\\/#organization\"},\"potentialAction\":[{\"@type\":\"SearchAction\",\"target\":{\"@type\":\"EntryPoint\",\"urlTemplate\":\"https:\\\/\\\/wysokiemazowieckie.pl\\\/?s={search_term_string}\"},\"query-input\":{\"@type\":\"PropertyValueSpecification\",\"valueRequired\":true,\"valueName\":\"search_term_string\"}}],\"inLanguage\":\"en-US\"},{\"@type\":\"Organization\",\"@id\":\"https:\\\/\\\/wysokiemazowieckie.pl\\\/#organization\",\"name\":\"Wysokie Mazowieckie\",\"url\":\"https:\\\/\\\/wysokiemazowieckie.pl\\\/\",\"logo\":{\"@type\":\"ImageObject\",\"inLanguage\":\"en-US\",\"@id\":\"https:\\\/\\\/wysokiemazowieckie.pl\\\/#\\\/schema\\\/logo\\\/image\\\/\",\"url\":\"https:\\\/\\\/wysokiemazowieckie.pl\\\/wp-content\\\/uploads\\\/2022\\\/11\\\/herbWysokieMaz600.png\",\"contentUrl\":\"https:\\\/\\\/wysokiemazowieckie.pl\\\/wp-content\\\/uploads\\\/2022\\\/11\\\/herbWysokieMaz600.png\",\"width\":496,\"height\":600,\"caption\":\"Wysokie Mazowieckie\"},\"image\":{\"@id\":\"https:\\\/\\\/wysokiemazowieckie.pl\\\/#\\\/schema\\\/logo\\\/image\\\/\"}}]}<\/script>\n<!-- \/ Yoast SEO plugin. -->","yoast_head_json":{"title":"Komisje - Wysokie Mazowieckie","robots":{"index":"index","follow":"follow","max-snippet":"max-snippet:-1","max-image-preview":"max-image-preview:large","max-video-preview":"max-video-preview:-1"},"canonical":"https:\/\/wysokiemazowieckie.pl\/en\/komisje\/","og_locale":"en_US","og_type":"article","og_title":"Komisje - Wysokie Mazowieckie","og_description":"1. Komisja Finansowa Do kompetencji Komisji Finansowej nale\u017cy: 2. Komisja Funkcjonowania Miasta Do kompetencji Komisji Funkcjonowania Miasta nale\u017cy: 3. Komisja ds. Rodziny i Polityki Spo\u0142ecznej&nbsp; Do kompetencji Komisji ds. Rodziny [&hellip;]","og_url":"https:\/\/wysokiemazowieckie.pl\/en\/komisje\/","og_site_name":"Wysokie Mazowieckie","twitter_card":"summary_large_image","twitter_misc":{"Est. reading time":"4 minutes"},"schema":{"@context":"https:\/\/schema.org","@graph":[{"@type":"WebPage","@id":"https:\/\/wysokiemazowieckie.pl\/en\/komisje\/","url":"https:\/\/wysokiemazowieckie.pl\/en\/komisje\/","name":"Komisje - Wysokie Mazowieckie","isPartOf":{"@id":"https:\/\/wysokiemazowieckie.pl\/#website"},"datePublished":"2023-01-18T16:45:09+00:00","breadcrumb":{"@id":"https:\/\/wysokiemazowieckie.pl\/en\/komisje\/#breadcrumb"},"inLanguage":"en-US","potentialAction":[{"@type":"ReadAction","target":["https:\/\/wysokiemazowieckie.pl\/en\/komisje\/"]}]},{"@type":"BreadcrumbList","@id":"https:\/\/wysokiemazowieckie.pl\/en\/komisje\/#breadcrumb","itemListElement":[{"@type":"ListItem","position":1,"name":"Home","item":"https:\/\/wysokiemazowieckie.pl\/en\/strona-glowna\/"},{"@type":"ListItem","position":2,"name":"Komisje"}]},{"@type":"WebSite","@id":"https:\/\/wysokiemazowieckie.pl\/#website","url":"https:\/\/wysokiemazowieckie.pl\/","name":"Wysokie Mazowieckie","description":"City hall","publisher":{"@id":"https:\/\/wysokiemazowieckie.pl\/#organization"},"potentialAction":[{"@type":"SearchAction","target":{"@type":"EntryPoint","urlTemplate":"https:\/\/wysokiemazowieckie.pl\/?s={search_term_string}"},"query-input":{"@type":"PropertyValueSpecification","valueRequired":true,"valueName":"search_term_string"}}],"inLanguage":"en-US"},{"@type":"Organization","@id":"https:\/\/wysokiemazowieckie.pl\/#organization","name":"Wysokie Mazowieckie","url":"https:\/\/wysokiemazowieckie.pl\/","logo":{"@type":"ImageObject","inLanguage":"en-US","@id":"https:\/\/wysokiemazowieckie.pl\/#\/schema\/logo\/image\/","url":"https:\/\/wysokiemazowieckie.pl\/wp-content\/uploads\/2022\/11\/herbWysokieMaz600.png","contentUrl":"https:\/\/wysokiemazowieckie.pl\/wp-content\/uploads\/2022\/11\/herbWysokieMaz600.png","width":496,"height":600,"caption":"Wysokie Mazowieckie"},"image":{"@id":"https:\/\/wysokiemazowieckie.pl\/#\/schema\/logo\/image\/"}}]}},"_links":{"self":[{"href":"https:\/\/wysokiemazowieckie.pl\/en\/wp-json\/wp\/v2\/pages\/3284","targetHints":{"allow":["GET"]}}],"collection":[{"href":"https:\/\/wysokiemazowieckie.pl\/en\/wp-json\/wp\/v2\/pages"}],"about":[{"href":"https:\/\/wysokiemazowieckie.pl\/en\/wp-json\/wp\/v2\/types\/page"}],"author":[{"embeddable":true,"href":"https:\/\/wysokiemazowieckie.pl\/en\/wp-json\/wp\/v2\/users\/8"}],"replies":[{"embeddable":true,"href":"https:\/\/wysokiemazowieckie.pl\/en\/wp-json\/wp\/v2\/comments?post=3284"}],"version-history":[{"count":0,"href":"https:\/\/wysokiemazowieckie.pl\/en\/wp-json\/wp\/v2\/pages\/3284\/revisions"}],"wp:attachment":[{"href":"https:\/\/wysokiemazowieckie.pl\/en\/wp-json\/wp\/v2\/media?parent=3284"}],"curies":[{"name":"wp","href":"https:\/\/api.w.org\/{rel}","templated":true}]}}