{"id":3281,"date":"2023-01-18T13:48:36","date_gmt":"2023-01-18T12:48:36","guid":{"rendered":"https:\/\/wysokiemazowieckie.pl\/historia\/"},"modified":"2023-01-18T13:48:36","modified_gmt":"2023-01-18T12:48:36","slug":"historia","status":"publish","type":"page","link":"https:\/\/wysokiemazowieckie.pl\/en\/historia\/","title":{"rendered":"Historia"},"content":{"rendered":"\n<div class=\"wp-block-columns is-layout-flex wp-container-core-columns-is-layout-28f84493 wp-block-columns-is-layout-flex\">\n<div class=\"wp-block-column is-vertically-aligned-center is-layout-flow wp-block-column-is-layout-flow\" style=\"flex-basis:20%\">\n<figure class=\"wp-block-image aligncenter size-full\"><img loading=\"lazy\" decoding=\"async\" width=\"147\" height=\"200\" src=\"https:\/\/wysokiemazowieckie.pl\/wp-content\/uploads\/2023\/01\/kazimierz_jagielonczyk.jpg\" alt=\"\" class=\"wp-image-2660\"\/><\/figure>\n<\/div>\n\n\n\n<div class=\"wp-block-column is-layout-flow wp-block-column-is-layout-flow\" style=\"flex-basis:80%\">\n<p>Najstarsz\u0105 wzmiank\u0119 dotycz\u0105c\u0105 miasta mo\u017cna znale\u017a\u0107 w &#8220;Dokumentach Konrada&#8221; z 1203r., w kt\u00f3rych figuruje jako wie\u015b Wysokie. Oko\u0142o 1239r. miejscowo\u015b\u0107 okre\u015blono jako osiedle, nale\u017c\u0105ce do kasztelani \u015bwi\u0119ckiej. W dokumentach z ko\u0144ca XV wieku Wysokie pojawia si\u0119 jako nazwa osady kr\u00f3lewskiej, za\u0142o\u017conej przez Kazimierza Jagiello\u0144czyka, kt\u00f3ry nada\u0142 jej prawa miejskie w 1492 roku. W roku 1496 Aleksander Jagiello\u0144czyk okre\u015bli\u0142 granice miasta, a w roku 1503, ju\u017c jako kr\u00f3l Polski, aktem wystawionym w Wilnie nada\u0142 jej prawa magdeburskie, potwierdzaj\u0105c stare przywileje mieszka\u0144c\u00f3w. Nada\u0142 tak\u017ce nowe, takie jak: korzystanie ze staw\u00f3w kr\u00f3lewskich, warzenie piwa i stanowienie s\u0105downictwa miejskiego.W drugiej po\u0142owie XVI wieku miasto przesz\u0142o w r\u0119ce Radziwi\u0142\u0142\u00f3w, a nast\u0119pnie by\u0142o w\u0142asno\u015bci\u0105 innych rod\u00f3w. Cz\u0119ste zmiany w\u0142a\u015bcicieli hamowa\u0142y jego rozw\u00f3j. W czasie najazdu szwedzkiego Wysokie Mazowieckie zosta\u0142o ca\u0142kowicie zniszczone i spalone. Z poniesionych strat nie mog\u0142o pod\u017awign\u0105\u0107 si\u0119 do ko\u0144ca XVIII wieku. Ci\u0105g\u0142e wojny, pocz\u0105wszy od najazdy szwedzkiego, przez wojn\u0119 p\u00f3\u0142nocn\u0105, konfederacj\u0119 barsk\u0105, a na powstaniu ko\u015bciuszkowskim sko\u0144czywszy, nie sprzyja\u0142y odbudowie miejscowo\u015bci. Rozw\u00f3j miasta powstrzymywa\u0142y tak\u017ce przynale\u017cno\u015bci do r\u00f3\u017cnych zabor\u00f3w. Za czynny udzia\u0142 mieszka\u0144c\u00f3w w powstaniu styczniowym miasto zdegradowano do miana osady wiejskiej.<\/p>\n<\/div>\n<\/div>\n\n\n\n<p>W 1866 r. Wysokie Mazowieckie sta\u0142o si\u0119 siedzib\u0105 powiatu, pozostaj\u0105c jednak osad\u0105 a\u017c do wybuchu I wojny \u015bwiatowej. Rang\u0119 miasta przywr\u00f3ci\u0142y dopiero w\u0142adze niemieckie w roku 1915. Rolniczy charakter miasta powodowa\u0142 spowolnienie rozwoju w okresie mi\u0119dzywojennym. Miasto o\u017cywia\u0142o si\u0119 tylko w poniedzia\u0142ki i czwartki, kiedy na targ przybywali okoliczni rolnicy przywo\u017c\u0105cy p\u0142ody rolne.<\/p>\n\n\n\n<p>W czasie II wojny \u015bwiatowej Niemcy niemal ca\u0142kowicie spalili miasto, ponadto wymordowali ludno\u015b\u0107 pochodzenia \u017cydowskiego. R\u00f3wnie tragiczny los spotka\u0142 wyr\u00f3\u017cniaj\u0105ca si\u0119 cz\u0119\u015b\u0107 inteligencji polskiej. Mimo prze\u015bladowa\u0144 i terroru, ludno\u015b\u0107 prowadzi\u0142a walk\u0119 z okupantem. Miasto by\u0142o o\u015brodkiem ruchu oporu i siedzib\u0105 komendy Armii Krajowej.<\/p>\n\n\n\n<p>Po wojnie nast\u0105pi\u0142 rozw\u00f3j budownictwa mieszkaniowego. Miasto sta\u0142o si\u0119 o\u015brodkiem powiatowym , powsta\u0142y zak\u0142ady i instytucje zwi\u0105zane g\u0142\u00f3wnie z rolnictwem. Zorganizowano tak\u017ce szko\u0142y podstawowe i ponadpodstawowe, plac\u00f3wki s\u0142u\u017cby zdrowia.<\/p>\n\n\n\n<div class=\"wp-block-columns is-layout-flex wp-container-core-columns-is-layout-28f84493 wp-block-columns-is-layout-flex\">\n<div class=\"wp-block-column is-vertically-aligned-center is-layout-flow wp-block-column-is-layout-flow\" style=\"flex-basis:33.33%\">\n<figure class=\"wp-block-image aligncenter size-full is-resized\"><img loading=\"lazy\" decoding=\"async\" src=\"https:\/\/wysokiemazowieckie.pl\/wp-content\/uploads\/2022\/11\/image-25.png\" alt=\"\" class=\"wp-image-224\" width=\"97\" height=\"118\" srcset=\"https:\/\/wysokiemazowieckie.pl\/wp-content\/uploads\/2022\/11\/image-25.png 97w, https:\/\/wysokiemazowieckie.pl\/wp-content\/uploads\/2022\/11\/image-25-85x103.png 85w\" sizes=\"auto, (max-width: 97px) 100vw, 97px\" \/><\/figure>\n<\/div>\n\n\n\n<div class=\"wp-block-column is-layout-flow wp-block-column-is-layout-flow\" style=\"flex-basis:66.66%\">\n<p>W 1992 roku w zwi\u0105zku z 500-leciem miasta zosta\u0142 ufundowany sztandar, kt\u00f3ry uzupe\u0142ni\u0142 dotychczasowe symbole. Do tego czasu jako symbol funkcjonowa\u0142 jedynie Herb Miasta, kt\u00f3ry wi\u0105\u017ce si\u0119 z faktem lokacji, nadaniem prawa magdeburskiego i wzrostem znaczenia miasta XVI wieku. Herbem jest bia\u0142y \u0142ab\u0119d\u017a p\u0142yn\u0105cy po wodzie na niebieskim tle. Woda ma kolor zielony, za\u015b bia\u0142y kolor w heraldyce oznacza kolor srebrny. Brak jest dokument\u00f3w pozwalaj\u0105cych na ustalenie genezy powstania herbu jak i formy jego afirmacji. Wed\u0142ug jednej z wersji powstanie herbu wywodzi si\u0119 od staw\u00f3w kr\u00f3lewskich, na kt\u00f3rych gnie\u017adzi\u0142y si\u0119 \u0142ab\u0119dzie. Druga wersja powo\u0142uje si\u0119 na wierno\u015b\u0107 mieszka\u0144c\u00f3w miasta ksi\u0119ciu mazowieckiemu. \u0141ab\u0119d\u017a jest symbolem wierno\u015bci i przywi\u0105zania.<\/p>\n<\/div>\n<\/div>\n\n\n\n<div class=\"wp-block-columns is-layout-flex wp-container-core-columns-is-layout-28f84493 wp-block-columns-is-layout-flex\">\n<div class=\"wp-block-column is-vertically-aligned-center is-layout-flow wp-block-column-is-layout-flow\" style=\"flex-basis:33.33%\">\n<figure class=\"wp-block-image aligncenter size-full is-resized\"><img loading=\"lazy\" decoding=\"async\" src=\"https:\/\/wysokiemazowieckie.pl\/wp-content\/uploads\/2023\/01\/320px-POL_Wysokie_Mazowieckie_flag.svg_.png\" alt=\"\" class=\"wp-image-2666\" width=\"240\" height=\"149\" srcset=\"https:\/\/wysokiemazowieckie.pl\/wp-content\/uploads\/2023\/01\/320px-POL_Wysokie_Mazowieckie_flag.svg_.png 320w, https:\/\/wysokiemazowieckie.pl\/wp-content\/uploads\/2023\/01\/320px-POL_Wysokie_Mazowieckie_flag.svg_-300x186.png 300w\" sizes=\"auto, (max-width: 240px) 100vw, 240px\" \/><\/figure>\n<\/div>\n\n\n\n<div class=\"wp-block-column is-vertically-aligned-center is-layout-flow wp-block-column-is-layout-flow\" style=\"flex-basis:66.66%\">\n<p>Dnia 10 pa\u017adziernika 2002 roku Rada Miasta podj\u0119\u0142a uchwa\u0142\u0119 w sprawie ustanowienia flagi miasta, kt\u00f3rej wz\u00f3r wywodzi si\u0119 bezpo\u015brednio z tarczy herbowej miasta. Flaga tr\u00f3jdzielna z pasem srebrnym b\u0142\u0119kitnym i zielonym z lewa w skos. W polu b\u0142\u0119kitnym z prawa -god\u0142o miasta &#8211; \u0142ab\u0119d\u017a srebrny.<\/p>\n<\/div>\n<\/div>\n<p>Views: 93<\/p>","protected":false},"excerpt":{"rendered":"<p>Najstarsz\u0105 wzmiank\u0119 dotycz\u0105c\u0105 miasta mo\u017cna znale\u017a\u0107 w &#8220;Dokumentach Konrada&#8221; z 1203r., w kt\u00f3rych figuruje jako wie\u015b Wysokie. Oko\u0142o 1239r. miejscowo\u015b\u0107 okre\u015blono jako osiedle, nale\u017c\u0105ce do kasztelani \u015bwi\u0119ckiej. W dokumentach z [&hellip;]<\/p>\n","protected":false},"author":8,"featured_media":0,"parent":0,"menu_order":0,"comment_status":"closed","ping_status":"closed","template":"","meta":{"site-sidebar-layout":"default","site-content-layout":"","ast-site-content-layout":"default","site-content-style":"default","site-sidebar-style":"default","ast-global-header-display":"","ast-banner-title-visibility":"","ast-main-header-display":"","ast-hfb-above-header-display":"","ast-hfb-below-header-display":"","ast-hfb-mobile-header-display":"","site-post-title":"","ast-breadcrumbs-content":"","ast-featured-img":"","footer-sml-layout":"","theme-transparent-header-meta":"","adv-header-id-meta":"","stick-header-meta":"","header-above-stick-meta":"","header-main-stick-meta":"","header-below-stick-meta":"","astra-migrate-meta-layouts":"default","ast-page-background-enabled":"default","ast-page-background-meta":{"desktop":{"background-color":"var(--ast-global-color-4)","background-image":"","background-repeat":"repeat","background-position":"center center","background-size":"auto","background-attachment":"scroll","background-type":"","background-media":"","overlay-type":"","overlay-color":"","overlay-opacity":"","overlay-gradient":""},"tablet":{"background-color":"","background-image":"","background-repeat":"repeat","background-position":"center center","background-size":"auto","background-attachment":"scroll","background-type":"","background-media":"","overlay-type":"","overlay-color":"","overlay-opacity":"","overlay-gradient":""},"mobile":{"background-color":"","background-image":"","background-repeat":"repeat","background-position":"center center","background-size":"auto","background-attachment":"scroll","background-type":"","background-media":"","overlay-type":"","overlay-color":"","overlay-opacity":"","overlay-gradient":""}},"ast-content-background-meta":{"desktop":{"background-color":"var(--ast-global-color-5)","background-image":"","background-repeat":"repeat","background-position":"center center","background-size":"auto","background-attachment":"scroll","background-type":"","background-media":"","overlay-type":"","overlay-color":"","overlay-opacity":"","overlay-gradient":""},"tablet":{"background-color":"var(--ast-global-color-5)","background-image":"","background-repeat":"repeat","background-position":"center center","background-size":"auto","background-attachment":"scroll","background-type":"","background-media":"","overlay-type":"","overlay-color":"","overlay-opacity":"","overlay-gradient":""},"mobile":{"background-color":"var(--ast-global-color-5)","background-image":"","background-repeat":"repeat","background-position":"center center","background-size":"auto","background-attachment":"scroll","background-type":"","background-media":"","overlay-type":"","overlay-color":"","overlay-opacity":"","overlay-gradient":""}},"footnotes":""},"class_list":["post-3281","page","type-page","status-publish","hentry"],"yoast_head":"<!-- This site is optimized with the Yoast SEO plugin v27.4 - https:\/\/yoast.com\/product\/yoast-seo-wordpress\/ -->\n<title>Historia - Wysokie Mazowieckie<\/title>\n<meta name=\"robots\" content=\"index, follow, max-snippet:-1, max-image-preview:large, max-video-preview:-1\" \/>\n<link rel=\"canonical\" href=\"https:\/\/wysokiemazowieckie.pl\/en\/historia\/\" \/>\n<meta property=\"og:locale\" content=\"en_US\" \/>\n<meta property=\"og:type\" content=\"article\" \/>\n<meta property=\"og:title\" content=\"Historia - Wysokie Mazowieckie\" \/>\n<meta property=\"og:description\" content=\"Najstarsz\u0105 wzmiank\u0119 dotycz\u0105c\u0105 miasta mo\u017cna znale\u017a\u0107 w &#8220;Dokumentach Konrada&#8221; z 1203r., w kt\u00f3rych figuruje jako wie\u015b Wysokie. Oko\u0142o 1239r. miejscowo\u015b\u0107 okre\u015blono jako osiedle, nale\u017c\u0105ce do kasztelani \u015bwi\u0119ckiej. W dokumentach z [&hellip;]\" \/>\n<meta property=\"og:url\" content=\"https:\/\/wysokiemazowieckie.pl\/en\/historia\/\" \/>\n<meta property=\"og:site_name\" content=\"Wysokie Mazowieckie\" \/>\n<meta property=\"og:image\" content=\"https:\/\/wysokiemazowieckie.pl\/wp-content\/uploads\/2023\/01\/kazimierz_jagielonczyk.jpg\" \/>\n<meta name=\"twitter:card\" content=\"summary_large_image\" \/>\n<meta name=\"twitter:label1\" content=\"Est. reading time\" \/>\n\t<meta name=\"twitter:data1\" content=\"5 minutes\" \/>\n<script type=\"application\/ld+json\" class=\"yoast-schema-graph\">{\"@context\":\"https:\\\/\\\/schema.org\",\"@graph\":[{\"@type\":\"WebPage\",\"@id\":\"https:\\\/\\\/wysokiemazowieckie.pl\\\/en\\\/historia\\\/\",\"url\":\"https:\\\/\\\/wysokiemazowieckie.pl\\\/en\\\/historia\\\/\",\"name\":\"Historia - Wysokie Mazowieckie\",\"isPartOf\":{\"@id\":\"https:\\\/\\\/wysokiemazowieckie.pl\\\/#website\"},\"primaryImageOfPage\":{\"@id\":\"https:\\\/\\\/wysokiemazowieckie.pl\\\/en\\\/historia\\\/#primaryimage\"},\"image\":{\"@id\":\"https:\\\/\\\/wysokiemazowieckie.pl\\\/en\\\/historia\\\/#primaryimage\"},\"thumbnailUrl\":\"https:\\\/\\\/wysokiemazowieckie.pl\\\/wp-content\\\/uploads\\\/2023\\\/01\\\/kazimierz_jagielonczyk.jpg\",\"datePublished\":\"2023-01-18T12:48:36+00:00\",\"breadcrumb\":{\"@id\":\"https:\\\/\\\/wysokiemazowieckie.pl\\\/en\\\/historia\\\/#breadcrumb\"},\"inLanguage\":\"en-US\",\"potentialAction\":[{\"@type\":\"ReadAction\",\"target\":[\"https:\\\/\\\/wysokiemazowieckie.pl\\\/en\\\/historia\\\/\"]}]},{\"@type\":\"ImageObject\",\"inLanguage\":\"en-US\",\"@id\":\"https:\\\/\\\/wysokiemazowieckie.pl\\\/en\\\/historia\\\/#primaryimage\",\"url\":\"https:\\\/\\\/wysokiemazowieckie.pl\\\/wp-content\\\/uploads\\\/2023\\\/01\\\/kazimierz_jagielonczyk.jpg\",\"contentUrl\":\"https:\\\/\\\/wysokiemazowieckie.pl\\\/wp-content\\\/uploads\\\/2023\\\/01\\\/kazimierz_jagielonczyk.jpg\"},{\"@type\":\"BreadcrumbList\",\"@id\":\"https:\\\/\\\/wysokiemazowieckie.pl\\\/en\\\/historia\\\/#breadcrumb\",\"itemListElement\":[{\"@type\":\"ListItem\",\"position\":1,\"name\":\"Home\",\"item\":\"https:\\\/\\\/wysokiemazowieckie.pl\\\/en\\\/strona-glowna\\\/\"},{\"@type\":\"ListItem\",\"position\":2,\"name\":\"Historia\"}]},{\"@type\":\"WebSite\",\"@id\":\"https:\\\/\\\/wysokiemazowieckie.pl\\\/#website\",\"url\":\"https:\\\/\\\/wysokiemazowieckie.pl\\\/\",\"name\":\"Wysokie Mazowieckie\",\"description\":\"City hall\",\"publisher\":{\"@id\":\"https:\\\/\\\/wysokiemazowieckie.pl\\\/#organization\"},\"potentialAction\":[{\"@type\":\"SearchAction\",\"target\":{\"@type\":\"EntryPoint\",\"urlTemplate\":\"https:\\\/\\\/wysokiemazowieckie.pl\\\/?s={search_term_string}\"},\"query-input\":{\"@type\":\"PropertyValueSpecification\",\"valueRequired\":true,\"valueName\":\"search_term_string\"}}],\"inLanguage\":\"en-US\"},{\"@type\":\"Organization\",\"@id\":\"https:\\\/\\\/wysokiemazowieckie.pl\\\/#organization\",\"name\":\"Wysokie Mazowieckie\",\"url\":\"https:\\\/\\\/wysokiemazowieckie.pl\\\/\",\"logo\":{\"@type\":\"ImageObject\",\"inLanguage\":\"en-US\",\"@id\":\"https:\\\/\\\/wysokiemazowieckie.pl\\\/#\\\/schema\\\/logo\\\/image\\\/\",\"url\":\"https:\\\/\\\/wysokiemazowieckie.pl\\\/wp-content\\\/uploads\\\/2022\\\/11\\\/herbWysokieMaz600.png\",\"contentUrl\":\"https:\\\/\\\/wysokiemazowieckie.pl\\\/wp-content\\\/uploads\\\/2022\\\/11\\\/herbWysokieMaz600.png\",\"width\":496,\"height\":600,\"caption\":\"Wysokie Mazowieckie\"},\"image\":{\"@id\":\"https:\\\/\\\/wysokiemazowieckie.pl\\\/#\\\/schema\\\/logo\\\/image\\\/\"}}]}<\/script>\n<!-- \/ Yoast SEO plugin. -->","yoast_head_json":{"title":"Historia - Wysokie Mazowieckie","robots":{"index":"index","follow":"follow","max-snippet":"max-snippet:-1","max-image-preview":"max-image-preview:large","max-video-preview":"max-video-preview:-1"},"canonical":"https:\/\/wysokiemazowieckie.pl\/en\/historia\/","og_locale":"en_US","og_type":"article","og_title":"Historia - Wysokie Mazowieckie","og_description":"Najstarsz\u0105 wzmiank\u0119 dotycz\u0105c\u0105 miasta mo\u017cna znale\u017a\u0107 w &#8220;Dokumentach Konrada&#8221; z 1203r., w kt\u00f3rych figuruje jako wie\u015b Wysokie. Oko\u0142o 1239r. miejscowo\u015b\u0107 okre\u015blono jako osiedle, nale\u017c\u0105ce do kasztelani \u015bwi\u0119ckiej. W dokumentach z [&hellip;]","og_url":"https:\/\/wysokiemazowieckie.pl\/en\/historia\/","og_site_name":"Wysokie Mazowieckie","og_image":[{"url":"https:\/\/wysokiemazowieckie.pl\/wp-content\/uploads\/2023\/01\/kazimierz_jagielonczyk.jpg","type":"","width":"","height":""}],"twitter_card":"summary_large_image","twitter_misc":{"Est. reading time":"5 minutes"},"schema":{"@context":"https:\/\/schema.org","@graph":[{"@type":"WebPage","@id":"https:\/\/wysokiemazowieckie.pl\/en\/historia\/","url":"https:\/\/wysokiemazowieckie.pl\/en\/historia\/","name":"Historia - Wysokie Mazowieckie","isPartOf":{"@id":"https:\/\/wysokiemazowieckie.pl\/#website"},"primaryImageOfPage":{"@id":"https:\/\/wysokiemazowieckie.pl\/en\/historia\/#primaryimage"},"image":{"@id":"https:\/\/wysokiemazowieckie.pl\/en\/historia\/#primaryimage"},"thumbnailUrl":"https:\/\/wysokiemazowieckie.pl\/wp-content\/uploads\/2023\/01\/kazimierz_jagielonczyk.jpg","datePublished":"2023-01-18T12:48:36+00:00","breadcrumb":{"@id":"https:\/\/wysokiemazowieckie.pl\/en\/historia\/#breadcrumb"},"inLanguage":"en-US","potentialAction":[{"@type":"ReadAction","target":["https:\/\/wysokiemazowieckie.pl\/en\/historia\/"]}]},{"@type":"ImageObject","inLanguage":"en-US","@id":"https:\/\/wysokiemazowieckie.pl\/en\/historia\/#primaryimage","url":"https:\/\/wysokiemazowieckie.pl\/wp-content\/uploads\/2023\/01\/kazimierz_jagielonczyk.jpg","contentUrl":"https:\/\/wysokiemazowieckie.pl\/wp-content\/uploads\/2023\/01\/kazimierz_jagielonczyk.jpg"},{"@type":"BreadcrumbList","@id":"https:\/\/wysokiemazowieckie.pl\/en\/historia\/#breadcrumb","itemListElement":[{"@type":"ListItem","position":1,"name":"Home","item":"https:\/\/wysokiemazowieckie.pl\/en\/strona-glowna\/"},{"@type":"ListItem","position":2,"name":"Historia"}]},{"@type":"WebSite","@id":"https:\/\/wysokiemazowieckie.pl\/#website","url":"https:\/\/wysokiemazowieckie.pl\/","name":"Wysokie Mazowieckie","description":"City hall","publisher":{"@id":"https:\/\/wysokiemazowieckie.pl\/#organization"},"potentialAction":[{"@type":"SearchAction","target":{"@type":"EntryPoint","urlTemplate":"https:\/\/wysokiemazowieckie.pl\/?s={search_term_string}"},"query-input":{"@type":"PropertyValueSpecification","valueRequired":true,"valueName":"search_term_string"}}],"inLanguage":"en-US"},{"@type":"Organization","@id":"https:\/\/wysokiemazowieckie.pl\/#organization","name":"Wysokie Mazowieckie","url":"https:\/\/wysokiemazowieckie.pl\/","logo":{"@type":"ImageObject","inLanguage":"en-US","@id":"https:\/\/wysokiemazowieckie.pl\/#\/schema\/logo\/image\/","url":"https:\/\/wysokiemazowieckie.pl\/wp-content\/uploads\/2022\/11\/herbWysokieMaz600.png","contentUrl":"https:\/\/wysokiemazowieckie.pl\/wp-content\/uploads\/2022\/11\/herbWysokieMaz600.png","width":496,"height":600,"caption":"Wysokie Mazowieckie"},"image":{"@id":"https:\/\/wysokiemazowieckie.pl\/#\/schema\/logo\/image\/"}}]}},"_links":{"self":[{"href":"https:\/\/wysokiemazowieckie.pl\/en\/wp-json\/wp\/v2\/pages\/3281","targetHints":{"allow":["GET"]}}],"collection":[{"href":"https:\/\/wysokiemazowieckie.pl\/en\/wp-json\/wp\/v2\/pages"}],"about":[{"href":"https:\/\/wysokiemazowieckie.pl\/en\/wp-json\/wp\/v2\/types\/page"}],"author":[{"embeddable":true,"href":"https:\/\/wysokiemazowieckie.pl\/en\/wp-json\/wp\/v2\/users\/8"}],"replies":[{"embeddable":true,"href":"https:\/\/wysokiemazowieckie.pl\/en\/wp-json\/wp\/v2\/comments?post=3281"}],"version-history":[{"count":0,"href":"https:\/\/wysokiemazowieckie.pl\/en\/wp-json\/wp\/v2\/pages\/3281\/revisions"}],"wp:attachment":[{"href":"https:\/\/wysokiemazowieckie.pl\/en\/wp-json\/wp\/v2\/media?parent=3281"}],"curies":[{"name":"wp","href":"https:\/\/api.w.org\/{rel}","templated":true}]}}