{"id":3278,"date":"2023-01-19T14:24:02","date_gmt":"2023-01-19T13:24:02","guid":{"rendered":"https:\/\/wysokiemazowieckie.pl\/harmonogram\/"},"modified":"2023-01-19T14:24:02","modified_gmt":"2023-01-19T13:24:02","slug":"harmonogram","status":"publish","type":"page","link":"https:\/\/wysokiemazowieckie.pl\/en\/harmonogram\/","title":{"rendered":"Harmonogram"},"content":{"rendered":"\n<p>Okres realizacji konsultacji: 1 kwiecie\u0144 2021r. &#8211; 30 wrzesie\u0144 2021r.<\/p>\n\n\n\n<p><strong>Zapraszamy do udzia\u0142u w wydarzeniach:<\/strong><\/p>\n\n\n\n<figure class=\"wp-block-table\"><table><tbody><tr><td>Konsultacje elektroniczne (E-konsultacje)<\/td><td>czerwiec \u2013 lipiec 2021<\/td><\/tr><tr><td>Punkt konsultacyjny<\/td><td>czerwiec \u2013 lipiec 2021<\/td><\/tr><tr><td>Warsztat konsultacyjny (z u\u017cyciem map)<\/td><td>11 czerwiec 2021<\/td><\/tr><tr><td>DNI OTWARTE wraz z punktem konsultacyjnym HAPPENING<\/td><td>9 lipiec 2021<\/td><\/tr><tr><td>INFORMACJA O WYNIKACH KONSULTACJI I WNIOSKACH DO PLANU<\/td><td>sierpie\u0144 2021<\/td><\/tr><\/tbody><\/table><\/figure>\n\n\n\n<p><strong>Opis metod:<\/strong><\/p>\n\n\n\n<ul class=\"wp-block-list\">\n<li><strong>Metoda konsultacji elektronicznych (<em>E-konsultacje<\/em>)&nbsp;<\/strong>&#8211; zostanie opracowany formularz ankiety elektronicznej. Formularz zostanie umieszczony w serwisie dotycz\u0105cym konsultacji spo\u0142ecznych udost\u0119pnionym w ramach projektu pt. konsultacje dokument\u00f3w planistycznych w podlaskich gminach &#8211; edycja II. Formularz ankiety b\u0119dzie umieszczony na stronie internetowej. Ankiety b\u0119d\u0105 przesy\u0142ane na wskazany adres e-mail. J\u0119zyk prowadzenia konsultacji b\u0119dzie uniwersalny &#8211; zbli\u017cony do wszystkich odbiorc\u00f3w. Po przeprowadzeniu metody zostanie sporz\u0105dzony protok\u00f3\u0142 zawieraj\u0105cy zestawienie wniesionych uwag.<\/li>\n\n\n\n<li><strong>Metoda punkt konsultacyjny<\/strong>&nbsp;<strong>&#8211;&nbsp;<\/strong>realizacja metody b\u0119dzie polega\u0142a na stworzeniu specjalnego, otwartego miejsca, w kt\u00f3rym uczestnicy konsultacji mog\u0105 zapozna\u0107 si\u0119 z dokumentacj\u0105 dotycz\u0105c\u0105 dokumentu planistycznego oraz materia\u0142ami informacyjnymi, z\u0142o\u017cy\u0107 swoje uwagi, przedyskutowa\u0107 z kompetentnymi osobami interesuj\u0105ce ich kwestie. Punkt konsultacyjny zostanie umieszczony w oddzielnym pomieszczeniu, w miejscu dost\u0119pnym dla os\u00f3b o szczeg\u00f3lnych potrzebach, w tym os\u00f3b niepe\u0142nosprawnych. Do obs\u0142ugi punktu zostanie wyznaczony pracownik urz\u0119du.Punkt konsultacyjny b\u0119dzie dzia\u0142a\u0142 2 miesi\u0105ce. Osoby korzystaj\u0105ce z punktu b\u0119d\u0105 mog\u0142y obejrze\u0107 dokumentacj\u0119 zwi\u0105zan\u0105 z projektem dokumentu planistycznego w tym mapy w wersji elektronicznej a tak\u017ce otrzyma\u0107 ich wydruk. W trakcie funkcjonowania punktu b\u0119dzie prowadzona ewaluacja. Po zamkni\u0119ciu punktu wszystkie zebrane uwagi zostan\u0105 opracowane w formie protoko\u0142u uwag.<\/li>\n\n\n\n<li><strong>Technika<\/strong>&nbsp;<strong>warsztat konsultacyjny z u\u017cyciem map &#8211;<\/strong>&nbsp;do realizacji tej techniki wykorzystane zostan\u0105 mapy z projektu dokumentu wy\u0142o\u017conego do konsultacji. Mapy b\u0119d\u0105 drukowane podczas warsztatu na bie\u017c\u0105co, tj. wraz z nak\u0142adaniem na nie kolejnych uwag uczestnik\u00f3w oraz wy\u015bwietlane dla uczestnik\u00f3w. Na mapach umieszczane b\u0119d\u0105 pomys\u0142y zagospodarowania przestrzeni. J\u0119zyk komunikatu na mapach b\u0119dzie zbli\u017cony do wszystkich odbiorc\u00f3w. W pierwszej turze na wydrukowane mapy w toku dyskusji wprowadzone zostan\u0105 uwagi do projektu. Nast\u0119pnie zostan\u0105 one zaprezentowane i poddane os\u0105dowi. Spo\u015br\u00f3d nich wybrane zostan\u0105 uwagi merytoryczne, kt\u00f3re mog\u0105 zosta\u0107 wprowadzone do dokumentu dokumencie. Warsztat odb\u0119dzie si\u0119 w dzie\u0144 wolny od pracy lub w godzinach popo\u0142udniowych, tak aby zadba\u0107 o zgromadzenie zr\u00f3\u017cnicowanych grup uczestnik\u00f3w, w tym os\u00f3b o szczeg\u00f3lnych potrzebach, os\u00f3b r\u00f3\u017cnej p\u0142ci, wieku, wykszta\u0142ceniu, zatrudnieniu &#8211; ok. 20 os\u00f3b. Warsztat b\u0119dzie prowadzony przez animator\u00f3w\/moderator\u00f3w. Uczestnicy b\u0119d\u0105 aran\u017cowa\u0107 miejsca w przestrzeni. Na specjalnym formularzu przedstawi\u0105 wnioski dotycz\u0105ce ka\u017cdej propozycji. Warsztat odb\u0119dzie si\u0119 w sali\/przestrzeni dost\u0119pnej tak\u017ce dla os\u00f3b z niepe\u0142nosprawno\u015bci\u0105. J\u0119zyk prowadzenia spotka\u0144 b\u0119dzie uniwersalny &#8211; zbli\u017cony do wszystkich odbiorc\u00f3w. Uczestnikom spotkania zostan\u0105 zapewnione materia\u0142y oraz przerwa kawowa. Podczas spotkania zostanie przeprowadzona ewaluacja uczestnik\u00f3w.&nbsp; Po zako\u0144czeniu konsultacji zostanie sporz\u0105dzony protok\u00f3\u0142 uwag.<\/li>\n\n\n\n<li><strong>Metoda dni otwartychwraz z punktem konsultacyjnym (happening) &#8211;<\/strong>&nbsp;dzia\u0142ania w ramach tej metody polega\u0107 b\u0119d\u0105 na organizacji&nbsp; spotkania o charakterze happeningu.&nbsp; Podczas spotkania odbywa\u0107 si\u0119 b\u0119d\u0105 specjalnie przygotowane, dotycz\u0105ce tematu konsultacji pokazy, gra i konkurs dla dzieci i m\u0142odzie\u017cy, specjalistyczne panele dyskusyjne dla doros\u0142ych, podczas kt\u00f3rych zbierane b\u0119d\u0105 opinie, uwagi, propozycje w konsultacjach za pomoc\u0105 ankiet. Animacje podczas spotkania b\u0119d\u0105 prowadzone przez profesjonalnego moderatora wed\u0142ug okre\u015blonego scenariusza. Scenariusz spotkania zostanie przemy\u015blany i oparty o lokalny potencja\u0142, tak aby zainteresowa\u0107 jak najwi\u0119ksz\u0105 liczb\u0119 os\u00f3b i stworzy\u0107 przyjazn\u0105 atmosfer\u0119 do prowadzenia dyskusji. W spotkaniu mo\u017ce wzi\u0105\u0107 udzia\u0142 nieograniczona liczba os\u00f3b. Czas trwania&nbsp; happeningu wynosi od 4-8 godzin. Spotkanie otwarte zostanie zorganizowane w dzie\u0144 wolny od pracy lub w godzinach popo\u0142udniowych, w centralnym miejscu Gminy, dost\u0119pnym dla os\u00f3b ze specjalnymi potrzebami, w tym os\u00f3b niepe\u0142nosprawnych. Do tego celu zostanie wynaj\u0119ty namiot lub ma\u0142a scena\/stoisko z wyposa\u017ceniem i nag\u0142o\u015bnieniem, oraz inny drobny sprz\u0119t. Przygotowane zostan\u0105 specjalne materia\u0142y dla uczestnik\u00f3w animacji w postaci wielkoformatowej planszy do gry i inne drobne materia\u0142y animacyjne, dotycz\u0105ce tematu konsultacji. Podczas spotkania zbierane b\u0119d\u0105 uwagi, opinie od uczestnik\u00f3w, kt\u00f3re zostan\u0105 udokumentowane. J\u0119zyk podczas spotkania b\u0119dzie zbli\u017cony do wszystkich odbiorc\u00f3w. Podczas spotkania b\u0119dzie prowadzona ankieta ewaluacyjna.&nbsp; Z przeprowadzonego spotkania zostanie sporz\u0105dzony protok\u00f3\u0142 uwag.<\/li>\n<\/ul>\n<p>Views: 4<\/p>","protected":false},"excerpt":{"rendered":"<p>Okres realizacji konsultacji: 1 kwiecie\u0144 2021r. &#8211; 30 wrzesie\u0144 2021r. Zapraszamy do udzia\u0142u w wydarzeniach: Konsultacje elektroniczne (E-konsultacje) czerwiec \u2013 lipiec 2021 Punkt konsultacyjny czerwiec \u2013 lipiec 2021 Warsztat konsultacyjny [&hellip;]<\/p>\n","protected":false},"author":8,"featured_media":0,"parent":0,"menu_order":0,"comment_status":"closed","ping_status":"closed","template":"","meta":{"site-sidebar-layout":"default","site-content-layout":"","ast-site-content-layout":"default","site-content-style":"default","site-sidebar-style":"default","ast-global-header-display":"","ast-banner-title-visibility":"","ast-main-header-display":"","ast-hfb-above-header-display":"","ast-hfb-below-header-display":"","ast-hfb-mobile-header-display":"","site-post-title":"","ast-breadcrumbs-content":"","ast-featured-img":"","footer-sml-layout":"","theme-transparent-header-meta":"","adv-header-id-meta":"","stick-header-meta":"","header-above-stick-meta":"","header-main-stick-meta":"","header-below-stick-meta":"","astra-migrate-meta-layouts":"default","ast-page-background-enabled":"default","ast-page-background-meta":{"desktop":{"background-color":"var(--ast-global-color-4)","background-image":"","background-repeat":"repeat","background-position":"center center","background-size":"auto","background-attachment":"scroll","background-type":"","background-media":"","overlay-type":"","overlay-color":"","overlay-opacity":"","overlay-gradient":""},"tablet":{"background-color":"","background-image":"","background-repeat":"repeat","background-position":"center center","background-size":"auto","background-attachment":"scroll","background-type":"","background-media":"","overlay-type":"","overlay-color":"","overlay-opacity":"","overlay-gradient":""},"mobile":{"background-color":"","background-image":"","background-repeat":"repeat","background-position":"center center","background-size":"auto","background-attachment":"scroll","background-type":"","background-media":"","overlay-type":"","overlay-color":"","overlay-opacity":"","overlay-gradient":""}},"ast-content-background-meta":{"desktop":{"background-color":"var(--ast-global-color-5)","background-image":"","background-repeat":"repeat","background-position":"center center","background-size":"auto","background-attachment":"scroll","background-type":"","background-media":"","overlay-type":"","overlay-color":"","overlay-opacity":"","overlay-gradient":""},"tablet":{"background-color":"var(--ast-global-color-5)","background-image":"","background-repeat":"repeat","background-position":"center center","background-size":"auto","background-attachment":"scroll","background-type":"","background-media":"","overlay-type":"","overlay-color":"","overlay-opacity":"","overlay-gradient":""},"mobile":{"background-color":"var(--ast-global-color-5)","background-image":"","background-repeat":"repeat","background-position":"center center","background-size":"auto","background-attachment":"scroll","background-type":"","background-media":"","overlay-type":"","overlay-color":"","overlay-opacity":"","overlay-gradient":""}},"footnotes":""},"class_list":["post-3278","page","type-page","status-publish","hentry"],"yoast_head":"<!-- This site is optimized with the Yoast SEO plugin v27.4 - https:\/\/yoast.com\/product\/yoast-seo-wordpress\/ -->\n<title>Harmonogram - Wysokie Mazowieckie<\/title>\n<meta name=\"robots\" content=\"index, follow, max-snippet:-1, max-image-preview:large, max-video-preview:-1\" \/>\n<link rel=\"canonical\" href=\"https:\/\/wysokiemazowieckie.pl\/en\/harmonogram\/\" \/>\n<meta property=\"og:locale\" content=\"en_US\" \/>\n<meta property=\"og:type\" content=\"article\" \/>\n<meta property=\"og:title\" content=\"Harmonogram - Wysokie Mazowieckie\" \/>\n<meta property=\"og:description\" content=\"Okres realizacji konsultacji: 1 kwiecie\u0144 2021r. &#8211; 30 wrzesie\u0144 2021r. Zapraszamy do udzia\u0142u w wydarzeniach: Konsultacje elektroniczne (E-konsultacje) czerwiec \u2013 lipiec 2021 Punkt konsultacyjny czerwiec \u2013 lipiec 2021 Warsztat konsultacyjny [&hellip;]\" \/>\n<meta property=\"og:url\" content=\"https:\/\/wysokiemazowieckie.pl\/en\/harmonogram\/\" \/>\n<meta property=\"og:site_name\" content=\"Wysokie Mazowieckie\" \/>\n<meta name=\"twitter:card\" content=\"summary_large_image\" \/>\n<meta name=\"twitter:label1\" content=\"Est. reading time\" \/>\n\t<meta name=\"twitter:data1\" content=\"4 minutes\" \/>\n<script type=\"application\/ld+json\" class=\"yoast-schema-graph\">{\"@context\":\"https:\\\/\\\/schema.org\",\"@graph\":[{\"@type\":\"WebPage\",\"@id\":\"https:\\\/\\\/wysokiemazowieckie.pl\\\/en\\\/harmonogram\\\/\",\"url\":\"https:\\\/\\\/wysokiemazowieckie.pl\\\/en\\\/harmonogram\\\/\",\"name\":\"Harmonogram - Wysokie Mazowieckie\",\"isPartOf\":{\"@id\":\"https:\\\/\\\/wysokiemazowieckie.pl\\\/#website\"},\"datePublished\":\"2023-01-19T13:24:02+00:00\",\"breadcrumb\":{\"@id\":\"https:\\\/\\\/wysokiemazowieckie.pl\\\/en\\\/harmonogram\\\/#breadcrumb\"},\"inLanguage\":\"en-US\",\"potentialAction\":[{\"@type\":\"ReadAction\",\"target\":[\"https:\\\/\\\/wysokiemazowieckie.pl\\\/en\\\/harmonogram\\\/\"]}]},{\"@type\":\"BreadcrumbList\",\"@id\":\"https:\\\/\\\/wysokiemazowieckie.pl\\\/en\\\/harmonogram\\\/#breadcrumb\",\"itemListElement\":[{\"@type\":\"ListItem\",\"position\":1,\"name\":\"Home\",\"item\":\"https:\\\/\\\/wysokiemazowieckie.pl\\\/en\\\/strona-glowna\\\/\"},{\"@type\":\"ListItem\",\"position\":2,\"name\":\"Harmonogram\"}]},{\"@type\":\"WebSite\",\"@id\":\"https:\\\/\\\/wysokiemazowieckie.pl\\\/#website\",\"url\":\"https:\\\/\\\/wysokiemazowieckie.pl\\\/\",\"name\":\"Wysokie Mazowieckie\",\"description\":\"City hall\",\"publisher\":{\"@id\":\"https:\\\/\\\/wysokiemazowieckie.pl\\\/#organization\"},\"potentialAction\":[{\"@type\":\"SearchAction\",\"target\":{\"@type\":\"EntryPoint\",\"urlTemplate\":\"https:\\\/\\\/wysokiemazowieckie.pl\\\/?s={search_term_string}\"},\"query-input\":{\"@type\":\"PropertyValueSpecification\",\"valueRequired\":true,\"valueName\":\"search_term_string\"}}],\"inLanguage\":\"en-US\"},{\"@type\":\"Organization\",\"@id\":\"https:\\\/\\\/wysokiemazowieckie.pl\\\/#organization\",\"name\":\"Wysokie Mazowieckie\",\"url\":\"https:\\\/\\\/wysokiemazowieckie.pl\\\/\",\"logo\":{\"@type\":\"ImageObject\",\"inLanguage\":\"en-US\",\"@id\":\"https:\\\/\\\/wysokiemazowieckie.pl\\\/#\\\/schema\\\/logo\\\/image\\\/\",\"url\":\"https:\\\/\\\/wysokiemazowieckie.pl\\\/wp-content\\\/uploads\\\/2022\\\/11\\\/herbWysokieMaz600.png\",\"contentUrl\":\"https:\\\/\\\/wysokiemazowieckie.pl\\\/wp-content\\\/uploads\\\/2022\\\/11\\\/herbWysokieMaz600.png\",\"width\":496,\"height\":600,\"caption\":\"Wysokie Mazowieckie\"},\"image\":{\"@id\":\"https:\\\/\\\/wysokiemazowieckie.pl\\\/#\\\/schema\\\/logo\\\/image\\\/\"}}]}<\/script>\n<!-- \/ Yoast SEO plugin. -->","yoast_head_json":{"title":"Harmonogram - Wysokie Mazowieckie","robots":{"index":"index","follow":"follow","max-snippet":"max-snippet:-1","max-image-preview":"max-image-preview:large","max-video-preview":"max-video-preview:-1"},"canonical":"https:\/\/wysokiemazowieckie.pl\/en\/harmonogram\/","og_locale":"en_US","og_type":"article","og_title":"Harmonogram - Wysokie Mazowieckie","og_description":"Okres realizacji konsultacji: 1 kwiecie\u0144 2021r. &#8211; 30 wrzesie\u0144 2021r. Zapraszamy do udzia\u0142u w wydarzeniach: Konsultacje elektroniczne (E-konsultacje) czerwiec \u2013 lipiec 2021 Punkt konsultacyjny czerwiec \u2013 lipiec 2021 Warsztat konsultacyjny [&hellip;]","og_url":"https:\/\/wysokiemazowieckie.pl\/en\/harmonogram\/","og_site_name":"Wysokie Mazowieckie","twitter_card":"summary_large_image","twitter_misc":{"Est. reading time":"4 minutes"},"schema":{"@context":"https:\/\/schema.org","@graph":[{"@type":"WebPage","@id":"https:\/\/wysokiemazowieckie.pl\/en\/harmonogram\/","url":"https:\/\/wysokiemazowieckie.pl\/en\/harmonogram\/","name":"Harmonogram - Wysokie Mazowieckie","isPartOf":{"@id":"https:\/\/wysokiemazowieckie.pl\/#website"},"datePublished":"2023-01-19T13:24:02+00:00","breadcrumb":{"@id":"https:\/\/wysokiemazowieckie.pl\/en\/harmonogram\/#breadcrumb"},"inLanguage":"en-US","potentialAction":[{"@type":"ReadAction","target":["https:\/\/wysokiemazowieckie.pl\/en\/harmonogram\/"]}]},{"@type":"BreadcrumbList","@id":"https:\/\/wysokiemazowieckie.pl\/en\/harmonogram\/#breadcrumb","itemListElement":[{"@type":"ListItem","position":1,"name":"Home","item":"https:\/\/wysokiemazowieckie.pl\/en\/strona-glowna\/"},{"@type":"ListItem","position":2,"name":"Harmonogram"}]},{"@type":"WebSite","@id":"https:\/\/wysokiemazowieckie.pl\/#website","url":"https:\/\/wysokiemazowieckie.pl\/","name":"Wysokie Mazowieckie","description":"City hall","publisher":{"@id":"https:\/\/wysokiemazowieckie.pl\/#organization"},"potentialAction":[{"@type":"SearchAction","target":{"@type":"EntryPoint","urlTemplate":"https:\/\/wysokiemazowieckie.pl\/?s={search_term_string}"},"query-input":{"@type":"PropertyValueSpecification","valueRequired":true,"valueName":"search_term_string"}}],"inLanguage":"en-US"},{"@type":"Organization","@id":"https:\/\/wysokiemazowieckie.pl\/#organization","name":"Wysokie Mazowieckie","url":"https:\/\/wysokiemazowieckie.pl\/","logo":{"@type":"ImageObject","inLanguage":"en-US","@id":"https:\/\/wysokiemazowieckie.pl\/#\/schema\/logo\/image\/","url":"https:\/\/wysokiemazowieckie.pl\/wp-content\/uploads\/2022\/11\/herbWysokieMaz600.png","contentUrl":"https:\/\/wysokiemazowieckie.pl\/wp-content\/uploads\/2022\/11\/herbWysokieMaz600.png","width":496,"height":600,"caption":"Wysokie Mazowieckie"},"image":{"@id":"https:\/\/wysokiemazowieckie.pl\/#\/schema\/logo\/image\/"}}]}},"_links":{"self":[{"href":"https:\/\/wysokiemazowieckie.pl\/en\/wp-json\/wp\/v2\/pages\/3278","targetHints":{"allow":["GET"]}}],"collection":[{"href":"https:\/\/wysokiemazowieckie.pl\/en\/wp-json\/wp\/v2\/pages"}],"about":[{"href":"https:\/\/wysokiemazowieckie.pl\/en\/wp-json\/wp\/v2\/types\/page"}],"author":[{"embeddable":true,"href":"https:\/\/wysokiemazowieckie.pl\/en\/wp-json\/wp\/v2\/users\/8"}],"replies":[{"embeddable":true,"href":"https:\/\/wysokiemazowieckie.pl\/en\/wp-json\/wp\/v2\/comments?post=3278"}],"version-history":[{"count":0,"href":"https:\/\/wysokiemazowieckie.pl\/en\/wp-json\/wp\/v2\/pages\/3278\/revisions"}],"wp:attachment":[{"href":"https:\/\/wysokiemazowieckie.pl\/en\/wp-json\/wp\/v2\/media?parent=3278"}],"curies":[{"name":"wp","href":"https:\/\/api.w.org\/{rel}","templated":true}]}}