{"id":3266,"date":"2023-01-19T18:03:12","date_gmt":"2023-01-19T17:03:12","guid":{"rendered":"https:\/\/wysokiemazowieckie.pl\/echo-wysokiego-2019\/"},"modified":"2023-01-19T18:03:12","modified_gmt":"2023-01-19T17:03:12","slug":"echo-wysokiego-2019","status":"publish","type":"page","link":"https:\/\/wysokiemazowieckie.pl\/en\/echo-wysokiego-2019\/","title":{"rendered":"Echo Wysokiego 2019"},"content":{"rendered":"\n<h2 class=\"wp-block-heading\">Echo Wysokiego nr 104 stycze\u0144-marzec 2019<\/h2>\n\n\n\n<div data-wp-interactive=\"core\/file\" class=\"wp-block-file\"><object data-wp-bind--hidden=\"!state.hasPdfPreview\" hidden class=\"wp-block-file__embed\" data=\"https:\/\/wysokiemazowieckie.pl\/wp-content\/uploads\/2023\/01\/ECHOnr104.pdf\" type=\"application\/pdf\" style=\"width:100%;height:600px\" aria-label=\"Embed of ECHOnr104.\"><\/object><a id=\"wp-block-file--media-f6eb829a-854b-489a-bbf5-fe5bb7ba07c8\" href=\"https:\/\/wysokiemazowieckie.pl\/wp-content\/uploads\/2023\/01\/ECHOnr104.pdf\">ECHOnr104<\/a><a href=\"https:\/\/wysokiemazowieckie.pl\/wp-content\/uploads\/2023\/01\/ECHOnr104.pdf\" class=\"wp-block-file__button wp-element-button\" download aria-describedby=\"wp-block-file--media-f6eb829a-854b-489a-bbf5-fe5bb7ba07c8\">Pobierz<\/a><\/div>\n\n\n\n<h2 class=\"wp-block-heading\">Echo Wysokiego nr 105 kwiecie\u0144-maj 2019<\/h2>\n\n\n\n<div data-wp-interactive=\"core\/file\" class=\"wp-block-file\"><object data-wp-bind--hidden=\"!state.hasPdfPreview\" hidden class=\"wp-block-file__embed\" data=\"https:\/\/wysokiemazowieckie.pl\/wp-content\/uploads\/2023\/01\/ECHOnr105.pdf\" type=\"application\/pdf\" style=\"width:100%;height:600px\" aria-label=\"Embed of ECHOnr105.\"><\/object><a id=\"wp-block-file--media-c38c5977-e455-4016-9d2d-a001971890f5\" href=\"https:\/\/wysokiemazowieckie.pl\/wp-content\/uploads\/2023\/01\/ECHOnr105.pdf\">ECHOnr105<\/a><a href=\"https:\/\/wysokiemazowieckie.pl\/wp-content\/uploads\/2023\/01\/ECHOnr105.pdf\" class=\"wp-block-file__button wp-element-button\" download aria-describedby=\"wp-block-file--media-c38c5977-e455-4016-9d2d-a001971890f5\">Pobierz<\/a><\/div>\n\n\n\n<h2 class=\"wp-block-heading\">Echo Wysokiego nr 106 czerwiec-sierpie\u0144 2019<\/h2>\n\n\n\n<div data-wp-interactive=\"core\/file\" class=\"wp-block-file\"><object data-wp-bind--hidden=\"!state.hasPdfPreview\" hidden class=\"wp-block-file__embed\" data=\"https:\/\/wysokiemazowieckie.pl\/wp-content\/uploads\/2023\/01\/ECHOnr106.pdf\" type=\"application\/pdf\" style=\"width:100%;height:600px\" aria-label=\"Embed of ECHOnr106.\"><\/object><a id=\"wp-block-file--media-5be10f70-bd79-45c9-a0d1-1a677efa4870\" href=\"https:\/\/wysokiemazowieckie.pl\/wp-content\/uploads\/2023\/01\/ECHOnr106.pdf\">ECHOnr106<\/a><a href=\"https:\/\/wysokiemazowieckie.pl\/wp-content\/uploads\/2023\/01\/ECHOnr106.pdf\" class=\"wp-block-file__button wp-element-button\" download aria-describedby=\"wp-block-file--media-5be10f70-bd79-45c9-a0d1-1a677efa4870\">Pobierz<\/a><\/div>\n\n\n\n<h2 class=\"wp-block-heading\">Echo Wysokiego nr 107 wrzesie\u0144-pa\u017adziernik 2019<\/h2>\n\n\n\n<div data-wp-interactive=\"core\/file\" class=\"wp-block-file\"><object data-wp-bind--hidden=\"!state.hasPdfPreview\" hidden class=\"wp-block-file__embed\" data=\"https:\/\/wysokiemazowieckie.pl\/wp-content\/uploads\/2023\/01\/ECHOnr107.pdf\" type=\"application\/pdf\" style=\"width:100%;height:600px\" aria-label=\"Embed of ECHOnr107.\"><\/object><a id=\"wp-block-file--media-2ae1c246-981e-451f-b01a-70b91247f23b\" href=\"https:\/\/wysokiemazowieckie.pl\/wp-content\/uploads\/2023\/01\/ECHOnr107.pdf\">ECHOnr107<\/a><a href=\"https:\/\/wysokiemazowieckie.pl\/wp-content\/uploads\/2023\/01\/ECHOnr107.pdf\" class=\"wp-block-file__button wp-element-button\" download aria-describedby=\"wp-block-file--media-2ae1c246-981e-451f-b01a-70b91247f23b\">Pobierz<\/a><\/div>\n\n\n\n<h2 class=\"wp-block-heading\">Echo Wysokiego nr 108 listopad-grudzie\u0144 2019<\/h2>\n\n\n\n<div data-wp-interactive=\"core\/file\" class=\"wp-block-file\"><object data-wp-bind--hidden=\"!state.hasPdfPreview\" hidden class=\"wp-block-file__embed\" data=\"https:\/\/wysokiemazowieckie.pl\/wp-content\/uploads\/2023\/01\/ECHOnr108.pdf\" type=\"application\/pdf\" style=\"width:100%;height:600px\" aria-label=\"Embed of ECHOnr108.\"><\/object><a id=\"wp-block-file--media-e0b2a295-214e-437e-925e-b79556c92db5\" href=\"https:\/\/wysokiemazowieckie.pl\/wp-content\/uploads\/2023\/01\/ECHOnr108.pdf\">ECHOnr108<\/a><a href=\"https:\/\/wysokiemazowieckie.pl\/wp-content\/uploads\/2023\/01\/ECHOnr108.pdf\" class=\"wp-block-file__button wp-element-button\" download aria-describedby=\"wp-block-file--media-e0b2a295-214e-437e-925e-b79556c92db5\">Pobierz<\/a><\/div>\n<p>Views: 32<\/p>","protected":false},"excerpt":{"rendered":"<p>Echo Wysokiego nr 104 stycze\u0144-marzec 2019 Echo Wysokiego nr 105 kwiecie\u0144-maj 2019 Echo Wysokiego nr 106 czerwiec-sierpie\u0144 2019 Echo Wysokiego nr 107 wrzesie\u0144-pa\u017adziernik 2019 Echo Wysokiego nr 108 listopad-grudzie\u0144 2019 [&hellip;]<\/p>\n","protected":false},"author":8,"featured_media":0,"parent":0,"menu_order":0,"comment_status":"closed","ping_status":"closed","template":"","meta":{"site-sidebar-layout":"default","site-content-layout":"","ast-site-content-layout":"default","site-content-style":"default","site-sidebar-style":"default","ast-global-header-display":"","ast-banner-title-visibility":"","ast-main-header-display":"","ast-hfb-above-header-display":"","ast-hfb-below-header-display":"","ast-hfb-mobile-header-display":"","site-post-title":"","ast-breadcrumbs-content":"","ast-featured-img":"","footer-sml-layout":"","theme-transparent-header-meta":"","adv-header-id-meta":"","stick-header-meta":"","header-above-stick-meta":"","header-main-stick-meta":"","header-below-stick-meta":"","astra-migrate-meta-layouts":"default","ast-page-background-enabled":"default","ast-page-background-meta":{"desktop":{"background-color":"var(--ast-global-color-4)","background-image":"","background-repeat":"repeat","background-position":"center center","background-size":"auto","background-attachment":"scroll","background-type":"","background-media":"","overlay-type":"","overlay-color":"","overlay-opacity":"","overlay-gradient":""},"tablet":{"background-color":"","background-image":"","background-repeat":"repeat","background-position":"center center","background-size":"auto","background-attachment":"scroll","background-type":"","background-media":"","overlay-type":"","overlay-color":"","overlay-opacity":"","overlay-gradient":""},"mobile":{"background-color":"","background-image":"","background-repeat":"repeat","background-position":"center center","background-size":"auto","background-attachment":"scroll","background-type":"","background-media":"","overlay-type":"","overlay-color":"","overlay-opacity":"","overlay-gradient":""}},"ast-content-background-meta":{"desktop":{"background-color":"var(--ast-global-color-5)","background-image":"","background-repeat":"repeat","background-position":"center center","background-size":"auto","background-attachment":"scroll","background-type":"","background-media":"","overlay-type":"","overlay-color":"","overlay-opacity":"","overlay-gradient":""},"tablet":{"background-color":"var(--ast-global-color-5)","background-image":"","background-repeat":"repeat","background-position":"center center","background-size":"auto","background-attachment":"scroll","background-type":"","background-media":"","overlay-type":"","overlay-color":"","overlay-opacity":"","overlay-gradient":""},"mobile":{"background-color":"var(--ast-global-color-5)","background-image":"","background-repeat":"repeat","background-position":"center center","background-size":"auto","background-attachment":"scroll","background-type":"","background-media":"","overlay-type":"","overlay-color":"","overlay-opacity":"","overlay-gradient":""}},"footnotes":""},"class_list":["post-3266","page","type-page","status-publish","hentry"],"yoast_head":"<!-- This site is optimized with the Yoast SEO plugin v27.4 - https:\/\/yoast.com\/product\/yoast-seo-wordpress\/ -->\n<title>Echo Wysokiego 2019 - Wysokie Mazowieckie<\/title>\n<meta name=\"robots\" content=\"index, follow, max-snippet:-1, max-image-preview:large, max-video-preview:-1\" \/>\n<link rel=\"canonical\" href=\"https:\/\/wysokiemazowieckie.pl\/en\/echo-wysokiego-2019\/\" \/>\n<meta property=\"og:locale\" content=\"en_US\" \/>\n<meta property=\"og:type\" content=\"article\" \/>\n<meta property=\"og:title\" content=\"Echo Wysokiego 2019 - Wysokie Mazowieckie\" \/>\n<meta property=\"og:description\" content=\"Echo Wysokiego nr 104 stycze\u0144-marzec 2019 Echo Wysokiego nr 105 kwiecie\u0144-maj 2019 Echo Wysokiego nr 106 czerwiec-sierpie\u0144 2019 Echo Wysokiego nr 107 wrzesie\u0144-pa\u017adziernik 2019 Echo Wysokiego nr 108 listopad-grudzie\u0144 2019 [&hellip;]\" \/>\n<meta property=\"og:url\" content=\"https:\/\/wysokiemazowieckie.pl\/en\/echo-wysokiego-2019\/\" \/>\n<meta property=\"og:site_name\" content=\"Wysokie Mazowieckie\" \/>\n<meta name=\"twitter:card\" content=\"summary_large_image\" \/>\n<meta name=\"twitter:label1\" content=\"Est. reading time\" \/>\n\t<meta name=\"twitter:data1\" content=\"1 minute\" \/>\n<script type=\"application\/ld+json\" class=\"yoast-schema-graph\">{\"@context\":\"https:\\\/\\\/schema.org\",\"@graph\":[{\"@type\":\"WebPage\",\"@id\":\"https:\\\/\\\/wysokiemazowieckie.pl\\\/en\\\/echo-wysokiego-2019\\\/\",\"url\":\"https:\\\/\\\/wysokiemazowieckie.pl\\\/en\\\/echo-wysokiego-2019\\\/\",\"name\":\"Echo Wysokiego 2019 - Wysokie Mazowieckie\",\"isPartOf\":{\"@id\":\"https:\\\/\\\/wysokiemazowieckie.pl\\\/#website\"},\"datePublished\":\"2023-01-19T17:03:12+00:00\",\"breadcrumb\":{\"@id\":\"https:\\\/\\\/wysokiemazowieckie.pl\\\/en\\\/echo-wysokiego-2019\\\/#breadcrumb\"},\"inLanguage\":\"en-US\",\"potentialAction\":[{\"@type\":\"ReadAction\",\"target\":[\"https:\\\/\\\/wysokiemazowieckie.pl\\\/en\\\/echo-wysokiego-2019\\\/\"]}]},{\"@type\":\"BreadcrumbList\",\"@id\":\"https:\\\/\\\/wysokiemazowieckie.pl\\\/en\\\/echo-wysokiego-2019\\\/#breadcrumb\",\"itemListElement\":[{\"@type\":\"ListItem\",\"position\":1,\"name\":\"Home\",\"item\":\"https:\\\/\\\/wysokiemazowieckie.pl\\\/en\\\/strona-glowna\\\/\"},{\"@type\":\"ListItem\",\"position\":2,\"name\":\"Echo Wysokiego 2019\"}]},{\"@type\":\"WebSite\",\"@id\":\"https:\\\/\\\/wysokiemazowieckie.pl\\\/#website\",\"url\":\"https:\\\/\\\/wysokiemazowieckie.pl\\\/\",\"name\":\"Wysokie Mazowieckie\",\"description\":\"City hall\",\"publisher\":{\"@id\":\"https:\\\/\\\/wysokiemazowieckie.pl\\\/#organization\"},\"potentialAction\":[{\"@type\":\"SearchAction\",\"target\":{\"@type\":\"EntryPoint\",\"urlTemplate\":\"https:\\\/\\\/wysokiemazowieckie.pl\\\/?s={search_term_string}\"},\"query-input\":{\"@type\":\"PropertyValueSpecification\",\"valueRequired\":true,\"valueName\":\"search_term_string\"}}],\"inLanguage\":\"en-US\"},{\"@type\":\"Organization\",\"@id\":\"https:\\\/\\\/wysokiemazowieckie.pl\\\/#organization\",\"name\":\"Wysokie Mazowieckie\",\"url\":\"https:\\\/\\\/wysokiemazowieckie.pl\\\/\",\"logo\":{\"@type\":\"ImageObject\",\"inLanguage\":\"en-US\",\"@id\":\"https:\\\/\\\/wysokiemazowieckie.pl\\\/#\\\/schema\\\/logo\\\/image\\\/\",\"url\":\"https:\\\/\\\/wysokiemazowieckie.pl\\\/wp-content\\\/uploads\\\/2022\\\/11\\\/herbWysokieMaz600.png\",\"contentUrl\":\"https:\\\/\\\/wysokiemazowieckie.pl\\\/wp-content\\\/uploads\\\/2022\\\/11\\\/herbWysokieMaz600.png\",\"width\":496,\"height\":600,\"caption\":\"Wysokie Mazowieckie\"},\"image\":{\"@id\":\"https:\\\/\\\/wysokiemazowieckie.pl\\\/#\\\/schema\\\/logo\\\/image\\\/\"}}]}<\/script>\n<!-- \/ Yoast SEO plugin. -->","yoast_head_json":{"title":"Echo Wysokiego 2019 - Wysokie Mazowieckie","robots":{"index":"index","follow":"follow","max-snippet":"max-snippet:-1","max-image-preview":"max-image-preview:large","max-video-preview":"max-video-preview:-1"},"canonical":"https:\/\/wysokiemazowieckie.pl\/en\/echo-wysokiego-2019\/","og_locale":"en_US","og_type":"article","og_title":"Echo Wysokiego 2019 - Wysokie Mazowieckie","og_description":"Echo Wysokiego nr 104 stycze\u0144-marzec 2019 Echo Wysokiego nr 105 kwiecie\u0144-maj 2019 Echo Wysokiego nr 106 czerwiec-sierpie\u0144 2019 Echo Wysokiego nr 107 wrzesie\u0144-pa\u017adziernik 2019 Echo Wysokiego nr 108 listopad-grudzie\u0144 2019 [&hellip;]","og_url":"https:\/\/wysokiemazowieckie.pl\/en\/echo-wysokiego-2019\/","og_site_name":"Wysokie Mazowieckie","twitter_card":"summary_large_image","twitter_misc":{"Est. reading time":"1 minute"},"schema":{"@context":"https:\/\/schema.org","@graph":[{"@type":"WebPage","@id":"https:\/\/wysokiemazowieckie.pl\/en\/echo-wysokiego-2019\/","url":"https:\/\/wysokiemazowieckie.pl\/en\/echo-wysokiego-2019\/","name":"Echo Wysokiego 2019 - Wysokie Mazowieckie","isPartOf":{"@id":"https:\/\/wysokiemazowieckie.pl\/#website"},"datePublished":"2023-01-19T17:03:12+00:00","breadcrumb":{"@id":"https:\/\/wysokiemazowieckie.pl\/en\/echo-wysokiego-2019\/#breadcrumb"},"inLanguage":"en-US","potentialAction":[{"@type":"ReadAction","target":["https:\/\/wysokiemazowieckie.pl\/en\/echo-wysokiego-2019\/"]}]},{"@type":"BreadcrumbList","@id":"https:\/\/wysokiemazowieckie.pl\/en\/echo-wysokiego-2019\/#breadcrumb","itemListElement":[{"@type":"ListItem","position":1,"name":"Home","item":"https:\/\/wysokiemazowieckie.pl\/en\/strona-glowna\/"},{"@type":"ListItem","position":2,"name":"Echo Wysokiego 2019"}]},{"@type":"WebSite","@id":"https:\/\/wysokiemazowieckie.pl\/#website","url":"https:\/\/wysokiemazowieckie.pl\/","name":"Wysokie Mazowieckie","description":"City hall","publisher":{"@id":"https:\/\/wysokiemazowieckie.pl\/#organization"},"potentialAction":[{"@type":"SearchAction","target":{"@type":"EntryPoint","urlTemplate":"https:\/\/wysokiemazowieckie.pl\/?s={search_term_string}"},"query-input":{"@type":"PropertyValueSpecification","valueRequired":true,"valueName":"search_term_string"}}],"inLanguage":"en-US"},{"@type":"Organization","@id":"https:\/\/wysokiemazowieckie.pl\/#organization","name":"Wysokie Mazowieckie","url":"https:\/\/wysokiemazowieckie.pl\/","logo":{"@type":"ImageObject","inLanguage":"en-US","@id":"https:\/\/wysokiemazowieckie.pl\/#\/schema\/logo\/image\/","url":"https:\/\/wysokiemazowieckie.pl\/wp-content\/uploads\/2022\/11\/herbWysokieMaz600.png","contentUrl":"https:\/\/wysokiemazowieckie.pl\/wp-content\/uploads\/2022\/11\/herbWysokieMaz600.png","width":496,"height":600,"caption":"Wysokie Mazowieckie"},"image":{"@id":"https:\/\/wysokiemazowieckie.pl\/#\/schema\/logo\/image\/"}}]}},"_links":{"self":[{"href":"https:\/\/wysokiemazowieckie.pl\/en\/wp-json\/wp\/v2\/pages\/3266","targetHints":{"allow":["GET"]}}],"collection":[{"href":"https:\/\/wysokiemazowieckie.pl\/en\/wp-json\/wp\/v2\/pages"}],"about":[{"href":"https:\/\/wysokiemazowieckie.pl\/en\/wp-json\/wp\/v2\/types\/page"}],"author":[{"embeddable":true,"href":"https:\/\/wysokiemazowieckie.pl\/en\/wp-json\/wp\/v2\/users\/8"}],"replies":[{"embeddable":true,"href":"https:\/\/wysokiemazowieckie.pl\/en\/wp-json\/wp\/v2\/comments?post=3266"}],"version-history":[{"count":0,"href":"https:\/\/wysokiemazowieckie.pl\/en\/wp-json\/wp\/v2\/pages\/3266\/revisions"}],"wp:attachment":[{"href":"https:\/\/wysokiemazowieckie.pl\/en\/wp-json\/wp\/v2\/media?parent=3266"}],"curies":[{"name":"wp","href":"https:\/\/api.w.org\/{rel}","templated":true}]}}