{"id":3260,"date":"2023-01-19T17:22:42","date_gmt":"2023-01-19T16:22:42","guid":{"rendered":"https:\/\/wysokiemazowieckie.pl\/echo-wysokiego-2017\/"},"modified":"2023-01-19T17:22:42","modified_gmt":"2023-01-19T16:22:42","slug":"echo-wysokiego-2017","status":"publish","type":"page","link":"https:\/\/wysokiemazowieckie.pl\/en\/echo-wysokiego-2017\/","title":{"rendered":"Echo Wysokiego 2017"},"content":{"rendered":"\n<h2 class=\"wp-block-heading\">Echo Wysokiego nr 93 stycze\u0144-luty 2017<\/h2>\n\n\n\n<div data-wp-interactive=\"core\/file\" class=\"wp-block-file\"><object data-wp-bind--hidden=\"!state.hasPdfPreview\" hidden class=\"wp-block-file__embed\" data=\"https:\/\/wysokiemazowieckie.pl\/wp-content\/uploads\/2023\/01\/ECHOnr93.pdf\" type=\"application\/pdf\" style=\"width:100%;height:600px\" aria-label=\"Embed of ECHOnr93.\"><\/object><a id=\"wp-block-file--media-876b446d-ba5d-4224-8e45-251a2ef811f7\" href=\"https:\/\/wysokiemazowieckie.pl\/wp-content\/uploads\/2023\/01\/ECHOnr93.pdf\">ECHOnr93<\/a><a href=\"https:\/\/wysokiemazowieckie.pl\/wp-content\/uploads\/2023\/01\/ECHOnr93.pdf\" class=\"wp-block-file__button wp-element-button\" download aria-describedby=\"wp-block-file--media-876b446d-ba5d-4224-8e45-251a2ef811f7\">Pobierz<\/a><\/div>\n\n\n\n<h2 class=\"wp-block-heading\">Echo Wysokiego nr 94 marzec-kwiecie\u0144 2017<\/h2>\n\n\n\n<div data-wp-interactive=\"core\/file\" class=\"wp-block-file\"><object data-wp-bind--hidden=\"!state.hasPdfPreview\" hidden class=\"wp-block-file__embed\" data=\"https:\/\/wysokiemazowieckie.pl\/wp-content\/uploads\/2023\/01\/ECHOnr94.pdf\" type=\"application\/pdf\" style=\"width:100%;height:600px\" aria-label=\"Embed of ECHOnr94.\"><\/object><a id=\"wp-block-file--media-0b1470d7-1fce-46b2-9e45-3d389043a173\" href=\"https:\/\/wysokiemazowieckie.pl\/wp-content\/uploads\/2023\/01\/ECHOnr94.pdf\">ECHOnr94<\/a><a href=\"https:\/\/wysokiemazowieckie.pl\/wp-content\/uploads\/2023\/01\/ECHOnr94.pdf\" class=\"wp-block-file__button wp-element-button\" download aria-describedby=\"wp-block-file--media-0b1470d7-1fce-46b2-9e45-3d389043a173\">Pobierz<\/a><\/div>\n\n\n\n<h2 class=\"wp-block-heading\">Echo Wysokiego nr 95 maj-czerwiec 2017<\/h2>\n\n\n\n<div data-wp-interactive=\"core\/file\" class=\"wp-block-file\"><object data-wp-bind--hidden=\"!state.hasPdfPreview\" hidden class=\"wp-block-file__embed\" data=\"https:\/\/wysokiemazowieckie.pl\/wp-content\/uploads\/2023\/01\/ECHOnr95.pdf\" type=\"application\/pdf\" style=\"width:100%;height:600px\" aria-label=\"Embed of ECHOnr95.\"><\/object><a id=\"wp-block-file--media-18ac97c4-4476-4d04-9384-b28d3b24a9d0\" href=\"https:\/\/wysokiemazowieckie.pl\/wp-content\/uploads\/2023\/01\/ECHOnr95.pdf\">ECHOnr95<\/a><a href=\"https:\/\/wysokiemazowieckie.pl\/wp-content\/uploads\/2023\/01\/ECHOnr95.pdf\" class=\"wp-block-file__button wp-element-button\" download aria-describedby=\"wp-block-file--media-18ac97c4-4476-4d04-9384-b28d3b24a9d0\">Pobierz<\/a><\/div>\n\n\n\n<h2 class=\"wp-block-heading\">Echo Wysokiego nr 96 lipiec-sierpie\u0144 2017<\/h2>\n\n\n\n<div data-wp-interactive=\"core\/file\" class=\"wp-block-file\"><object data-wp-bind--hidden=\"!state.hasPdfPreview\" hidden class=\"wp-block-file__embed\" data=\"https:\/\/wysokiemazowieckie.pl\/wp-content\/uploads\/2023\/01\/ECHOnr96.pdf\" type=\"application\/pdf\" style=\"width:100%;height:600px\" aria-label=\"Embed of ECHOnr96.\"><\/object><a id=\"wp-block-file--media-b0298586-9b9d-4700-bee6-4b0ea02cd274\" href=\"https:\/\/wysokiemazowieckie.pl\/wp-content\/uploads\/2023\/01\/ECHOnr96.pdf\">ECHOnr96<\/a><a href=\"https:\/\/wysokiemazowieckie.pl\/wp-content\/uploads\/2023\/01\/ECHOnr96.pdf\" class=\"wp-block-file__button wp-element-button\" download aria-describedby=\"wp-block-file--media-b0298586-9b9d-4700-bee6-4b0ea02cd274\">Pobierz<\/a><\/div>\n\n\n\n<h2 class=\"wp-block-heading\">Echo Wysokiego nr 97 wrzesie\u0144-pa\u017adziernik 2017<\/h2>\n\n\n\n<div data-wp-interactive=\"core\/file\" class=\"wp-block-file\"><object data-wp-bind--hidden=\"!state.hasPdfPreview\" hidden class=\"wp-block-file__embed\" data=\"https:\/\/wysokiemazowieckie.pl\/wp-content\/uploads\/2023\/01\/ECHOnr97.pdf\" type=\"application\/pdf\" style=\"width:100%;height:600px\" aria-label=\"Embed of ECHOnr97.\"><\/object><a id=\"wp-block-file--media-a4b50680-e23b-48e9-a0d1-f7001af9e2c4\" href=\"https:\/\/wysokiemazowieckie.pl\/wp-content\/uploads\/2023\/01\/ECHOnr97.pdf\">ECHOnr97<\/a><a href=\"https:\/\/wysokiemazowieckie.pl\/wp-content\/uploads\/2023\/01\/ECHOnr97.pdf\" class=\"wp-block-file__button wp-element-button\" download aria-describedby=\"wp-block-file--media-a4b50680-e23b-48e9-a0d1-f7001af9e2c4\">Pobierz<\/a><\/div>\n\n\n\n<h2 class=\"wp-block-heading\">Echo Wysokiego nr 98 listopad-grudzie\u0144 2017<\/h2>\n\n\n\n<div data-wp-interactive=\"core\/file\" class=\"wp-block-file\"><object data-wp-bind--hidden=\"!state.hasPdfPreview\" hidden class=\"wp-block-file__embed\" data=\"https:\/\/wysokiemazowieckie.pl\/wp-content\/uploads\/2023\/01\/ECHOnr98.pdf\" type=\"application\/pdf\" style=\"width:100%;height:600px\" aria-label=\"Embed of ECHOnr98.\"><\/object><a id=\"wp-block-file--media-27a41035-1df8-4046-9bbc-e7bccff5d725\" href=\"https:\/\/wysokiemazowieckie.pl\/wp-content\/uploads\/2023\/01\/ECHOnr98.pdf\">ECHOnr98<\/a><a href=\"https:\/\/wysokiemazowieckie.pl\/wp-content\/uploads\/2023\/01\/ECHOnr98.pdf\" class=\"wp-block-file__button wp-element-button\" download aria-describedby=\"wp-block-file--media-27a41035-1df8-4046-9bbc-e7bccff5d725\">Pobierz<\/a><\/div>\n<p>Views: 53<\/p>","protected":false},"excerpt":{"rendered":"<p>Echo Wysokiego nr 93 stycze\u0144-luty 2017 Echo Wysokiego nr 94 marzec-kwiecie\u0144 2017 Echo Wysokiego nr 95 maj-czerwiec 2017 Echo Wysokiego nr 96 lipiec-sierpie\u0144 2017 Echo Wysokiego nr 97 wrzesie\u0144-pa\u017adziernik 2017 [&hellip;]<\/p>\n","protected":false},"author":8,"featured_media":0,"parent":0,"menu_order":0,"comment_status":"closed","ping_status":"closed","template":"","meta":{"site-sidebar-layout":"default","site-content-layout":"","ast-site-content-layout":"default","site-content-style":"default","site-sidebar-style":"default","ast-global-header-display":"","ast-banner-title-visibility":"","ast-main-header-display":"","ast-hfb-above-header-display":"","ast-hfb-below-header-display":"","ast-hfb-mobile-header-display":"","site-post-title":"","ast-breadcrumbs-content":"","ast-featured-img":"","footer-sml-layout":"","theme-transparent-header-meta":"","adv-header-id-meta":"","stick-header-meta":"","header-above-stick-meta":"","header-main-stick-meta":"","header-below-stick-meta":"","astra-migrate-meta-layouts":"default","ast-page-background-enabled":"default","ast-page-background-meta":{"desktop":{"background-color":"var(--ast-global-color-4)","background-image":"","background-repeat":"repeat","background-position":"center center","background-size":"auto","background-attachment":"scroll","background-type":"","background-media":"","overlay-type":"","overlay-color":"","overlay-opacity":"","overlay-gradient":""},"tablet":{"background-color":"","background-image":"","background-repeat":"repeat","background-position":"center center","background-size":"auto","background-attachment":"scroll","background-type":"","background-media":"","overlay-type":"","overlay-color":"","overlay-opacity":"","overlay-gradient":""},"mobile":{"background-color":"","background-image":"","background-repeat":"repeat","background-position":"center center","background-size":"auto","background-attachment":"scroll","background-type":"","background-media":"","overlay-type":"","overlay-color":"","overlay-opacity":"","overlay-gradient":""}},"ast-content-background-meta":{"desktop":{"background-color":"var(--ast-global-color-5)","background-image":"","background-repeat":"repeat","background-position":"center center","background-size":"auto","background-attachment":"scroll","background-type":"","background-media":"","overlay-type":"","overlay-color":"","overlay-opacity":"","overlay-gradient":""},"tablet":{"background-color":"var(--ast-global-color-5)","background-image":"","background-repeat":"repeat","background-position":"center center","background-size":"auto","background-attachment":"scroll","background-type":"","background-media":"","overlay-type":"","overlay-color":"","overlay-opacity":"","overlay-gradient":""},"mobile":{"background-color":"var(--ast-global-color-5)","background-image":"","background-repeat":"repeat","background-position":"center center","background-size":"auto","background-attachment":"scroll","background-type":"","background-media":"","overlay-type":"","overlay-color":"","overlay-opacity":"","overlay-gradient":""}},"footnotes":""},"class_list":["post-3260","page","type-page","status-publish","hentry"],"yoast_head":"<!-- This site is optimized with the Yoast SEO plugin v27.4 - https:\/\/yoast.com\/product\/yoast-seo-wordpress\/ -->\n<title>Echo Wysokiego 2017 - Wysokie Mazowieckie<\/title>\n<meta name=\"robots\" content=\"index, follow, max-snippet:-1, max-image-preview:large, max-video-preview:-1\" \/>\n<link rel=\"canonical\" href=\"https:\/\/wysokiemazowieckie.pl\/en\/echo-wysokiego-2017\/\" \/>\n<meta property=\"og:locale\" content=\"en_US\" \/>\n<meta property=\"og:type\" content=\"article\" \/>\n<meta property=\"og:title\" content=\"Echo Wysokiego 2017 - Wysokie Mazowieckie\" \/>\n<meta property=\"og:description\" content=\"Echo Wysokiego nr 93 stycze\u0144-luty 2017 Echo Wysokiego nr 94 marzec-kwiecie\u0144 2017 Echo Wysokiego nr 95 maj-czerwiec 2017 Echo Wysokiego nr 96 lipiec-sierpie\u0144 2017 Echo Wysokiego nr 97 wrzesie\u0144-pa\u017adziernik 2017 [&hellip;]\" \/>\n<meta property=\"og:url\" content=\"https:\/\/wysokiemazowieckie.pl\/en\/echo-wysokiego-2017\/\" \/>\n<meta property=\"og:site_name\" content=\"Wysokie Mazowieckie\" \/>\n<meta name=\"twitter:card\" content=\"summary_large_image\" \/>\n<meta name=\"twitter:label1\" content=\"Est. reading time\" \/>\n\t<meta name=\"twitter:data1\" content=\"1 minute\" \/>\n<script type=\"application\/ld+json\" class=\"yoast-schema-graph\">{\"@context\":\"https:\\\/\\\/schema.org\",\"@graph\":[{\"@type\":\"WebPage\",\"@id\":\"https:\\\/\\\/wysokiemazowieckie.pl\\\/en\\\/echo-wysokiego-2017\\\/\",\"url\":\"https:\\\/\\\/wysokiemazowieckie.pl\\\/en\\\/echo-wysokiego-2017\\\/\",\"name\":\"Echo Wysokiego 2017 - Wysokie Mazowieckie\",\"isPartOf\":{\"@id\":\"https:\\\/\\\/wysokiemazowieckie.pl\\\/#website\"},\"datePublished\":\"2023-01-19T16:22:42+00:00\",\"breadcrumb\":{\"@id\":\"https:\\\/\\\/wysokiemazowieckie.pl\\\/en\\\/echo-wysokiego-2017\\\/#breadcrumb\"},\"inLanguage\":\"en-US\",\"potentialAction\":[{\"@type\":\"ReadAction\",\"target\":[\"https:\\\/\\\/wysokiemazowieckie.pl\\\/en\\\/echo-wysokiego-2017\\\/\"]}]},{\"@type\":\"BreadcrumbList\",\"@id\":\"https:\\\/\\\/wysokiemazowieckie.pl\\\/en\\\/echo-wysokiego-2017\\\/#breadcrumb\",\"itemListElement\":[{\"@type\":\"ListItem\",\"position\":1,\"name\":\"Home\",\"item\":\"https:\\\/\\\/wysokiemazowieckie.pl\\\/en\\\/strona-glowna\\\/\"},{\"@type\":\"ListItem\",\"position\":2,\"name\":\"Echo Wysokiego 2017\"}]},{\"@type\":\"WebSite\",\"@id\":\"https:\\\/\\\/wysokiemazowieckie.pl\\\/#website\",\"url\":\"https:\\\/\\\/wysokiemazowieckie.pl\\\/\",\"name\":\"Wysokie Mazowieckie\",\"description\":\"City hall\",\"publisher\":{\"@id\":\"https:\\\/\\\/wysokiemazowieckie.pl\\\/#organization\"},\"potentialAction\":[{\"@type\":\"SearchAction\",\"target\":{\"@type\":\"EntryPoint\",\"urlTemplate\":\"https:\\\/\\\/wysokiemazowieckie.pl\\\/?s={search_term_string}\"},\"query-input\":{\"@type\":\"PropertyValueSpecification\",\"valueRequired\":true,\"valueName\":\"search_term_string\"}}],\"inLanguage\":\"en-US\"},{\"@type\":\"Organization\",\"@id\":\"https:\\\/\\\/wysokiemazowieckie.pl\\\/#organization\",\"name\":\"Wysokie Mazowieckie\",\"url\":\"https:\\\/\\\/wysokiemazowieckie.pl\\\/\",\"logo\":{\"@type\":\"ImageObject\",\"inLanguage\":\"en-US\",\"@id\":\"https:\\\/\\\/wysokiemazowieckie.pl\\\/#\\\/schema\\\/logo\\\/image\\\/\",\"url\":\"https:\\\/\\\/wysokiemazowieckie.pl\\\/wp-content\\\/uploads\\\/2022\\\/11\\\/herbWysokieMaz600.png\",\"contentUrl\":\"https:\\\/\\\/wysokiemazowieckie.pl\\\/wp-content\\\/uploads\\\/2022\\\/11\\\/herbWysokieMaz600.png\",\"width\":496,\"height\":600,\"caption\":\"Wysokie Mazowieckie\"},\"image\":{\"@id\":\"https:\\\/\\\/wysokiemazowieckie.pl\\\/#\\\/schema\\\/logo\\\/image\\\/\"}}]}<\/script>\n<!-- \/ Yoast SEO plugin. -->","yoast_head_json":{"title":"Echo Wysokiego 2017 - Wysokie Mazowieckie","robots":{"index":"index","follow":"follow","max-snippet":"max-snippet:-1","max-image-preview":"max-image-preview:large","max-video-preview":"max-video-preview:-1"},"canonical":"https:\/\/wysokiemazowieckie.pl\/en\/echo-wysokiego-2017\/","og_locale":"en_US","og_type":"article","og_title":"Echo Wysokiego 2017 - Wysokie Mazowieckie","og_description":"Echo Wysokiego nr 93 stycze\u0144-luty 2017 Echo Wysokiego nr 94 marzec-kwiecie\u0144 2017 Echo Wysokiego nr 95 maj-czerwiec 2017 Echo Wysokiego nr 96 lipiec-sierpie\u0144 2017 Echo Wysokiego nr 97 wrzesie\u0144-pa\u017adziernik 2017 [&hellip;]","og_url":"https:\/\/wysokiemazowieckie.pl\/en\/echo-wysokiego-2017\/","og_site_name":"Wysokie Mazowieckie","twitter_card":"summary_large_image","twitter_misc":{"Est. reading time":"1 minute"},"schema":{"@context":"https:\/\/schema.org","@graph":[{"@type":"WebPage","@id":"https:\/\/wysokiemazowieckie.pl\/en\/echo-wysokiego-2017\/","url":"https:\/\/wysokiemazowieckie.pl\/en\/echo-wysokiego-2017\/","name":"Echo Wysokiego 2017 - Wysokie Mazowieckie","isPartOf":{"@id":"https:\/\/wysokiemazowieckie.pl\/#website"},"datePublished":"2023-01-19T16:22:42+00:00","breadcrumb":{"@id":"https:\/\/wysokiemazowieckie.pl\/en\/echo-wysokiego-2017\/#breadcrumb"},"inLanguage":"en-US","potentialAction":[{"@type":"ReadAction","target":["https:\/\/wysokiemazowieckie.pl\/en\/echo-wysokiego-2017\/"]}]},{"@type":"BreadcrumbList","@id":"https:\/\/wysokiemazowieckie.pl\/en\/echo-wysokiego-2017\/#breadcrumb","itemListElement":[{"@type":"ListItem","position":1,"name":"Home","item":"https:\/\/wysokiemazowieckie.pl\/en\/strona-glowna\/"},{"@type":"ListItem","position":2,"name":"Echo Wysokiego 2017"}]},{"@type":"WebSite","@id":"https:\/\/wysokiemazowieckie.pl\/#website","url":"https:\/\/wysokiemazowieckie.pl\/","name":"Wysokie Mazowieckie","description":"City hall","publisher":{"@id":"https:\/\/wysokiemazowieckie.pl\/#organization"},"potentialAction":[{"@type":"SearchAction","target":{"@type":"EntryPoint","urlTemplate":"https:\/\/wysokiemazowieckie.pl\/?s={search_term_string}"},"query-input":{"@type":"PropertyValueSpecification","valueRequired":true,"valueName":"search_term_string"}}],"inLanguage":"en-US"},{"@type":"Organization","@id":"https:\/\/wysokiemazowieckie.pl\/#organization","name":"Wysokie Mazowieckie","url":"https:\/\/wysokiemazowieckie.pl\/","logo":{"@type":"ImageObject","inLanguage":"en-US","@id":"https:\/\/wysokiemazowieckie.pl\/#\/schema\/logo\/image\/","url":"https:\/\/wysokiemazowieckie.pl\/wp-content\/uploads\/2022\/11\/herbWysokieMaz600.png","contentUrl":"https:\/\/wysokiemazowieckie.pl\/wp-content\/uploads\/2022\/11\/herbWysokieMaz600.png","width":496,"height":600,"caption":"Wysokie Mazowieckie"},"image":{"@id":"https:\/\/wysokiemazowieckie.pl\/#\/schema\/logo\/image\/"}}]}},"_links":{"self":[{"href":"https:\/\/wysokiemazowieckie.pl\/en\/wp-json\/wp\/v2\/pages\/3260","targetHints":{"allow":["GET"]}}],"collection":[{"href":"https:\/\/wysokiemazowieckie.pl\/en\/wp-json\/wp\/v2\/pages"}],"about":[{"href":"https:\/\/wysokiemazowieckie.pl\/en\/wp-json\/wp\/v2\/types\/page"}],"author":[{"embeddable":true,"href":"https:\/\/wysokiemazowieckie.pl\/en\/wp-json\/wp\/v2\/users\/8"}],"replies":[{"embeddable":true,"href":"https:\/\/wysokiemazowieckie.pl\/en\/wp-json\/wp\/v2\/comments?post=3260"}],"version-history":[{"count":0,"href":"https:\/\/wysokiemazowieckie.pl\/en\/wp-json\/wp\/v2\/pages\/3260\/revisions"}],"wp:attachment":[{"href":"https:\/\/wysokiemazowieckie.pl\/en\/wp-json\/wp\/v2\/media?parent=3260"}],"curies":[{"name":"wp","href":"https:\/\/api.w.org\/{rel}","templated":true}]}}