{"id":3245,"date":"2023-01-19T15:44:54","date_gmt":"2023-01-19T14:44:54","guid":{"rendered":"https:\/\/wysokiemazowieckie.pl\/przydatne-strony\/"},"modified":"2023-01-19T15:44:54","modified_gmt":"2023-01-19T14:44:54","slug":"przydatne-strony","status":"publish","type":"page","link":"https:\/\/wysokiemazowieckie.pl\/en\/przydatne-strony\/","title":{"rendered":"Przydatne strony"},"content":{"rendered":"\n<p><a href=\"https:\/\/www.gov.pl\/web\/uw-podlaski\">Podlaski <\/a><a href=\"https:\/\/www.wysokiemazowieckie.pl\/index.php\/przydatne-strony?task=weblink.go&amp;id=1\">Urz\u0105d Wojew\u00f3dzki<\/a><\/p>\n\n\n\n<p><a href=\"https:\/\/www.wrotapodlasia.pl\/pl\/adm\/samorzad_woj\">Urz\u0105d Marsza\u0142kowski<\/a><\/p>\n\n\n\n<p><a href=\"https:\/\/www.wysokomazowiecki.pl\/\">Starostwo Powiatowe<\/a><\/p>\n\n\n\n<p><a href=\"http:\/\/www.bialystok.oip.pl\/\">Okr\u0119gowy Inspektorat Pracy<\/a><\/p>\n\n\n\n<p><a href=\"http:\/\/www.apraca.pl\/biwy\">Powiatowy Urz\u0105d Pracy<\/a><\/p>\n\n\n\n<p><a href=\"http:\/\/us-wysokiemazowieckie.pbip.pl\/\">Urz\u0105d Skarbowy<\/a><\/p>\n\n\n\n<p><a href=\"http:\/\/www.sadokregowy.4lomza.pl\/index.php?k=9\">S\u0105d Rejonowy<\/a><\/p>\n\n\n\n<p><a href=\"https:\/\/www.krus.gov.pl\/\">KRUS<\/a><\/p>\n\n\n\n<p><a href=\"https:\/\/psse-wysmaz.pbip.pl\/\">Powiatowa Stacja Sanitarno-Epidemiologiczna<\/a><\/p>\n\n\n\n<p><a href=\"https:\/\/www.wysokiemazowieckie.pl\/index.php\/przydatne-strony?task=weblink.go&amp;id=10\">Zak\u0142ad Energetyczny<\/a><\/p>\n\n\n\n<p><a href=\"http:\/\/www.is.biaman.pl\/\">Izba Skarbowa w Bia\u0142ymstoku<\/a><\/p>\n\n\n\n<p><a href=\"https:\/\/prod.ceidg.gov.pl\/ceidg.cms.engine\/\">Centralna Ewidencja i Informacja o Dzia\u0142alno\u015bci Gospodarczej<\/a><\/p>\n<p>Views: 57<\/p>","protected":false},"excerpt":{"rendered":"<p>Podlaski Urz\u0105d Wojew\u00f3dzki Urz\u0105d Marsza\u0142kowski Starostwo Powiatowe Okr\u0119gowy Inspektorat Pracy Powiatowy Urz\u0105d Pracy Urz\u0105d Skarbowy S\u0105d Rejonowy KRUS Powiatowa Stacja Sanitarno-Epidemiologiczna Zak\u0142ad Energetyczny Izba Skarbowa w Bia\u0142ymstoku Centralna Ewidencja i [&hellip;]<\/p>\n","protected":false},"author":8,"featured_media":0,"parent":0,"menu_order":0,"comment_status":"closed","ping_status":"closed","template":"","meta":{"site-sidebar-layout":"default","site-content-layout":"","ast-site-content-layout":"default","site-content-style":"default","site-sidebar-style":"default","ast-global-header-display":"","ast-banner-title-visibility":"","ast-main-header-display":"","ast-hfb-above-header-display":"","ast-hfb-below-header-display":"","ast-hfb-mobile-header-display":"","site-post-title":"","ast-breadcrumbs-content":"","ast-featured-img":"","footer-sml-layout":"","theme-transparent-header-meta":"","adv-header-id-meta":"","stick-header-meta":"","header-above-stick-meta":"","header-main-stick-meta":"","header-below-stick-meta":"","astra-migrate-meta-layouts":"default","ast-page-background-enabled":"default","ast-page-background-meta":{"desktop":{"background-color":"var(--ast-global-color-4)","background-image":"","background-repeat":"repeat","background-position":"center center","background-size":"auto","background-attachment":"scroll","background-type":"","background-media":"","overlay-type":"","overlay-color":"","overlay-opacity":"","overlay-gradient":""},"tablet":{"background-color":"","background-image":"","background-repeat":"repeat","background-position":"center center","background-size":"auto","background-attachment":"scroll","background-type":"","background-media":"","overlay-type":"","overlay-color":"","overlay-opacity":"","overlay-gradient":""},"mobile":{"background-color":"","background-image":"","background-repeat":"repeat","background-position":"center center","background-size":"auto","background-attachment":"scroll","background-type":"","background-media":"","overlay-type":"","overlay-color":"","overlay-opacity":"","overlay-gradient":""}},"ast-content-background-meta":{"desktop":{"background-color":"var(--ast-global-color-5)","background-image":"","background-repeat":"repeat","background-position":"center center","background-size":"auto","background-attachment":"scroll","background-type":"","background-media":"","overlay-type":"","overlay-color":"","overlay-opacity":"","overlay-gradient":""},"tablet":{"background-color":"var(--ast-global-color-5)","background-image":"","background-repeat":"repeat","background-position":"center center","background-size":"auto","background-attachment":"scroll","background-type":"","background-media":"","overlay-type":"","overlay-color":"","overlay-opacity":"","overlay-gradient":""},"mobile":{"background-color":"var(--ast-global-color-5)","background-image":"","background-repeat":"repeat","background-position":"center center","background-size":"auto","background-attachment":"scroll","background-type":"","background-media":"","overlay-type":"","overlay-color":"","overlay-opacity":"","overlay-gradient":""}},"footnotes":""},"class_list":["post-3245","page","type-page","status-publish","hentry"],"yoast_head":"<!-- This site is optimized with the Yoast SEO plugin v27.4 - https:\/\/yoast.com\/product\/yoast-seo-wordpress\/ -->\n<title>Przydatne strony - Wysokie Mazowieckie<\/title>\n<meta name=\"robots\" content=\"index, follow, max-snippet:-1, max-image-preview:large, max-video-preview:-1\" \/>\n<link rel=\"canonical\" href=\"https:\/\/wysokiemazowieckie.pl\/en\/przydatne-strony\/\" \/>\n<meta property=\"og:locale\" content=\"en_US\" \/>\n<meta property=\"og:type\" content=\"article\" \/>\n<meta property=\"og:title\" content=\"Przydatne strony - Wysokie Mazowieckie\" \/>\n<meta property=\"og:description\" content=\"Podlaski Urz\u0105d Wojew\u00f3dzki Urz\u0105d Marsza\u0142kowski Starostwo Powiatowe Okr\u0119gowy Inspektorat Pracy Powiatowy Urz\u0105d Pracy Urz\u0105d Skarbowy S\u0105d Rejonowy KRUS Powiatowa Stacja Sanitarno-Epidemiologiczna Zak\u0142ad Energetyczny Izba Skarbowa w Bia\u0142ymstoku Centralna Ewidencja i [&hellip;]\" \/>\n<meta property=\"og:url\" content=\"https:\/\/wysokiemazowieckie.pl\/en\/przydatne-strony\/\" \/>\n<meta property=\"og:site_name\" content=\"Wysokie Mazowieckie\" \/>\n<meta name=\"twitter:card\" content=\"summary_large_image\" \/>\n<meta name=\"twitter:label1\" content=\"Est. reading time\" \/>\n\t<meta name=\"twitter:data1\" content=\"1 minute\" \/>\n<script type=\"application\/ld+json\" class=\"yoast-schema-graph\">{\"@context\":\"https:\\\/\\\/schema.org\",\"@graph\":[{\"@type\":\"WebPage\",\"@id\":\"https:\\\/\\\/wysokiemazowieckie.pl\\\/en\\\/przydatne-strony\\\/\",\"url\":\"https:\\\/\\\/wysokiemazowieckie.pl\\\/en\\\/przydatne-strony\\\/\",\"name\":\"Przydatne strony - Wysokie Mazowieckie\",\"isPartOf\":{\"@id\":\"https:\\\/\\\/wysokiemazowieckie.pl\\\/#website\"},\"datePublished\":\"2023-01-19T14:44:54+00:00\",\"breadcrumb\":{\"@id\":\"https:\\\/\\\/wysokiemazowieckie.pl\\\/en\\\/przydatne-strony\\\/#breadcrumb\"},\"inLanguage\":\"en-US\",\"potentialAction\":[{\"@type\":\"ReadAction\",\"target\":[\"https:\\\/\\\/wysokiemazowieckie.pl\\\/en\\\/przydatne-strony\\\/\"]}]},{\"@type\":\"BreadcrumbList\",\"@id\":\"https:\\\/\\\/wysokiemazowieckie.pl\\\/en\\\/przydatne-strony\\\/#breadcrumb\",\"itemListElement\":[{\"@type\":\"ListItem\",\"position\":1,\"name\":\"Home\",\"item\":\"https:\\\/\\\/wysokiemazowieckie.pl\\\/en\\\/strona-glowna\\\/\"},{\"@type\":\"ListItem\",\"position\":2,\"name\":\"Przydatne strony\"}]},{\"@type\":\"WebSite\",\"@id\":\"https:\\\/\\\/wysokiemazowieckie.pl\\\/#website\",\"url\":\"https:\\\/\\\/wysokiemazowieckie.pl\\\/\",\"name\":\"Wysokie Mazowieckie\",\"description\":\"City hall\",\"publisher\":{\"@id\":\"https:\\\/\\\/wysokiemazowieckie.pl\\\/#organization\"},\"potentialAction\":[{\"@type\":\"SearchAction\",\"target\":{\"@type\":\"EntryPoint\",\"urlTemplate\":\"https:\\\/\\\/wysokiemazowieckie.pl\\\/?s={search_term_string}\"},\"query-input\":{\"@type\":\"PropertyValueSpecification\",\"valueRequired\":true,\"valueName\":\"search_term_string\"}}],\"inLanguage\":\"en-US\"},{\"@type\":\"Organization\",\"@id\":\"https:\\\/\\\/wysokiemazowieckie.pl\\\/#organization\",\"name\":\"Wysokie Mazowieckie\",\"url\":\"https:\\\/\\\/wysokiemazowieckie.pl\\\/\",\"logo\":{\"@type\":\"ImageObject\",\"inLanguage\":\"en-US\",\"@id\":\"https:\\\/\\\/wysokiemazowieckie.pl\\\/#\\\/schema\\\/logo\\\/image\\\/\",\"url\":\"https:\\\/\\\/wysokiemazowieckie.pl\\\/wp-content\\\/uploads\\\/2022\\\/11\\\/herbWysokieMaz600.png\",\"contentUrl\":\"https:\\\/\\\/wysokiemazowieckie.pl\\\/wp-content\\\/uploads\\\/2022\\\/11\\\/herbWysokieMaz600.png\",\"width\":496,\"height\":600,\"caption\":\"Wysokie Mazowieckie\"},\"image\":{\"@id\":\"https:\\\/\\\/wysokiemazowieckie.pl\\\/#\\\/schema\\\/logo\\\/image\\\/\"}}]}<\/script>\n<!-- \/ Yoast SEO plugin. -->","yoast_head_json":{"title":"Przydatne strony - Wysokie Mazowieckie","robots":{"index":"index","follow":"follow","max-snippet":"max-snippet:-1","max-image-preview":"max-image-preview:large","max-video-preview":"max-video-preview:-1"},"canonical":"https:\/\/wysokiemazowieckie.pl\/en\/przydatne-strony\/","og_locale":"en_US","og_type":"article","og_title":"Przydatne strony - Wysokie Mazowieckie","og_description":"Podlaski Urz\u0105d Wojew\u00f3dzki Urz\u0105d Marsza\u0142kowski Starostwo Powiatowe Okr\u0119gowy Inspektorat Pracy Powiatowy Urz\u0105d Pracy Urz\u0105d Skarbowy S\u0105d Rejonowy KRUS Powiatowa Stacja Sanitarno-Epidemiologiczna Zak\u0142ad Energetyczny Izba Skarbowa w Bia\u0142ymstoku Centralna Ewidencja i [&hellip;]","og_url":"https:\/\/wysokiemazowieckie.pl\/en\/przydatne-strony\/","og_site_name":"Wysokie Mazowieckie","twitter_card":"summary_large_image","twitter_misc":{"Est. reading time":"1 minute"},"schema":{"@context":"https:\/\/schema.org","@graph":[{"@type":"WebPage","@id":"https:\/\/wysokiemazowieckie.pl\/en\/przydatne-strony\/","url":"https:\/\/wysokiemazowieckie.pl\/en\/przydatne-strony\/","name":"Przydatne strony - Wysokie Mazowieckie","isPartOf":{"@id":"https:\/\/wysokiemazowieckie.pl\/#website"},"datePublished":"2023-01-19T14:44:54+00:00","breadcrumb":{"@id":"https:\/\/wysokiemazowieckie.pl\/en\/przydatne-strony\/#breadcrumb"},"inLanguage":"en-US","potentialAction":[{"@type":"ReadAction","target":["https:\/\/wysokiemazowieckie.pl\/en\/przydatne-strony\/"]}]},{"@type":"BreadcrumbList","@id":"https:\/\/wysokiemazowieckie.pl\/en\/przydatne-strony\/#breadcrumb","itemListElement":[{"@type":"ListItem","position":1,"name":"Home","item":"https:\/\/wysokiemazowieckie.pl\/en\/strona-glowna\/"},{"@type":"ListItem","position":2,"name":"Przydatne strony"}]},{"@type":"WebSite","@id":"https:\/\/wysokiemazowieckie.pl\/#website","url":"https:\/\/wysokiemazowieckie.pl\/","name":"Wysokie Mazowieckie","description":"City hall","publisher":{"@id":"https:\/\/wysokiemazowieckie.pl\/#organization"},"potentialAction":[{"@type":"SearchAction","target":{"@type":"EntryPoint","urlTemplate":"https:\/\/wysokiemazowieckie.pl\/?s={search_term_string}"},"query-input":{"@type":"PropertyValueSpecification","valueRequired":true,"valueName":"search_term_string"}}],"inLanguage":"en-US"},{"@type":"Organization","@id":"https:\/\/wysokiemazowieckie.pl\/#organization","name":"Wysokie Mazowieckie","url":"https:\/\/wysokiemazowieckie.pl\/","logo":{"@type":"ImageObject","inLanguage":"en-US","@id":"https:\/\/wysokiemazowieckie.pl\/#\/schema\/logo\/image\/","url":"https:\/\/wysokiemazowieckie.pl\/wp-content\/uploads\/2022\/11\/herbWysokieMaz600.png","contentUrl":"https:\/\/wysokiemazowieckie.pl\/wp-content\/uploads\/2022\/11\/herbWysokieMaz600.png","width":496,"height":600,"caption":"Wysokie Mazowieckie"},"image":{"@id":"https:\/\/wysokiemazowieckie.pl\/#\/schema\/logo\/image\/"}}]}},"_links":{"self":[{"href":"https:\/\/wysokiemazowieckie.pl\/en\/wp-json\/wp\/v2\/pages\/3245","targetHints":{"allow":["GET"]}}],"collection":[{"href":"https:\/\/wysokiemazowieckie.pl\/en\/wp-json\/wp\/v2\/pages"}],"about":[{"href":"https:\/\/wysokiemazowieckie.pl\/en\/wp-json\/wp\/v2\/types\/page"}],"author":[{"embeddable":true,"href":"https:\/\/wysokiemazowieckie.pl\/en\/wp-json\/wp\/v2\/users\/8"}],"replies":[{"embeddable":true,"href":"https:\/\/wysokiemazowieckie.pl\/en\/wp-json\/wp\/v2\/comments?post=3245"}],"version-history":[{"count":0,"href":"https:\/\/wysokiemazowieckie.pl\/en\/wp-json\/wp\/v2\/pages\/3245\/revisions"}],"wp:attachment":[{"href":"https:\/\/wysokiemazowieckie.pl\/en\/wp-json\/wp\/v2\/media?parent=3245"}],"curies":[{"name":"wp","href":"https:\/\/api.w.org\/{rel}","templated":true}]}}