{"id":3191,"date":"2023-01-19T11:53:17","date_gmt":"2023-01-19T10:53:17","guid":{"rendered":"https:\/\/wysokiemazowieckie.pl\/o-projekcie\/"},"modified":"2023-01-19T11:53:17","modified_gmt":"2023-01-19T10:53:17","slug":"o-projekcie","status":"publish","type":"page","link":"https:\/\/wysokiemazowieckie.pl\/en\/o-projekcie\/","title":{"rendered":"O projekcie"},"content":{"rendered":"\n<p>Gmina Miejska Wysokie Mazowieckie przyst\u0105pi\u0142a do projektu &nbsp;<strong>\u201eKonsultacje dokument\u00f3w planistycznych w podlaskich gminach \u2013 edycja II\u201d<\/strong>&nbsp;&nbsp;realizowanego przez&nbsp;Federacj\u0119 Stowarzysze\u0144 Naukowo-Technicznych NOT w Bia\u0142ymstoku&nbsp;w partnerstwie z&nbsp;Podlaskim Biurem Planowania Przestrzennego&nbsp;i&nbsp;Fundacj\u0105 Inicjatyw Regionalnych \u201eProgres\u201d&nbsp;w ramach Programu Operacyjnego Wiedza Edukacja Rozw\u00f3j 2014-2020 wsp\u00f3\u0142finansowanego ze \u015brodk\u00f3w Europejskiego Funduszu Spo\u0142ecznego.<\/p>\n\n\n\n<p>Celem g\u0142\u00f3wnym projektu&nbsp;jest usprawnienie i przyspieszenie proces\u00f3w planowania zagospodarowania przestrzennego w gminach wojew\u00f3dztwa podlaskiego. G\u0142\u00f3wne rezultaty projektu to:<\/p>\n\n\n\n<ul class=\"wp-block-list\">\n<li>przeprowadzone poszerzone (wykraczaj\u0105ce poza wymogi nak\u0142adane na gminy na mocy przepis\u00f3w) konsultacje dokument\u00f3w dotycz\u0105cych planowania przestrzennego,<\/li>\n\n\n\n<li>przed\u0142o\u017cone do zatwierdzenia dokumenty dotycz\u0105ce planowania przestrzennego,<\/li>\n\n\n\n<li>unikalne, internetowe narz\u0119dzie konsultacyjne, oparte na systemie informacji przestrzennej.<\/li>\n<\/ul>\n\n\n\n<h2 class=\"wp-block-heading\" style=\"margin-top:15px\"><strong>Korzy\u015bci dla miasta Wysokie Mazowieckie<\/strong><\/h2>\n\n\n\n<p>W ramach projektu Gmina Miejska Wysokie Mazowieckie zostanie obj\u0119ta wsparciem (finansowym, organizacyjnym i merytorycznym) w prowadzeniu pog\u0142\u0119bionych konsultacji spo\u0142ecznych miejscowego planu zagospodarowania przestrzennego dla terenu po\u0142o\u017conego przy ulicy Bia\u0142ostockiej (Uchwa\u0142a nr XVIII\/100\/2020 Rady Miasta Wysokie Mazowieckie<br>z dnia 25 czerwca 2020 r. w sprawie przyst\u0105pienia do sporz\u0105dzenia miejscowego planu zagospodarowania przestrzennego dla terenu po\u0142o\u017conego przy ulicy Bia\u0142ostockiej).<\/p>\n\n\n\n<p>Przez pog\u0142\u0119bione konsultacje rozumie si\u0119&nbsp;<strong>konsultacje wykraczaj\u0105ce poza wymogi nak\u0142adane na gminy<\/strong>&nbsp;na mocy przepis\u00f3w ustawy z dnia 27 marca 2003 r. o planowaniu i zagospodarowaniu przestrzennym. Konsultacje takie s\u0105 wa\u017cnym elementem procesu planowania, a ich prawid\u0142owe przeprowadzenie wp\u0142ywa bezpo\u015brednio na usprawnienie proces\u00f3w inwestycyjnych w gminie. W ramach projektu pracownicy samorz\u0105dowi w gminach otrzymaj\u0105 m.in. pomoc w postaci szkole\u0144 i doradztwa dotycz\u0105cego zagadnie\u0144 zwi\u0105zanych z planowaniem i zagospodarowaniem przestrzennym, oraz innowacyjnych metod i narz\u0119dzi (w szczeg\u00f3lno\u015bci narz\u0119dzie typu GIS) prowadzenia konsultacji spo\u0142ecznych projekt\u00f3w dokument\u00f3w planistycznych. Pozwoli to na trwa\u0142e zwi\u0119kszenie potencja\u0142u instytucjonalnego gminy w tym zakresie.<\/p>\n\n\n\n<p>Dla Gminy Miejskiej Wysokie Mazowieckie zosta\u0142 opracowany Indywidualny Plan Konsultacji uwzgl\u0119dniaj\u0105cy jej potrzeby i specyfik\u0119. Na realizacj\u0119 opracowanego planu gmina otrzyma\u0142a dotacj\u0119 w formie&nbsp;<strong>grantu w wysoko\u015bci 30 660,00 z\u0142 oraz techniczne i merytoryczne wsparcie eksperckie.<\/strong><\/p>\n\n\n\n<h3 class=\"wp-block-heading\"><strong>Cele konsultacji w mie\u015bcie Wysokie Mazowieckie<\/strong><\/h3>\n\n\n\n<ul class=\"wp-block-list\">\n<li>poinformowanie lokalnej spo\u0142eczno\u015bci o projekcie dokumentu planistycznego i&nbsp;aspektach wynikaj\u0105cych z uaktualnienia rozwi\u0105za\u0144 funkcjonalno-przestrzennych,<\/li>\n\n\n\n<li>dotarcie do jak najszerszej grupy os\u00f3b zainteresowanych ustaleniami miejscowego planu zagospodarowania przestrzennego z informacj\u0105 o mo\u017cliwo\u015bci uczestniczenia<br>w procesie planistycznym oraz zebranie uwag mieszka\u0144c\u00f3w do projektu miejscowego planu zagospodarowania przestrzennego dla terenu po\u0142o\u017conego przy ulicy Bia\u0142ostockiej,<\/li>\n\n\n\n<li>wdro\u017cenie nowych metod debaty publicznej na temat projektu dokumentu i szeroko poj\u0119tych konsultacji spo\u0142ecznych.<\/li>\n<\/ul>\n\n\n\n<h3 class=\"wp-block-heading\" style=\"margin-top:15px\"><strong>Przedmiot konsultacji:<\/strong><\/h3>\n\n\n\n<p>Uchwa\u0142a nr XVIII\/100\/2020 Rady Miasta Wysokie Mazowieckie z dnia 25 czerwca 2020 r. w sprawie przyst\u0105pienia do sporz\u0105dzenia miejscowego planu zagospodarowania przestrzennego dla terenu po\u0142o\u017conego przy ulicy Bia\u0142ostockiej.<\/p>\n<p>Views: 3<\/p>","protected":false},"excerpt":{"rendered":"<p>Gmina Miejska Wysokie Mazowieckie przyst\u0105pi\u0142a do projektu &nbsp;\u201eKonsultacje dokument\u00f3w planistycznych w podlaskich gminach \u2013 edycja II\u201d&nbsp;&nbsp;realizowanego przez&nbsp;Federacj\u0119 Stowarzysze\u0144 Naukowo-Technicznych NOT w Bia\u0142ymstoku&nbsp;w partnerstwie z&nbsp;Podlaskim Biurem Planowania Przestrzennego&nbsp;i&nbsp;Fundacj\u0105 Inicjatyw Regionalnych \u201eProgres\u201d&nbsp;w [&hellip;]<\/p>\n","protected":false},"author":8,"featured_media":0,"parent":0,"menu_order":0,"comment_status":"closed","ping_status":"closed","template":"","meta":{"site-sidebar-layout":"default","site-content-layout":"","ast-site-content-layout":"default","site-content-style":"default","site-sidebar-style":"default","ast-global-header-display":"","ast-banner-title-visibility":"","ast-main-header-display":"","ast-hfb-above-header-display":"","ast-hfb-below-header-display":"","ast-hfb-mobile-header-display":"","site-post-title":"","ast-breadcrumbs-content":"","ast-featured-img":"","footer-sml-layout":"","theme-transparent-header-meta":"","adv-header-id-meta":"","stick-header-meta":"","header-above-stick-meta":"","header-main-stick-meta":"","header-below-stick-meta":"","astra-migrate-meta-layouts":"default","ast-page-background-enabled":"default","ast-page-background-meta":{"desktop":{"background-color":"var(--ast-global-color-4)","background-image":"","background-repeat":"repeat","background-position":"center center","background-size":"auto","background-attachment":"scroll","background-type":"","background-media":"","overlay-type":"","overlay-color":"","overlay-opacity":"","overlay-gradient":""},"tablet":{"background-color":"","background-image":"","background-repeat":"repeat","background-position":"center center","background-size":"auto","background-attachment":"scroll","background-type":"","background-media":"","overlay-type":"","overlay-color":"","overlay-opacity":"","overlay-gradient":""},"mobile":{"background-color":"","background-image":"","background-repeat":"repeat","background-position":"center center","background-size":"auto","background-attachment":"scroll","background-type":"","background-media":"","overlay-type":"","overlay-color":"","overlay-opacity":"","overlay-gradient":""}},"ast-content-background-meta":{"desktop":{"background-color":"var(--ast-global-color-5)","background-image":"","background-repeat":"repeat","background-position":"center center","background-size":"auto","background-attachment":"scroll","background-type":"","background-media":"","overlay-type":"","overlay-color":"","overlay-opacity":"","overlay-gradient":""},"tablet":{"background-color":"var(--ast-global-color-5)","background-image":"","background-repeat":"repeat","background-position":"center center","background-size":"auto","background-attachment":"scroll","background-type":"","background-media":"","overlay-type":"","overlay-color":"","overlay-opacity":"","overlay-gradient":""},"mobile":{"background-color":"var(--ast-global-color-5)","background-image":"","background-repeat":"repeat","background-position":"center center","background-size":"auto","background-attachment":"scroll","background-type":"","background-media":"","overlay-type":"","overlay-color":"","overlay-opacity":"","overlay-gradient":""}},"footnotes":""},"class_list":["post-3191","page","type-page","status-publish","hentry"],"yoast_head":"<!-- This site is optimized with the Yoast SEO plugin v27.4 - https:\/\/yoast.com\/product\/yoast-seo-wordpress\/ -->\n<title>O projekcie - Wysokie Mazowieckie<\/title>\n<meta name=\"robots\" content=\"index, follow, max-snippet:-1, max-image-preview:large, max-video-preview:-1\" \/>\n<link rel=\"canonical\" href=\"https:\/\/wysokiemazowieckie.pl\/en\/o-projekcie\/\" \/>\n<meta property=\"og:locale\" content=\"en_US\" \/>\n<meta property=\"og:type\" content=\"article\" \/>\n<meta property=\"og:title\" content=\"O projekcie - Wysokie Mazowieckie\" \/>\n<meta property=\"og:description\" content=\"Gmina Miejska Wysokie Mazowieckie przyst\u0105pi\u0142a do projektu &nbsp;\u201eKonsultacje dokument\u00f3w planistycznych w podlaskich gminach \u2013 edycja II\u201d&nbsp;&nbsp;realizowanego przez&nbsp;Federacj\u0119 Stowarzysze\u0144 Naukowo-Technicznych NOT w Bia\u0142ymstoku&nbsp;w partnerstwie z&nbsp;Podlaskim Biurem Planowania Przestrzennego&nbsp;i&nbsp;Fundacj\u0105 Inicjatyw Regionalnych \u201eProgres\u201d&nbsp;w [&hellip;]\" \/>\n<meta property=\"og:url\" content=\"https:\/\/wysokiemazowieckie.pl\/en\/o-projekcie\/\" \/>\n<meta property=\"og:site_name\" content=\"Wysokie Mazowieckie\" \/>\n<meta name=\"twitter:card\" content=\"summary_large_image\" \/>\n<meta name=\"twitter:label1\" content=\"Est. reading time\" \/>\n\t<meta name=\"twitter:data1\" content=\"3 minutes\" \/>\n<script type=\"application\/ld+json\" class=\"yoast-schema-graph\">{\"@context\":\"https:\\\/\\\/schema.org\",\"@graph\":[{\"@type\":\"WebPage\",\"@id\":\"https:\\\/\\\/wysokiemazowieckie.pl\\\/en\\\/o-projekcie\\\/\",\"url\":\"https:\\\/\\\/wysokiemazowieckie.pl\\\/en\\\/o-projekcie\\\/\",\"name\":\"O projekcie - Wysokie Mazowieckie\",\"isPartOf\":{\"@id\":\"https:\\\/\\\/wysokiemazowieckie.pl\\\/#website\"},\"datePublished\":\"2023-01-19T10:53:17+00:00\",\"breadcrumb\":{\"@id\":\"https:\\\/\\\/wysokiemazowieckie.pl\\\/en\\\/o-projekcie\\\/#breadcrumb\"},\"inLanguage\":\"en-US\",\"potentialAction\":[{\"@type\":\"ReadAction\",\"target\":[\"https:\\\/\\\/wysokiemazowieckie.pl\\\/en\\\/o-projekcie\\\/\"]}]},{\"@type\":\"BreadcrumbList\",\"@id\":\"https:\\\/\\\/wysokiemazowieckie.pl\\\/en\\\/o-projekcie\\\/#breadcrumb\",\"itemListElement\":[{\"@type\":\"ListItem\",\"position\":1,\"name\":\"Home\",\"item\":\"https:\\\/\\\/wysokiemazowieckie.pl\\\/en\\\/strona-glowna\\\/\"},{\"@type\":\"ListItem\",\"position\":2,\"name\":\"O projekcie\"}]},{\"@type\":\"WebSite\",\"@id\":\"https:\\\/\\\/wysokiemazowieckie.pl\\\/#website\",\"url\":\"https:\\\/\\\/wysokiemazowieckie.pl\\\/\",\"name\":\"Wysokie Mazowieckie\",\"description\":\"City hall\",\"publisher\":{\"@id\":\"https:\\\/\\\/wysokiemazowieckie.pl\\\/#organization\"},\"potentialAction\":[{\"@type\":\"SearchAction\",\"target\":{\"@type\":\"EntryPoint\",\"urlTemplate\":\"https:\\\/\\\/wysokiemazowieckie.pl\\\/?s={search_term_string}\"},\"query-input\":{\"@type\":\"PropertyValueSpecification\",\"valueRequired\":true,\"valueName\":\"search_term_string\"}}],\"inLanguage\":\"en-US\"},{\"@type\":\"Organization\",\"@id\":\"https:\\\/\\\/wysokiemazowieckie.pl\\\/#organization\",\"name\":\"Wysokie Mazowieckie\",\"url\":\"https:\\\/\\\/wysokiemazowieckie.pl\\\/\",\"logo\":{\"@type\":\"ImageObject\",\"inLanguage\":\"en-US\",\"@id\":\"https:\\\/\\\/wysokiemazowieckie.pl\\\/#\\\/schema\\\/logo\\\/image\\\/\",\"url\":\"https:\\\/\\\/wysokiemazowieckie.pl\\\/wp-content\\\/uploads\\\/2022\\\/11\\\/herbWysokieMaz600.png\",\"contentUrl\":\"https:\\\/\\\/wysokiemazowieckie.pl\\\/wp-content\\\/uploads\\\/2022\\\/11\\\/herbWysokieMaz600.png\",\"width\":496,\"height\":600,\"caption\":\"Wysokie Mazowieckie\"},\"image\":{\"@id\":\"https:\\\/\\\/wysokiemazowieckie.pl\\\/#\\\/schema\\\/logo\\\/image\\\/\"}}]}<\/script>\n<!-- \/ Yoast SEO plugin. -->","yoast_head_json":{"title":"O projekcie - Wysokie Mazowieckie","robots":{"index":"index","follow":"follow","max-snippet":"max-snippet:-1","max-image-preview":"max-image-preview:large","max-video-preview":"max-video-preview:-1"},"canonical":"https:\/\/wysokiemazowieckie.pl\/en\/o-projekcie\/","og_locale":"en_US","og_type":"article","og_title":"O projekcie - Wysokie Mazowieckie","og_description":"Gmina Miejska Wysokie Mazowieckie przyst\u0105pi\u0142a do projektu &nbsp;\u201eKonsultacje dokument\u00f3w planistycznych w podlaskich gminach \u2013 edycja II\u201d&nbsp;&nbsp;realizowanego przez&nbsp;Federacj\u0119 Stowarzysze\u0144 Naukowo-Technicznych NOT w Bia\u0142ymstoku&nbsp;w partnerstwie z&nbsp;Podlaskim Biurem Planowania Przestrzennego&nbsp;i&nbsp;Fundacj\u0105 Inicjatyw Regionalnych \u201eProgres\u201d&nbsp;w [&hellip;]","og_url":"https:\/\/wysokiemazowieckie.pl\/en\/o-projekcie\/","og_site_name":"Wysokie Mazowieckie","twitter_card":"summary_large_image","twitter_misc":{"Est. reading time":"3 minutes"},"schema":{"@context":"https:\/\/schema.org","@graph":[{"@type":"WebPage","@id":"https:\/\/wysokiemazowieckie.pl\/en\/o-projekcie\/","url":"https:\/\/wysokiemazowieckie.pl\/en\/o-projekcie\/","name":"O projekcie - Wysokie Mazowieckie","isPartOf":{"@id":"https:\/\/wysokiemazowieckie.pl\/#website"},"datePublished":"2023-01-19T10:53:17+00:00","breadcrumb":{"@id":"https:\/\/wysokiemazowieckie.pl\/en\/o-projekcie\/#breadcrumb"},"inLanguage":"en-US","potentialAction":[{"@type":"ReadAction","target":["https:\/\/wysokiemazowieckie.pl\/en\/o-projekcie\/"]}]},{"@type":"BreadcrumbList","@id":"https:\/\/wysokiemazowieckie.pl\/en\/o-projekcie\/#breadcrumb","itemListElement":[{"@type":"ListItem","position":1,"name":"Home","item":"https:\/\/wysokiemazowieckie.pl\/en\/strona-glowna\/"},{"@type":"ListItem","position":2,"name":"O projekcie"}]},{"@type":"WebSite","@id":"https:\/\/wysokiemazowieckie.pl\/#website","url":"https:\/\/wysokiemazowieckie.pl\/","name":"Wysokie Mazowieckie","description":"City hall","publisher":{"@id":"https:\/\/wysokiemazowieckie.pl\/#organization"},"potentialAction":[{"@type":"SearchAction","target":{"@type":"EntryPoint","urlTemplate":"https:\/\/wysokiemazowieckie.pl\/?s={search_term_string}"},"query-input":{"@type":"PropertyValueSpecification","valueRequired":true,"valueName":"search_term_string"}}],"inLanguage":"en-US"},{"@type":"Organization","@id":"https:\/\/wysokiemazowieckie.pl\/#organization","name":"Wysokie Mazowieckie","url":"https:\/\/wysokiemazowieckie.pl\/","logo":{"@type":"ImageObject","inLanguage":"en-US","@id":"https:\/\/wysokiemazowieckie.pl\/#\/schema\/logo\/image\/","url":"https:\/\/wysokiemazowieckie.pl\/wp-content\/uploads\/2022\/11\/herbWysokieMaz600.png","contentUrl":"https:\/\/wysokiemazowieckie.pl\/wp-content\/uploads\/2022\/11\/herbWysokieMaz600.png","width":496,"height":600,"caption":"Wysokie Mazowieckie"},"image":{"@id":"https:\/\/wysokiemazowieckie.pl\/#\/schema\/logo\/image\/"}}]}},"_links":{"self":[{"href":"https:\/\/wysokiemazowieckie.pl\/en\/wp-json\/wp\/v2\/pages\/3191","targetHints":{"allow":["GET"]}}],"collection":[{"href":"https:\/\/wysokiemazowieckie.pl\/en\/wp-json\/wp\/v2\/pages"}],"about":[{"href":"https:\/\/wysokiemazowieckie.pl\/en\/wp-json\/wp\/v2\/types\/page"}],"author":[{"embeddable":true,"href":"https:\/\/wysokiemazowieckie.pl\/en\/wp-json\/wp\/v2\/users\/8"}],"replies":[{"embeddable":true,"href":"https:\/\/wysokiemazowieckie.pl\/en\/wp-json\/wp\/v2\/comments?post=3191"}],"version-history":[{"count":0,"href":"https:\/\/wysokiemazowieckie.pl\/en\/wp-json\/wp\/v2\/pages\/3191\/revisions"}],"wp:attachment":[{"href":"https:\/\/wysokiemazowieckie.pl\/en\/wp-json\/wp\/v2\/media?parent=3191"}],"curies":[{"name":"wp","href":"https:\/\/api.w.org\/{rel}","templated":true}]}}